{"id":500394,"date":"2024-07-18T09:57:16","date_gmt":"2024-07-18T07:57:16","guid":{"rendered":"https:\/\/arcasgruber.com\/sem%20categoria\/cofre-forte-monobloco-c1215\/"},"modified":"2026-01-15T13:51:19","modified_gmt":"2026-01-15T12:51:19","slug":"cofre-forte-monobloco-c1215","status":"publish","type":"product","link":"https:\/\/arcasgruber.com\/pt-pt\/cofres-fortes\/cofres-com-abertura\/cofre-forte-monobloco-c1215\/","title":{"rendered":"Cofre forte monobloco C1215"},"content":{"rendered":"<h2 id=\"descricao-detalhada\"><strong>Cofre Forte Monobloco C1215: M\u00e1xima Seguran\u00e7a<\/strong><\/h2>\n<p>O <strong>cofre forte monobloco C1215<\/strong> da <strong>Arcas Gruber<\/strong> \u00e9 projetado para proporcionar a m\u00e1xima seguran\u00e7a para supermercados e restaurantes.<\/p>\n<hr \/>\n<h3>Caracter\u00edsticas Principais do Cofre Forte Monobloco C1215<\/h3>\n<ul>\n<li><strong>Dimens\u00f5es Externas:<\/strong> 1215 x 530 x 415 mm (Altura x Largura x Profundidade)<\/li>\n<li><strong>Peso:<\/strong> 400 kg<\/li>\n<li><strong>Volume:<\/strong> 125 litros<\/li>\n<li><strong>Profundidade da Porta:<\/strong> 80 mm<\/li>\n<li><strong>Delatores Internos:<\/strong> Anti-roubo<\/li>\n<\/ul>\n<hr \/>\n<h3>Sistema de Constru\u00e7\u00e3o<\/h3>\n<ul>\n<li><strong>Espessura das Paredes:<\/strong> 55 mm<\/li>\n<li><strong>Espessura da Porta:<\/strong> 80 mm<\/li>\n<li><strong>Abertura:<\/strong> Dobradi\u00e7as ajust\u00e1veis instaladas no lado direito e esquerdo das portas<\/li>\n<li><strong>\u00c2ngulo de Abertura:<\/strong> 180\u00b0 com sistema de dobradi\u00e7as anti-serra<\/li>\n<\/ul>\n<hr \/>\n<h3>Configura\u00e7\u00e3o B\u00e1sica<\/h3>\n<ul>\n<li>Fechaduras de gorges com chave de 2 palhet\u00f5es Vds (2 chaves inclu\u00eddas)<\/li>\n<li>Pintura de poliuretano com efeito texturizado em cinza escuro<\/li>\n<li>Sistema de ancoragem na base do cofre<\/li>\n<\/ul>\n<hr \/>\n<h3>Explore Mais Op\u00e7\u00f5es de Cofres Fortes<\/h3>\n<p>Se voc\u00ea precisa de outro tipo de cofre, consulte os diferentes tipos de <a href=\"https:\/\/arcasgruber.com\/pt-pt\/cofres-fortes\/cofres-de-sobrepor-monobloco\/\"><strong><em>cofres fortes monobloco<\/em><\/strong><\/a> que fabricamos.<\/p>\n<p>Se este tipo de cofre n\u00e3o \u00e9 o que voc\u00ea procura, explore nossas outras op\u00e7\u00f5es de <em><a href=\"https:\/\/arcasgruber.com\/pt-pt\/cofres-fortes\/\"><strong>cofres fortes<\/strong><\/a><\/em>.<\/p>\n","protected":false},"excerpt":{"rendered":"<p>O <strong>cofre forte monobloco C1215<\/strong> da Arcas Gruber \u00e9 ideal para quem busca alta seguran\u00e7a e resist\u00eancia. Com dimens\u00f5es externas de 1215 x 530 x 415 mm e peso de 400 kg, este cofre oferece excelente prote\u00e7\u00e3o para seus bens valiosos.<\/p>\n<p><a style=\"text-decoration: none; color: #0000ee;\" href=\"#descricao-detalhada\">Descubra mais detalhes aqui<\/a><\/p>\n","protected":false},"featured_media":519972,"template":"","meta":{"_acf_changed":false},"product_brand":[],"product_cat":[3103],"product_tag":[],"class_list":{"0":"post-500394","1":"product","2":"type-product","3":"status-publish","4":"has-post-thumbnail","6":"product_cat-cofres-com-abertura","8":"first","9":"instock","10":"taxable","11":"shipping-taxable","12":"purchasable","13":"product-type-simple"},"acf":[],"_links":{"self":[{"href":"https:\/\/arcasgruber.com\/pt-pt\/wp-json\/wp\/v2\/product\/500394","targetHints":{"allow":["GET"]}}],"collection":[{"href":"https:\/\/arcasgruber.com\/pt-pt\/wp-json\/wp\/v2\/product"}],"about":[{"href":"https:\/\/arcasgruber.com\/pt-pt\/wp-json\/wp\/v2\/types\/product"}],"version-history":[{"count":0,"href":"https:\/\/arcasgruber.com\/pt-pt\/wp-json\/wp\/v2\/product\/500394\/revisions"}],"wp:featuredmedia":[{"embeddable":true,"href":"https:\/\/arcasgruber.com\/pt-pt\/wp-json\/wp\/v2\/media\/519972"}],"wp:attachment":[{"href":"https:\/\/arcasgruber.com\/pt-pt\/wp-json\/wp\/v2\/media?parent=500394"}],"wp:term":[{"taxonomy":"product_brand","embeddable":true,"href":"https:\/\/arcasgruber.com\/pt-pt\/wp-json\/wp\/v2\/product_brand?post=500394"},{"taxonomy":"product_cat","embeddable":true,"href":"https:\/\/arcasgruber.com\/pt-pt\/wp-json\/wp\/v2\/product_cat?post=500394"},{"taxonomy":"product_tag","embeddable":true,"href":"https:\/\/arcasgruber.com\/pt-pt\/wp-json\/wp\/v2\/product_tag?post=500394"}],"curies":[{"name":"wp","href":"https:\/\/api.w.org\/{rel}","templated":true}]}}