{"id":497916,"date":"2024-04-09T09:29:52","date_gmt":"2024-04-09T07:29:52","guid":{"rendered":"https:\/\/arcasgruber.com\/?post_type=product&#038;p=497916"},"modified":"2026-01-15T09:02:09","modified_gmt":"2026-01-15T08:02:09","slug":"c33r","status":"publish","type":"product","link":"https:\/\/arcasgruber.com\/pt-pt\/cofres-fortes\/cofres-com-abertura\/c33r\/","title":{"rendered":"Cofre com Abertura C33R"},"content":{"rendered":"<h2>Cofre com Abertura C33R<\/h2>\n<p>Caracter\u00edsticas <strong>Cofre com Abertura C33R<\/strong>:<\/p>\n<p>Dimens\u00f5es externas: 335 x 465 x 325 mm (Altura x Largura x Profundidade)<\/p>\n<p>Dimens\u00f5es internas: 255 x 380 x 220 mm (Altura x Largura x Profundidade)<\/p>\n<p>Peso: 79 kg<\/p>\n<p>Volume: 21 litros<\/p>\n<p>Prateleiras: 0<\/p>\n<p>Profundidade de Porta: 80 mm<\/p>\n<p>Delatores internos anti-roubo<\/p>\n<p>Abertura de s\u00e9rie: Dobradi\u00e7as ajust\u00e1veis instaladas no lado direito e esquerdo das portas.<\/p>\n<p>\u00c2ngulo de abertura: \u00e1ngulo m\u00e1ximo de apertura de puerta de 180\u00ba com sistema de dobradi\u00e7as anti-serra.<\/p>\n<p><strong>Configura\u00e7\u00e3o b\u00e1sica do cofre C33R:<\/strong><\/p>\n<p>1 fechadura de gorges com chave de 2 palhet\u00f5es Vds (2 chaves).<\/p>\n<p>1 segredo mec\u00e2nico<\/p>\n<p>Pintura de poliuretano com efeito texturizado em cinza escuro.<\/p>\n<p>Sistema de ancoragem na base do cofre.<\/p>\n<p><strong>Extras:<\/strong><\/p>\n<p>Junta intumescente corta fogo no batente interior da porta.<\/p>\n<p>Interior equipado com prateleiras amov\u00edveis e regul\u00e1veis em altura.<\/p>\n<p><strong>Op\u00e7\u00f5es do sistema de fechamento:<\/strong><\/p>\n<p>1 ou 2 fechaduras de chave<\/p>\n<p>Combina\u00e7\u00e3o mec\u00e2nica<\/p>\n<p>Combina\u00e7\u00e3o digital<\/p>\n<p>Combina\u00e7\u00e3o digital com programa\u00e7\u00e3o<\/p>\n<p>Combina\u00e7\u00e3o biom\u00e9trica<\/p>\n<hr \/>\n<p>Se precisar de outra Cofre com Abertura , consulte os diferentes tipos de <a href=\"https:\/\/arcasgruber.com\/pt-pt\/cofres-fortes\/cofres-com-abertura\/\"><strong>cofres com abertura<\/strong><\/a> que fabricamos.<\/p>\n","protected":false},"excerpt":{"rendered":"<p><strong>Cofre com Abertura C33R<\/strong> possui dimens\u00f5es externas de 335 x 465 x 325 mm (altura x largura x profundidade) e dimens\u00f5es internas de 255 x 380 x 220 mm, com peso de 79 kg e volume de 21 litros. N\u00e3o possui prateleiras internas.<\/p>\n","protected":false},"featured_media":519757,"template":"","meta":{"_acf_changed":false},"product_brand":[],"product_cat":[3103],"product_tag":[],"class_list":{"0":"post-497916","1":"product","2":"type-product","3":"status-publish","4":"has-post-thumbnail","6":"product_cat-cofres-com-abertura","8":"first","9":"instock","10":"taxable","11":"shipping-taxable","12":"purchasable","13":"product-type-simple"},"acf":[],"_links":{"self":[{"href":"https:\/\/arcasgruber.com\/pt-pt\/wp-json\/wp\/v2\/product\/497916","targetHints":{"allow":["GET"]}}],"collection":[{"href":"https:\/\/arcasgruber.com\/pt-pt\/wp-json\/wp\/v2\/product"}],"about":[{"href":"https:\/\/arcasgruber.com\/pt-pt\/wp-json\/wp\/v2\/types\/product"}],"version-history":[{"count":0,"href":"https:\/\/arcasgruber.com\/pt-pt\/wp-json\/wp\/v2\/product\/497916\/revisions"}],"wp:featuredmedia":[{"embeddable":true,"href":"https:\/\/arcasgruber.com\/pt-pt\/wp-json\/wp\/v2\/media\/519757"}],"wp:attachment":[{"href":"https:\/\/arcasgruber.com\/pt-pt\/wp-json\/wp\/v2\/media?parent=497916"}],"wp:term":[{"taxonomy":"product_brand","embeddable":true,"href":"https:\/\/arcasgruber.com\/pt-pt\/wp-json\/wp\/v2\/product_brand?post=497916"},{"taxonomy":"product_cat","embeddable":true,"href":"https:\/\/arcasgruber.com\/pt-pt\/wp-json\/wp\/v2\/product_cat?post=497916"},{"taxonomy":"product_tag","embeddable":true,"href":"https:\/\/arcasgruber.com\/pt-pt\/wp-json\/wp\/v2\/product_tag?post=497916"}],"curies":[{"name":"wp","href":"https:\/\/api.w.org\/{rel}","templated":true}]}}