{"id":497682,"date":"2024-03-21T10:54:33","date_gmt":"2024-03-21T09:54:33","guid":{"rendered":"https:\/\/arcasgruber.com\/pasmon7042-2\/"},"modified":"2025-09-10T11:03:26","modified_gmt":"2025-09-10T09:03:26","slug":"pasmon7042","status":"publish","type":"product","link":"https:\/\/arcasgruber.com\/pt-pt\/produtos-para-areas-de-pagamento\/passa-documentos-passa-moedas\/pasmon7042\/","title":{"rendered":"Passa Moedas PASMON7042"},"content":{"rendered":"<h2>Passa Moedas PASMON7042<\/h2>\n<p><span class=\"jCAhz ChMk0b\"><span class=\"ryNqvb\">Caracter\u00edsticas <a href=\"https:\/\/arcasgruber.com\/pt-pt\/produtos-para-areas-de-pagamento\/passa-documentos\/\"><strong>Passa Moedas<\/strong><\/a> PASMON7042:<\/span><\/span><\/p>\n<p><span class=\"jCAhz ChMk0b\"><span class=\"ryNqvb\">Dimens\u00f5es exteriores: 25 x 330 x 218 mm (Altura x Largura x Profundidade)<\/span><\/span><\/p>\n<p>Dimens\u00f5es internas: 15 x 300 mm (Altura x Largura)<\/p>\n<p><span class=\"jCAhz ChMk0b\"><span class=\"ryNqvb\">Luz de passagem: 15 mm<\/span><\/span><\/p>\n<p><strong><span class=\"jCAhz ChMk0b\"><span class=\"ryNqvb\">Caracter\u00edsticas de fabrica\u00e7\u00e3o Passa Moedas PASMON7042<\/span><\/span><\/strong><\/p>\n<p><span class=\"jCAhz ChMk0b\"><span class=\"ryNqvb\">Composto inteiramente em a\u00e7o de alta qualidade<\/span><\/span><\/p>\n<p><span class=\"jCAhz ChMk0b\"><span class=\"ryNqvb\">Revestimento polido para resist\u00eancia e durabilidade<\/span><\/span><\/p>\n<p><span class=\"jCAhz ChMk0b\"><span class=\"ryNqvb\">N\u00edvel de seguran\u00e7a: Seguran\u00e7a m\u00e1xima<\/span><\/span><\/p>\n<p><span class=\"jCAhz ChMk0b\"><span class=\"ryNqvb\">Produto destinado a<\/span><\/span> <span class=\"jCAhz ChMk0b\"><span class=\"ryNqvb\">Hospitais, centros m\u00e9dicos, farm\u00e1cias, empresas, bancos \u2026<\/span><\/span><\/p>\n","protected":false},"excerpt":{"rendered":"<p><span class=\"jCAhz ChMk0b\"><span class=\"ryNqvb\"><strong>Passa Moedas PASMON7042<\/strong>: <\/span><\/span><span class=\"jCAhz ChMk0b\"><span class=\"ryNqvb\">Dimens\u00f5es exteriores: 25 x 330 x 218 mm (Altura x Largura x Profundidade) &#8211; <\/span><\/span>Dimens\u00f5es internas: 15 x 300 mm (Altura x Largura) &#8211; <span class=\"jCAhz ChMk0b\"><span class=\"ryNqvb\">Luz de passagem: 15 mm<\/span><\/span><\/p>\n","protected":false},"featured_media":27573,"template":"","meta":{"_acf_changed":false},"product_brand":[],"product_cat":[3131],"product_tag":[],"class_list":{"0":"post-497682","1":"product","2":"type-product","3":"status-publish","4":"has-post-thumbnail","6":"product_cat-passa-documentos-passa-moedas","8":"first","9":"instock","10":"taxable","11":"shipping-taxable","12":"purchasable","13":"product-type-simple"},"acf":[],"_links":{"self":[{"href":"https:\/\/arcasgruber.com\/pt-pt\/wp-json\/wp\/v2\/product\/497682","targetHints":{"allow":["GET"]}}],"collection":[{"href":"https:\/\/arcasgruber.com\/pt-pt\/wp-json\/wp\/v2\/product"}],"about":[{"href":"https:\/\/arcasgruber.com\/pt-pt\/wp-json\/wp\/v2\/types\/product"}],"version-history":[{"count":0,"href":"https:\/\/arcasgruber.com\/pt-pt\/wp-json\/wp\/v2\/product\/497682\/revisions"}],"wp:featuredmedia":[{"embeddable":true,"href":"https:\/\/arcasgruber.com\/pt-pt\/wp-json\/wp\/v2\/media\/27573"}],"wp:attachment":[{"href":"https:\/\/arcasgruber.com\/pt-pt\/wp-json\/wp\/v2\/media?parent=497682"}],"wp:term":[{"taxonomy":"product_brand","embeddable":true,"href":"https:\/\/arcasgruber.com\/pt-pt\/wp-json\/wp\/v2\/product_brand?post=497682"},{"taxonomy":"product_cat","embeddable":true,"href":"https:\/\/arcasgruber.com\/pt-pt\/wp-json\/wp\/v2\/product_cat?post=497682"},{"taxonomy":"product_tag","embeddable":true,"href":"https:\/\/arcasgruber.com\/pt-pt\/wp-json\/wp\/v2\/product_tag?post=497682"}],"curies":[{"name":"wp","href":"https:\/\/api.w.org\/{rel}","templated":true}]}}