{"id":497270,"date":"2024-03-13T12:13:43","date_gmt":"2024-03-13T11:13:43","guid":{"rendered":"https:\/\/arcasgruber.com\/?post_type=product&#038;p=497270"},"modified":"2026-01-15T09:50:23","modified_gmt":"2026-01-15T08:50:23","slug":"c53r","status":"publish","type":"product","link":"https:\/\/arcasgruber.com\/pt-pt\/cofres-fortes\/cofres-com-abertura\/c53r\/","title":{"rendered":"Cofre forte com abertura C53R"},"content":{"rendered":"<h2>Cofre forte com abertura C53R<\/h2>\n<p><strong>Cofre forte com abertura C53R<\/strong> apresenta as seguintes caracter\u00edsticas:<\/p>\n<p>Dimens\u00f5es externas: 520 x 405 x 385 mm (Altura x Largura x Profundidade)<\/p>\n<p>Dimens\u00f5es internas: 440 x 320 x 260 mm (Altura x Largura x Profundidade)<\/p>\n<p>Peso: 125 kg<\/p>\n<p>Volume: 36 litros<\/p>\n<p>Prateleiras: 2<\/p>\n<p>Profundidade de Porta: 80 mm<\/p>\n<p>Delatores internos anti-roubo<\/p>\n<p>Abertura de s\u00e9rie: Dobradi\u00e7as ajust\u00e1veis instaladas no lado direito e esquerdo das portas.<\/p>\n<p>\u00c2ngulo de abertura: \u00e1ngulo m\u00e1ximo de apertura de puerta de 180\u00ba com sistema de dobradi\u00e7as anti-serra.<\/p>\n<p><strong>Configura\u00e7\u00e3o b\u00e1sica do cofre C53R:<\/strong><\/p>\n<p>1 fechadura de gorges com chave de 2 palhet\u00f5es Vds (2 chaves).<\/p>\n<p>1 segredo mec\u00e2nico<\/p>\n<p>Pintura de poliuretano com efeito texturizado em cinza escuro.<\/p>\n<p>Sistema de ancoragem na base do cofre.<\/p>\n","protected":false},"excerpt":{"rendered":"<p><strong>Cofre forte com abertura C53R<\/strong>: Dimens\u00f5es externas: 520 x 405 x 385 mm (Altura x Largura x Profundidade) &#8211; Peso: 125 kg &#8211; Volume: 36 litros<\/p>\n","protected":false},"featured_media":519806,"template":"","meta":{"_acf_changed":false},"product_brand":[],"product_cat":[3103],"product_tag":[],"class_list":{"0":"post-497270","1":"product","2":"type-product","3":"status-publish","4":"has-post-thumbnail","6":"product_cat-cofres-com-abertura","8":"first","9":"instock","10":"taxable","11":"shipping-taxable","12":"purchasable","13":"product-type-simple"},"acf":[],"_links":{"self":[{"href":"https:\/\/arcasgruber.com\/pt-pt\/wp-json\/wp\/v2\/product\/497270","targetHints":{"allow":["GET"]}}],"collection":[{"href":"https:\/\/arcasgruber.com\/pt-pt\/wp-json\/wp\/v2\/product"}],"about":[{"href":"https:\/\/arcasgruber.com\/pt-pt\/wp-json\/wp\/v2\/types\/product"}],"version-history":[{"count":0,"href":"https:\/\/arcasgruber.com\/pt-pt\/wp-json\/wp\/v2\/product\/497270\/revisions"}],"wp:featuredmedia":[{"embeddable":true,"href":"https:\/\/arcasgruber.com\/pt-pt\/wp-json\/wp\/v2\/media\/519806"}],"wp:attachment":[{"href":"https:\/\/arcasgruber.com\/pt-pt\/wp-json\/wp\/v2\/media?parent=497270"}],"wp:term":[{"taxonomy":"product_brand","embeddable":true,"href":"https:\/\/arcasgruber.com\/pt-pt\/wp-json\/wp\/v2\/product_brand?post=497270"},{"taxonomy":"product_cat","embeddable":true,"href":"https:\/\/arcasgruber.com\/pt-pt\/wp-json\/wp\/v2\/product_cat?post=497270"},{"taxonomy":"product_tag","embeddable":true,"href":"https:\/\/arcasgruber.com\/pt-pt\/wp-json\/wp\/v2\/product_tag?post=497270"}],"curies":[{"name":"wp","href":"https:\/\/api.w.org\/{rel}","templated":true}]}}