{"id":497078,"date":"2024-02-29T11:50:54","date_gmt":"2024-02-29T10:51:02","guid":{"rendered":"https:\/\/arcasgruber.com\/?post_type=product&#038;p=497078"},"modified":"2024-03-19T09:02:34","modified_gmt":"2024-03-19T08:02:34","slug":"lto1000","status":"publish","type":"product","link":"https:\/\/arcasgruber.com\/pt-pt\/armarios-de-seguranca\/armarios-para-lto\/lto1000\/","title":{"rendered":"Arm\u00e1rios para LTO1000"},"content":{"rendered":"<h2>Arm\u00e1rios para LTO1000<\/h2>\n<p><strong>Arm\u00e1rios para LTO1000<\/strong> apresenta as seguintes caracter\u00edsticas:<\/p>\n<p>Dimens\u00f5es externas: 1960 x 630 x 735 mm (Altura x Largura x Profundidade)<\/p>\n<p>Peso: 560 kg<\/p>\n<p><span class=\"jCAhz ChMk0b\"><span class=\"ryNqvb\">Capacidade LTO: 1.000<\/span><\/span><\/p>\n<p><span class=\"jCAhz ChMk0b\"><span class=\"ryNqvb\">Rodap\u00e9: 40mm<\/span><\/span><\/p>\n<p><span class=\"jCAhz ChMk0b\"><span class=\"ryNqvb\">N\u00e3o. Gavetas verticais: 2<\/span><\/span><\/p>\n<p><span class=\"jCAhz ChMk0b\"><span class=\"ryNqvb\">Peso vertical da gaveta: 130 kg<\/span><\/span><\/p>\n<p><span class=\"jCAhz ChMk0b\"><span class=\"ryNqvb\">Carga m\u00e1xima das guias telesc\u00f3picas: 300kg<\/span><\/span><\/p>\n<p>Delatores internos anti-roubo<\/p>\n<p>Abertura de s\u00e9rie: Dobradi\u00e7as ajust\u00e1veis instaladas no lado direito e esquerdo das portas.<\/p>\n<p>\u00c2ngulo de abertura: \u00e1ngulo m\u00e1ximo de apertura de puerta de 180\u00ba com sistema de dobradi\u00e7as anti-serra.<\/p>\n<p><strong>Configura\u00e7\u00e3o b\u00e1sica do Arm\u00e1rios LTO:<\/strong><\/p>\n<p>1 fechadura de gorges com chave de 2 palhet\u00f5es Vds (2 chaves).<\/p>\n<p>Pintura de poliuretano com efeito texturizado em cinza escuro.<\/p>\n<p>Sistema de ancoragem na base do Arm\u00e1rio.<\/p>\n","protected":false},"excerpt":{"rendered":"<p>Os <strong>Arm\u00e1rios para LTO1000<\/strong> apresentam dimens\u00f5es externas de 1960 x 630 x 735 mm (altura x largura x profundidade) e pesam 560 kg. Capacidade para 1.000 LTO. Guias telesc\u00f3picas com carga m\u00e1xima de 300 kg. 1 fechadura de gorges com chave de 2 palhet\u00f5es Vds (2 chaves).<\/p>\n","protected":false},"featured_media":496532,"template":"","meta":{"_acf_changed":false},"product_brand":[],"product_cat":[3211],"product_tag":[],"class_list":{"0":"post-497078","1":"product","2":"type-product","3":"status-publish","4":"has-post-thumbnail","6":"product_cat-armarios-para-lto","8":"first","9":"instock","10":"taxable","11":"shipping-taxable","12":"purchasable","13":"product-type-simple"},"acf":[],"_links":{"self":[{"href":"https:\/\/arcasgruber.com\/pt-pt\/wp-json\/wp\/v2\/product\/497078","targetHints":{"allow":["GET"]}}],"collection":[{"href":"https:\/\/arcasgruber.com\/pt-pt\/wp-json\/wp\/v2\/product"}],"about":[{"href":"https:\/\/arcasgruber.com\/pt-pt\/wp-json\/wp\/v2\/types\/product"}],"version-history":[{"count":0,"href":"https:\/\/arcasgruber.com\/pt-pt\/wp-json\/wp\/v2\/product\/497078\/revisions"}],"wp:featuredmedia":[{"embeddable":true,"href":"https:\/\/arcasgruber.com\/pt-pt\/wp-json\/wp\/v2\/media\/496532"}],"wp:attachment":[{"href":"https:\/\/arcasgruber.com\/pt-pt\/wp-json\/wp\/v2\/media?parent=497078"}],"wp:term":[{"taxonomy":"product_brand","embeddable":true,"href":"https:\/\/arcasgruber.com\/pt-pt\/wp-json\/wp\/v2\/product_brand?post=497078"},{"taxonomy":"product_cat","embeddable":true,"href":"https:\/\/arcasgruber.com\/pt-pt\/wp-json\/wp\/v2\/product_cat?post=497078"},{"taxonomy":"product_tag","embeddable":true,"href":"https:\/\/arcasgruber.com\/pt-pt\/wp-json\/wp\/v2\/product_tag?post=497078"}],"curies":[{"name":"wp","href":"https:\/\/api.w.org\/{rel}","templated":true}]}}