{"id":494944,"date":"2024-01-04T10:57:41","date_gmt":"2024-01-04T09:57:41","guid":{"rendered":"https:\/\/arcasgruber.com\/cs380-4\/"},"modified":"2025-06-09T11:17:32","modified_gmt":"2025-06-09T09:17:32","slug":"cs380-4","status":"publish","type":"product","link":"https:\/\/arcasgruber.com\/pt-pt\/cofres-fortes\/cofres-camuflados\/cs380-4\/","title":{"rendered":"Cofre forte Camuflado CS380\/4"},"content":{"rendered":"<h2>Cofre forte Camuflado CS380\/4<\/h2>\n<p><a href=\"https:\/\/arcasgruber.com\/pt-pt\/cofres-fortes\/cofres-camuflados\/\"><strong>Cofre forte Camuflado<\/strong><\/a> CS380\/4 apresenta as seguintes caracter\u00edsticas:<\/p>\n<p>Dimens\u00f5es externas: 418 x 340 x 544 mm (Altura x Largura x Profundidade)<\/p>\n<p>Dimens\u00f5es internas: 294 x 334 x 538 mm (Altura x Largura x Profundidade)<\/p>\n<p>Peso: 53 kg<\/p>\n<p>Volume: 52.82 litros<\/p>\n<p>Profundidade de Porta: 180 mm<\/p>\n<p>Delatores internos anti-roubo<\/p>\n<p>Abertura de s\u00e9rie: Horizontal<\/p>\n<p>\u00c2ngulo de abertura: \u00e1ngulo m\u00e1ximo de apertura de puerta de 200\u00ba com sistema de dobradi\u00e7as anti-serra.<\/p>\n<p><strong>Configura\u00e7\u00e3o b\u00e1sica do Cofre forte CS380\/4:<\/strong><\/p>\n<p>2 fechadura de gorges com chave de 2 palhet\u00f5es Vds (2 chaves).<\/p>\n<p>Pintura de poliuretano com efeito texturizado em cinza escuro.<\/p>\n<p>N\u00edvel de seguran\u00e7a certificado de acordo com a Norma Europeia UNE EN 1143-1:2019 Grau 4.<\/p>\n","protected":false},"excerpt":{"rendered":"<p><strong>Cofre forte Camuflados CS380\/4<\/strong>: Dimens\u00f5es externas: 418 x 340 x 544 mm (Altura x Largura x Profundidade) &#8211; Dimens\u00f5es internas: 294 x 334 x 538 mm (Altura x Largura x Profundidade) &#8211; Peso: 53 kg &#8211; Volume: 52.82 litros<\/p>\n","protected":false},"featured_media":494893,"template":"","meta":{"_acf_changed":false},"product_brand":[],"product_cat":[3082,3105,3104],"product_tag":[],"class_list":{"0":"post-494944","1":"product","2":"type-product","3":"status-publish","4":"has-post-thumbnail","6":"product_cat-cofres-fortes","7":"product_cat-cofres-camuflados","8":"product_cat-cofres-de-pavimento","10":"first","11":"instock","12":"downloadable","13":"taxable","14":"shipping-taxable","15":"purchasable","16":"product-type-simple"},"acf":[],"_links":{"self":[{"href":"https:\/\/arcasgruber.com\/pt-pt\/wp-json\/wp\/v2\/product\/494944","targetHints":{"allow":["GET"]}}],"collection":[{"href":"https:\/\/arcasgruber.com\/pt-pt\/wp-json\/wp\/v2\/product"}],"about":[{"href":"https:\/\/arcasgruber.com\/pt-pt\/wp-json\/wp\/v2\/types\/product"}],"version-history":[{"count":0,"href":"https:\/\/arcasgruber.com\/pt-pt\/wp-json\/wp\/v2\/product\/494944\/revisions"}],"wp:featuredmedia":[{"embeddable":true,"href":"https:\/\/arcasgruber.com\/pt-pt\/wp-json\/wp\/v2\/media\/494893"}],"wp:attachment":[{"href":"https:\/\/arcasgruber.com\/pt-pt\/wp-json\/wp\/v2\/media?parent=494944"}],"wp:term":[{"taxonomy":"product_brand","embeddable":true,"href":"https:\/\/arcasgruber.com\/pt-pt\/wp-json\/wp\/v2\/product_brand?post=494944"},{"taxonomy":"product_cat","embeddable":true,"href":"https:\/\/arcasgruber.com\/pt-pt\/wp-json\/wp\/v2\/product_cat?post=494944"},{"taxonomy":"product_tag","embeddable":true,"href":"https:\/\/arcasgruber.com\/pt-pt\/wp-json\/wp\/v2\/product_tag?post=494944"}],"curies":[{"name":"wp","href":"https:\/\/api.w.org\/{rel}","templated":true}]}}