{"id":494535,"date":"2018-03-01T11:05:43","date_gmt":"2018-03-01T10:05:43","guid":{"rendered":"https:\/\/arcasgruber.com\/cofres-de-banco-grau-5\/"},"modified":"2025-08-25T13:58:23","modified_gmt":"2025-08-25T11:58:23","slug":"cofres-de-banco-grau-5","status":"publish","type":"product","link":"https:\/\/arcasgruber.com\/pt-pt\/produtos-blindados\/cofres-de-banco\/cofres-de-banco-grau-5\/","title":{"rendered":"Cofres de Banco Grau 5"},"content":{"rendered":"<h2>C\u00e2mara Forte Grau 5<\/h2>\n<p>A <strong>c\u00e2mara forte Grau 5<\/strong> \u00e9 totalmente personalizada, com um n\u00edvel de seguran\u00e7a 5 de acordo com a norma UNE EN 1143-1.<\/p>\n<p>Destina-se a joalherias, empresas de seguran\u00e7a, fabricantes de armas, for\u00e7as policiais e ex\u00e9rcitos que necessitem de armazenar um grande n\u00famero de armas em seu interior. Todas as empresas devem seguir as diretrizes regulamentares que exigem um determinado grau de seguran\u00e7a. Consulte os nossos profissionais.<\/p>\n<h3>Componentes de uma c\u00e2mara forte<\/h3>\n<p>Portas blindadas<\/p>\n<p>Paredes e tetos blindados<\/p>\n<p>Sistema de vigil\u00e2ncia (CCTV, sensores, monitoramento remoto)<\/p>\n<p>Sistema de alarme<\/p>\n<p>Controle de acesso (cart\u00f5es de proximidade, c\u00f3digos, scanners biom\u00e9tricos)<\/p>\n<p>Sistema de extin\u00e7\u00e3o de inc\u00eandio<\/p>\n<p>Ilumina\u00e7\u00e3o de emerg\u00eancia<\/p>\n<p><strong>Op\u00e7\u00f5es de seguran\u00e7a<\/strong><\/p>\n<p>Grades de ventila\u00e7\u00e3o<\/p>\n<p>Tampa de seguran\u00e7a<\/p>\n<p>Portas blindadas<\/p>\n<p>Portas refor\u00e7adas<\/p>\n<p><strong>Destinada a<\/strong><\/p>\n<p>Bancos<\/p>\n<p>Casa da moeda<\/p>\n<p>Empresas de seguran\u00e7a<\/p>\n<p>Empresas de transporte de valores<\/p>\n<p>Institui\u00e7\u00f5es governamentais<\/p>\n<p>Joalherias e empresas que manipulam metais preciosos e diamantes<\/p>\n<p>Empresas de armazenamento f\u00edsico de dados<\/p>\n<p>Museus e galerias de arte<\/p>\n<p>Empresas de jogos de azar e cassinos<\/p>\n<hr \/>\n<p>Se voc\u00ea precisar de outra c\u00e2mara forte, consulte os diferentes tipos de <strong>c\u00e2maras fortes<\/strong> que fabricamos.<\/p>\n<hr \/>\n<p>Voc\u00ea sabia que a Arcas Gruber pertence ao <strong>Grupo Gruber<\/strong>, um conglomerado de empresas dedicado \u00e0 fabrica\u00e7\u00e3o de produtos de seguran\u00e7a f\u00edsica?<\/p>\n<p><strong>Conhece a nossa empresa especializada em Arm\u00e1rios de Seguran\u00e7a?<\/strong><\/p>\n<p><strong>Arcas Arbasal<\/strong>, especializada na fabrica\u00e7\u00e3o de arm\u00e1rios de seguran\u00e7a.<\/p>\n<p><strong>Arm\u00e1rios de Seguran\u00e7a | Fabricante de Arm\u00e1rios | Arcas Arbasal \u00ae<\/strong><\/p>\n","protected":false},"excerpt":{"rendered":"<p><strong>Cofres de Banco Grau 5<\/strong>: <span class=\"jCAhz ChMk0b\"><span class=\"ryNqvb\">Cofres de Banco Grau 5 \u00e9 totalmente personalizado, com Grau de Seguran\u00e7a 5 segundo UNE EN 1143-1.<\/span><\/span><\/p>\n","protected":false},"featured_media":27817,"template":"","meta":{"_acf_changed":false},"product_brand":[],"product_cat":[3093],"product_tag":[],"class_list":{"0":"post-494535","1":"product","2":"type-product","3":"status-publish","4":"has-post-thumbnail","6":"product_cat-cofres-de-banco","8":"first","9":"instock","10":"taxable","11":"shipping-taxable","12":"purchasable","13":"product-type-simple"},"acf":[],"_links":{"self":[{"href":"https:\/\/arcasgruber.com\/pt-pt\/wp-json\/wp\/v2\/product\/494535","targetHints":{"allow":["GET"]}}],"collection":[{"href":"https:\/\/arcasgruber.com\/pt-pt\/wp-json\/wp\/v2\/product"}],"about":[{"href":"https:\/\/arcasgruber.com\/pt-pt\/wp-json\/wp\/v2\/types\/product"}],"version-history":[{"count":0,"href":"https:\/\/arcasgruber.com\/pt-pt\/wp-json\/wp\/v2\/product\/494535\/revisions"}],"wp:featuredmedia":[{"embeddable":true,"href":"https:\/\/arcasgruber.com\/pt-pt\/wp-json\/wp\/v2\/media\/27817"}],"wp:attachment":[{"href":"https:\/\/arcasgruber.com\/pt-pt\/wp-json\/wp\/v2\/media?parent=494535"}],"wp:term":[{"taxonomy":"product_brand","embeddable":true,"href":"https:\/\/arcasgruber.com\/pt-pt\/wp-json\/wp\/v2\/product_brand?post=494535"},{"taxonomy":"product_cat","embeddable":true,"href":"https:\/\/arcasgruber.com\/pt-pt\/wp-json\/wp\/v2\/product_cat?post=494535"},{"taxonomy":"product_tag","embeddable":true,"href":"https:\/\/arcasgruber.com\/pt-pt\/wp-json\/wp\/v2\/product_tag?post=494535"}],"curies":[{"name":"wp","href":"https:\/\/api.w.org\/{rel}","templated":true}]}}