{"id":494525,"date":"2018-03-23T11:29:18","date_gmt":"2018-03-23T10:29:18","guid":{"rendered":"https:\/\/arcasgruber.com\/pasmon704\/"},"modified":"2018-03-23T11:29:18","modified_gmt":"2018-03-23T10:29:18","slug":"pasmon704","status":"publish","type":"product","link":"https:\/\/arcasgruber.com\/pt-pt\/cajas-fuertes\/pasmon704\/","title":{"rendered":"Passa Moedas \u00e0 prova de balas PASMON704"},"content":{"rendered":"<h2>Passa Moedas \u00e0 prova de balas PASMON704<\/h2>\n<p><span class=\"jCAhz ChMk0b\"><span class=\"ryNqvb\">Caracter\u00edsticas <a href=\"https:\/\/arcasgruber.com\/pt-pt\/produtos-para-areas-de-pagamento\/passa-documentos\/\"><strong>Passa Moedas<\/strong><\/a> \u00e0 prova de balas PASMON704:<\/span><\/span><\/p>\n<p><span class=\"jCAhz ChMk0b\"><span class=\"ryNqvb\">Dimens\u00f5es exteriores: 50 x 440 x 440 mm (Altura x Largura x Profundidade)<\/span><\/span><\/p>\n<p>Dimens\u00f5es internas: 30 x 360 x 50 mm (Altura x Largura x Profundidade)<\/p>\n<p>Dimens\u00f5es do recorte para embutir: 425 x 425 mm (Largura x Profundidade)<\/p>\n<p><span class=\"jCAhz ChMk0b\"><span class=\"ryNqvb\">Luz de passagem: 30 mm<\/span><\/span><\/p>\n<p><strong><span class=\"jCAhz ChMk0b\"><span class=\"ryNqvb\">Caracter\u00edsticas de fabrica\u00e7\u00e3o Passa Moedas \u00e0 prova de balas PASMON704<\/span><\/span><\/strong><\/p>\n<p><span class=\"jCAhz ChMk0b\"><span class=\"ryNqvb\">Composto inteiramente em a\u00e7o de alta qualidade<\/span><\/span><\/p>\n<p><span class=\"jCAhz ChMk0b\"><span class=\"ryNqvb\">Revestimento polido para resist\u00eancia e durabilidade<\/span><\/span><\/p>\n<p><span class=\"jCAhz ChMk0b\"><span class=\"ryNqvb\">N\u00edvel de seguran\u00e7a: Seguran\u00e7a m\u00e1xima<\/span><\/span><\/p>\n<p><span class=\"jCAhz ChMk0b\"><span class=\"ryNqvb\">Produto destinado a<\/span><\/span> <span class=\"jCAhz ChMk0b\"><span class=\"ryNqvb\">Hospitais, centros m\u00e9dicos, farm\u00e1cias, empresas, bancos \u2026<\/span><\/span><\/p>\n<p>N\u00edvel de seguran\u00e7a \u00e0 prova de balas: BGV C9<\/p>\n","protected":false},"excerpt":{"rendered":"<p><span class=\"jCAhz ChMk0b\"><span class=\"ryNqvb\"><strong>Passa Moedas \u00e0 prova de balas PASMON704<\/strong>: <\/span><\/span><span class=\"jCAhz ChMk0b\"><span class=\"ryNqvb\">Dimens\u00f5es exteriores: 50 x 440 x 440 mm (Altura x Largura x Profundidade) &#8211; <\/span><\/span>Dimens\u00f5es internas: 30 x 360 x 50 mm (Altura x Largura x Profundidade) &#8211; Dimens\u00f5es do recorte para embutir: 425 x 425 mm (Largura x Profundidade) &#8211; <span class=\"jCAhz ChMk0b\"><span class=\"ryNqvb\">Luz de passagem: 30 mm<\/span><\/span><\/p>\n","protected":false},"featured_media":27544,"template":"","meta":{"_acf_changed":false},"product_brand":[],"product_cat":[2411],"product_tag":[],"class_list":{"0":"post-494525","1":"product","2":"type-product","3":"status-publish","4":"has-post-thumbnail","6":"product_cat-cajas-fuertes","8":"first","9":"instock","10":"taxable","11":"shipping-taxable","12":"purchasable","13":"product-type-simple"},"acf":[],"_links":{"self":[{"href":"https:\/\/arcasgruber.com\/pt-pt\/wp-json\/wp\/v2\/product\/494525","targetHints":{"allow":["GET"]}}],"collection":[{"href":"https:\/\/arcasgruber.com\/pt-pt\/wp-json\/wp\/v2\/product"}],"about":[{"href":"https:\/\/arcasgruber.com\/pt-pt\/wp-json\/wp\/v2\/types\/product"}],"version-history":[{"count":0,"href":"https:\/\/arcasgruber.com\/pt-pt\/wp-json\/wp\/v2\/product\/494525\/revisions"}],"wp:featuredmedia":[{"embeddable":true,"href":"https:\/\/arcasgruber.com\/pt-pt\/wp-json\/wp\/v2\/media\/27544"}],"wp:attachment":[{"href":"https:\/\/arcasgruber.com\/pt-pt\/wp-json\/wp\/v2\/media?parent=494525"}],"wp:term":[{"taxonomy":"product_brand","embeddable":true,"href":"https:\/\/arcasgruber.com\/pt-pt\/wp-json\/wp\/v2\/product_brand?post=494525"},{"taxonomy":"product_cat","embeddable":true,"href":"https:\/\/arcasgruber.com\/pt-pt\/wp-json\/wp\/v2\/product_cat?post=494525"},{"taxonomy":"product_tag","embeddable":true,"href":"https:\/\/arcasgruber.com\/pt-pt\/wp-json\/wp\/v2\/product_tag?post=494525"}],"curies":[{"name":"wp","href":"https:\/\/api.w.org\/{rel}","templated":true}]}}