{"id":494520,"date":"2020-04-21T11:43:41","date_gmt":"2020-04-21T09:43:41","guid":{"rendered":"https:\/\/arcasgruber.com\/p7020\/"},"modified":"2025-09-10T11:05:00","modified_gmt":"2025-09-10T09:05:00","slug":"p7020","status":"publish","type":"product","link":"https:\/\/arcasgruber.com\/pt-pt\/produtos-para-areas-de-pagamento\/passa-documentos-passa-moedas\/p7020\/","title":{"rendered":"Passa Documentos P7020"},"content":{"rendered":"<h2>Passa Documentos P7020<\/h2>\n<p><span class=\"jCAhz ChMk0b\"><span class=\"ryNqvb\">Caracter\u00edsticas <a href=\"https:\/\/arcasgruber.com\/pt-pt\/produtos-para-areas-de-pagamento\/passa-documentos\/\"><strong>Passa Documentos<\/strong><\/a> P7020:<\/span><\/span><\/p>\n<p><span class=\"jCAhz ChMk0b\"><span class=\"ryNqvb\">Dimens\u00f5es exteriores: 53 x 469 x 410 mm (Altura x Largura x Profundidade)<\/span><\/span><\/p>\n<p>Dimens\u00f5es internas Gaveta superior: 30 x 340 x 130 mm (Altura x Largura x Profundidade)<\/p>\n<p>Dimens\u00f5es internas Gaveta inferior: 86 x 298 x 286 mm (Altura x Largura x Profundidade)<\/p>\n<p>Dimens\u00f5es do recorte para embutir: 452 x 399 mm (Largura x Profundidade)<\/p>\n<p><strong><span class=\"jCAhz ChMk0b\"><span class=\"ryNqvb\">Caracter\u00edsticas de fabrica\u00e7\u00e3o Passa Documentos P7020<\/span><\/span><\/strong><\/p>\n<p><span class=\"jCAhz ChMk0b\"><span class=\"ryNqvb\">Composto inteiramente em a\u00e7o de alta qualidade<\/span><\/span><\/p>\n<p><span class=\"jCAhz ChMk0b\"><span class=\"ryNqvb\">Revestimento polido para resist\u00eancia e durabilidade<\/span><\/span><\/p>\n<p><span class=\"jCAhz ChMk0b\"><span class=\"ryNqvb\">N\u00edvel de seguran\u00e7a: Seguran\u00e7a m\u00e1xima<\/span><\/span><\/p>\n<p><span class=\"jCAhz ChMk0b\"><span class=\"ryNqvb\">Produto destinado a<\/span><\/span> <span class=\"jCAhz ChMk0b\"><span class=\"ryNqvb\">Hospitais, centros m\u00e9dicos, farm\u00e1cias, empresas, bancos \u2026<\/span><\/span><\/p>\n","protected":false},"excerpt":{"rendered":"<p><span class=\"jCAhz ChMk0b\"><span class=\"ryNqvb\"><strong>Passa Documentos P7020<\/strong>: <\/span><\/span><span class=\"jCAhz ChMk0b\"><span class=\"ryNqvb\">Dimens\u00f5es exteriores: 53 x 469 x 410 mm (Altura x Largura x Profundidade) &#8211; <\/span><\/span>Dimens\u00f5es internas Gaveta superior: 30 x 340 x 130 mm (Altura x Largura x Profundidade) &#8211; Dimens\u00f5es internas Gaveta inferior: 86 x 298 x 286 mm (Altura x Largura x Profundidade) &#8211; Dimens\u00f5es do recorte para embutir: 452 x 399 mm (Largura x Profundidade)<\/p>\n","protected":false},"featured_media":28056,"template":"","meta":{"_acf_changed":false},"product_brand":[],"product_cat":[3131],"product_tag":[],"class_list":{"0":"post-494520","1":"product","2":"type-product","3":"status-publish","4":"has-post-thumbnail","6":"product_cat-passa-documentos-passa-moedas","8":"first","9":"instock","10":"taxable","11":"shipping-taxable","12":"purchasable","13":"product-type-simple"},"acf":[],"_links":{"self":[{"href":"https:\/\/arcasgruber.com\/pt-pt\/wp-json\/wp\/v2\/product\/494520","targetHints":{"allow":["GET"]}}],"collection":[{"href":"https:\/\/arcasgruber.com\/pt-pt\/wp-json\/wp\/v2\/product"}],"about":[{"href":"https:\/\/arcasgruber.com\/pt-pt\/wp-json\/wp\/v2\/types\/product"}],"version-history":[{"count":0,"href":"https:\/\/arcasgruber.com\/pt-pt\/wp-json\/wp\/v2\/product\/494520\/revisions"}],"wp:featuredmedia":[{"embeddable":true,"href":"https:\/\/arcasgruber.com\/pt-pt\/wp-json\/wp\/v2\/media\/28056"}],"wp:attachment":[{"href":"https:\/\/arcasgruber.com\/pt-pt\/wp-json\/wp\/v2\/media?parent=494520"}],"wp:term":[{"taxonomy":"product_brand","embeddable":true,"href":"https:\/\/arcasgruber.com\/pt-pt\/wp-json\/wp\/v2\/product_brand?post=494520"},{"taxonomy":"product_cat","embeddable":true,"href":"https:\/\/arcasgruber.com\/pt-pt\/wp-json\/wp\/v2\/product_cat?post=494520"},{"taxonomy":"product_tag","embeddable":true,"href":"https:\/\/arcasgruber.com\/pt-pt\/wp-json\/wp\/v2\/product_tag?post=494520"}],"curies":[{"name":"wp","href":"https:\/\/api.w.org\/{rel}","templated":true}]}}