{"id":494519,"date":"2020-04-22T10:11:53","date_gmt":"2020-04-22T08:11:53","guid":{"rendered":"https:\/\/arcasgruber.com\/p7025\/"},"modified":"2025-09-10T11:04:45","modified_gmt":"2025-09-10T09:04:45","slug":"p7025","status":"publish","type":"product","link":"https:\/\/arcasgruber.com\/pt-pt\/produtos-para-areas-de-pagamento\/passa-documentos-passa-moedas\/p7025\/","title":{"rendered":"Passa Moedas P7025"},"content":{"rendered":"<h2>Passa Moedas P7025<\/h2>\n<p><span class=\"jCAhz ChMk0b\"><span class=\"ryNqvb\">Caracter\u00edsticas <a href=\"https:\/\/arcasgruber.com\/pt-pt\/produtos-para-areas-de-pagamento\/passa-documentos\/\"><strong>Passa Moedas<\/strong><\/a> P7025:<\/span><\/span><\/p>\n<p><span class=\"jCAhz ChMk0b\"><span class=\"ryNqvb\">Dimens\u00f5es exteriores: 144 x 476 x 642 mm (Altura x Largura x Profundidade)<\/span><\/span><\/p>\n<p>Dimens\u00f5es internas Gaveta superior: 30 x 270 x 215 mm (Altura x Largura x Profundidade)<\/p>\n<p>Dimens\u00f5es internas Gaveta inferior: 90 x 270 x 225 mm (Altura x Largura x Profundidade)<\/p>\n<p>Dimens\u00f5es do recorte para embutir: 462 x 630 mm (Largura x Profundidade)<\/p>\n<p><strong><span class=\"jCAhz ChMk0b\"><span class=\"ryNqvb\">Caracter\u00edsticas de fabrica\u00e7\u00e3o Passa Moedas P7025<\/span><\/span><\/strong><\/p>\n<p><span class=\"jCAhz ChMk0b\"><span class=\"ryNqvb\">Composto inteiramente em a\u00e7o de alta qualidade<\/span><\/span><\/p>\n<p><span class=\"jCAhz ChMk0b\"><span class=\"ryNqvb\">Revestimento polido para resist\u00eancia e durabilidade<\/span><\/span><\/p>\n<p><span class=\"jCAhz ChMk0b\"><span class=\"ryNqvb\">N\u00edvel de seguran\u00e7a: Seguran\u00e7a m\u00e1xima<\/span><\/span><\/p>\n<p><span class=\"jCAhz ChMk0b\"><span class=\"ryNqvb\">Produto destinado a<\/span><\/span> <span class=\"jCAhz ChMk0b\"><span class=\"ryNqvb\">Hospitais, centros m\u00e9dicos, farm\u00e1cias, empresas, bancos \u2026<\/span><\/span><\/p>\n<p><strong><span class=\"jCAhz ChMk0b\"><span class=\"ryNqvb\">Op\u00e7\u00f5es de seguran\u00e7a:<\/span><\/span> <\/strong><\/p>\n<p><span class=\"jCAhz ChMk0b\"><span class=\"ryNqvb\">P- 7025 \/ VA (moldura de cobertura em a\u00e7o inoxid\u00e1vel V2a)<\/span><\/span><\/p>\n<p><span class=\"jCAhz ChMk0b\"><span class=\"ryNqvb\">P-7025\/S (moldura da tampa em cor RAL especial a pedido do cliente)<\/span><\/span><\/p>\n","protected":false},"excerpt":{"rendered":"<p><span class=\"jCAhz ChMk0b\"><span class=\"ryNqvb\"><strong>Passa Moedas P7025<\/strong>: <\/span><\/span><span class=\"jCAhz ChMk0b\"><span class=\"ryNqvb\">Dimens\u00f5es exteriores: 144 x 476 x 642 mm (Altura x Largura x Profundidade) &#8211; <\/span><\/span>Dimens\u00f5es internas Gaveta superior: 30 x 270 x 215 mm (Altura x Largura x Profundidade) &#8211; Dimens\u00f5es internas Gaveta inferior: 90 x 270 x 225 mm (Altura x Largura x Profundidade) &#8211; Dimens\u00f5es do recorte para embutir: 462 x 630 mm (Largura x Profundidade)<\/p>\n","protected":false},"featured_media":28057,"template":"","meta":{"_acf_changed":false},"product_brand":[],"product_cat":[3131],"product_tag":[],"class_list":{"0":"post-494519","1":"product","2":"type-product","3":"status-publish","4":"has-post-thumbnail","6":"product_cat-passa-documentos-passa-moedas","8":"first","9":"instock","10":"taxable","11":"shipping-taxable","12":"purchasable","13":"product-type-simple"},"acf":[],"_links":{"self":[{"href":"https:\/\/arcasgruber.com\/pt-pt\/wp-json\/wp\/v2\/product\/494519","targetHints":{"allow":["GET"]}}],"collection":[{"href":"https:\/\/arcasgruber.com\/pt-pt\/wp-json\/wp\/v2\/product"}],"about":[{"href":"https:\/\/arcasgruber.com\/pt-pt\/wp-json\/wp\/v2\/types\/product"}],"version-history":[{"count":0,"href":"https:\/\/arcasgruber.com\/pt-pt\/wp-json\/wp\/v2\/product\/494519\/revisions"}],"wp:featuredmedia":[{"embeddable":true,"href":"https:\/\/arcasgruber.com\/pt-pt\/wp-json\/wp\/v2\/media\/28057"}],"wp:attachment":[{"href":"https:\/\/arcasgruber.com\/pt-pt\/wp-json\/wp\/v2\/media?parent=494519"}],"wp:term":[{"taxonomy":"product_brand","embeddable":true,"href":"https:\/\/arcasgruber.com\/pt-pt\/wp-json\/wp\/v2\/product_brand?post=494519"},{"taxonomy":"product_cat","embeddable":true,"href":"https:\/\/arcasgruber.com\/pt-pt\/wp-json\/wp\/v2\/product_cat?post=494519"},{"taxonomy":"product_tag","embeddable":true,"href":"https:\/\/arcasgruber.com\/pt-pt\/wp-json\/wp\/v2\/product_tag?post=494519"}],"curies":[{"name":"wp","href":"https:\/\/api.w.org\/{rel}","templated":true}]}}