{"id":494516,"date":"2021-07-27T10:16:27","date_gmt":"2021-07-27T08:16:27","guid":{"rendered":"https:\/\/arcasgruber.com\/p7097\/"},"modified":"2025-09-10T11:03:58","modified_gmt":"2025-09-10T09:03:58","slug":"p7097","status":"publish","type":"product","link":"https:\/\/arcasgruber.com\/pt-pt\/produtos-para-areas-de-pagamento\/passa-documentos-passa-moedas\/p7097\/","title":{"rendered":"Passa Moedas \u00e0 prova de balas P7097"},"content":{"rendered":"<h2>Passa Moedas \u00e0 prova de balas P7097<\/h2>\n<p><span class=\"jCAhz ChMk0b\"><span class=\"ryNqvb\">Caracter\u00edsticas <a href=\"https:\/\/arcasgruber.com\/pt-pt\/produtos-para-areas-de-pagamento\/passa-documentos\/\"><strong>Passa Moedas<\/strong><\/a> \u00e0 prova de balas P7097:<\/span><\/span><\/p>\n<p><span class=\"jCAhz ChMk0b\"><span class=\"ryNqvb\">Dimens\u00f5es exteriores: 165 x 630 x 630 mm (Altura x Largura x Profundidade)<\/span><\/span><\/p>\n<p>Dimens\u00f5es internas: 30 x 330 x 235 mm (Altura x Largura x Profundidade)<\/p>\n<p>Abertura na parede: 112 x 594 mm (Altura x Largura)<\/p>\n<p><strong><span class=\"jCAhz ChMk0b\"><span class=\"ryNqvb\">Caracter\u00edsticas de fabrica\u00e7\u00e3o Passa Moedas \u00e0 prova de balas P7097:<\/span><\/span><\/strong><\/p>\n<p><span class=\"jCAhz ChMk0b\"><span class=\"ryNqvb\">Composto inteiramente em a\u00e7o de alta qualidade<\/span><\/span><\/p>\n<p><span class=\"jCAhz ChMk0b\"><span class=\"ryNqvb\">Revestimento polido para resist\u00eancia e durabilidade<\/span><\/span><\/p>\n<p><span class=\"jCAhz ChMk0b\"><span class=\"ryNqvb\">N\u00edvel de seguran\u00e7a: Seguran\u00e7a m\u00e1xima<\/span><\/span><\/p>\n<p><span class=\"jCAhz ChMk0b\"><span class=\"ryNqvb\">Produto destinado a<\/span><\/span> <span class=\"jCAhz ChMk0b\"><span class=\"ryNqvb\">Hospitais, centros m\u00e9dicos, farm\u00e1cias, empresas, bancos \u2026<\/span><\/span><\/p>\n<p>N\u00edvel de seguran\u00e7a \u00e0 prova de balas: FB4<\/p>\n<p><strong>Op\u00e7\u00f5es N\u00edvel de seguran\u00e7a \u00e0 prova de balas:<\/strong><\/p>\n<p>P7097\/FB6<\/p>\n<p>P7097\/FB7<\/p>\n","protected":false},"excerpt":{"rendered":"<p><span class=\"jCAhz ChMk0b\"><span class=\"ryNqvb\"><strong>Passa Moedas \u00e0 prova de balas P7097<\/strong>: <\/span><\/span><span class=\"jCAhz ChMk0b\"><span class=\"ryNqvb\">Dimens\u00f5es exteriores: 165 x 630 x 630 mm (Altura x Largura x Profundidade) &#8211; <\/span><\/span>Dimens\u00f5es internas: 30 x 330 x 235 mm (Altura x Largura x Profundidade) &#8211; Abertura na parede: 112 x 594 mm (Altura x Largura)<\/p>\n","protected":false},"featured_media":28442,"template":"","meta":{"_acf_changed":false},"product_brand":[],"product_cat":[3131],"product_tag":[],"class_list":{"0":"post-494516","1":"product","2":"type-product","3":"status-publish","4":"has-post-thumbnail","6":"product_cat-passa-documentos-passa-moedas","8":"first","9":"instock","10":"taxable","11":"shipping-taxable","12":"purchasable","13":"product-type-simple"},"acf":[],"_links":{"self":[{"href":"https:\/\/arcasgruber.com\/pt-pt\/wp-json\/wp\/v2\/product\/494516","targetHints":{"allow":["GET"]}}],"collection":[{"href":"https:\/\/arcasgruber.com\/pt-pt\/wp-json\/wp\/v2\/product"}],"about":[{"href":"https:\/\/arcasgruber.com\/pt-pt\/wp-json\/wp\/v2\/types\/product"}],"version-history":[{"count":0,"href":"https:\/\/arcasgruber.com\/pt-pt\/wp-json\/wp\/v2\/product\/494516\/revisions"}],"wp:featuredmedia":[{"embeddable":true,"href":"https:\/\/arcasgruber.com\/pt-pt\/wp-json\/wp\/v2\/media\/28442"}],"wp:attachment":[{"href":"https:\/\/arcasgruber.com\/pt-pt\/wp-json\/wp\/v2\/media?parent=494516"}],"wp:term":[{"taxonomy":"product_brand","embeddable":true,"href":"https:\/\/arcasgruber.com\/pt-pt\/wp-json\/wp\/v2\/product_brand?post=494516"},{"taxonomy":"product_cat","embeddable":true,"href":"https:\/\/arcasgruber.com\/pt-pt\/wp-json\/wp\/v2\/product_cat?post=494516"},{"taxonomy":"product_tag","embeddable":true,"href":"https:\/\/arcasgruber.com\/pt-pt\/wp-json\/wp\/v2\/product_tag?post=494516"}],"curies":[{"name":"wp","href":"https:\/\/api.w.org\/{rel}","templated":true}]}}