{"id":494515,"date":"2019-10-22T08:59:15","date_gmt":"2019-10-22T06:59:15","guid":{"rendered":"https:\/\/arcasgruber.com\/p7031-fb4\/"},"modified":"2025-09-10T11:05:39","modified_gmt":"2025-09-10T09:05:39","slug":"p7031-fb4","status":"publish","type":"product","link":"https:\/\/arcasgruber.com\/pt-pt\/produtos-para-areas-de-pagamento\/passa-documentos-passa-moedas\/p7031-fb4\/","title":{"rendered":"Passa Moedas \u00e0 prova de balas P7031\/FB4"},"content":{"rendered":"<h2>Passa Moedas \u00e0 prova de balas P7031\/FB4<\/h2>\n<p><span class=\"jCAhz ChMk0b\"><span class=\"ryNqvb\">Caracter\u00edsticas <a href=\"https:\/\/arcasgruber.com\/pt-pt\/produtos-para-areas-de-pagamento\/passa-documentos\/\"><strong>Passa Moedas<\/strong><\/a> \u00e0 prova de balas P7031\/FB4:<\/span><\/span><\/p>\n<p><span class=\"jCAhz ChMk0b\"><span class=\"ryNqvb\">Dimens\u00f5es exteriores: 82 x 550 x 500 mm (Altura x Largura x Profundidade)<\/span><\/span><\/p>\n<p>Dimens\u00f5es internas: 41 x 390 x 276 mm (Altura x Largura x Profundidade)<\/p>\n<p><span class=\"jCAhz ChMk0b\"><span class=\"ryNqvb\">Luz de passagem: 41 mm<\/span><\/span><\/p>\n<p><strong><span class=\"jCAhz ChMk0b\"><span class=\"ryNqvb\">Caracter\u00edsticas de fabrica\u00e7\u00e3o Passa Moedas \u00e0 prova de balas P7031\/FB4<\/span><\/span><\/strong><\/p>\n<p><span class=\"jCAhz ChMk0b\"><span class=\"ryNqvb\">Composto inteiramente em a\u00e7o de alta qualidade<\/span><\/span><\/p>\n<p><span class=\"jCAhz ChMk0b\"><span class=\"ryNqvb\">Revestimento polido para resist\u00eancia e durabilidade<\/span><\/span><\/p>\n<p><span class=\"jCAhz ChMk0b\"><span class=\"ryNqvb\">N\u00edvel de seguran\u00e7a: Seguran\u00e7a m\u00e1xima<\/span><\/span><\/p>\n<p><span class=\"jCAhz ChMk0b\"><span class=\"ryNqvb\">Produto destinado a<\/span><\/span> <span class=\"jCAhz ChMk0b\"><span class=\"ryNqvb\">Hospitais, centros m\u00e9dicos, farm\u00e1cias, empresas, bancos \u2026<\/span><\/span><\/p>\n<p>N\u00edvel de seguran\u00e7a \u00e0 prova de balas: FB4<\/p>\n","protected":false},"excerpt":{"rendered":"<p><span class=\"jCAhz ChMk0b\"><span class=\"ryNqvb\"><strong>Passa Moedas \u00e0 prova de balas P7031\/FB4<\/strong>: <\/span><\/span><span class=\"jCAhz ChMk0b\"><span class=\"ryNqvb\">Dimens\u00f5es exteriores: 82 x 550 x 500 mm (Altura x Largura x Profundidade) &#8211; <\/span><\/span>Dimens\u00f5es internas: 41 x 390 x 276 mm (Altura x Largura x Profundidade) &#8211; <span class=\"jCAhz ChMk0b\"><span class=\"ryNqvb\">Luz de passagem: 41 mm &#8211; N\u00edvel de seguran\u00e7a \u00e0 prova de balas: FB4<\/span><\/span><\/p>\n","protected":false},"featured_media":28020,"template":"","meta":{"_acf_changed":false},"product_brand":[],"product_cat":[3131],"product_tag":[],"class_list":{"0":"post-494515","1":"product","2":"type-product","3":"status-publish","4":"has-post-thumbnail","6":"product_cat-passa-documentos-passa-moedas","8":"first","9":"instock","10":"taxable","11":"shipping-taxable","12":"purchasable","13":"product-type-simple"},"acf":[],"_links":{"self":[{"href":"https:\/\/arcasgruber.com\/pt-pt\/wp-json\/wp\/v2\/product\/494515","targetHints":{"allow":["GET"]}}],"collection":[{"href":"https:\/\/arcasgruber.com\/pt-pt\/wp-json\/wp\/v2\/product"}],"about":[{"href":"https:\/\/arcasgruber.com\/pt-pt\/wp-json\/wp\/v2\/types\/product"}],"version-history":[{"count":0,"href":"https:\/\/arcasgruber.com\/pt-pt\/wp-json\/wp\/v2\/product\/494515\/revisions"}],"wp:featuredmedia":[{"embeddable":true,"href":"https:\/\/arcasgruber.com\/pt-pt\/wp-json\/wp\/v2\/media\/28020"}],"wp:attachment":[{"href":"https:\/\/arcasgruber.com\/pt-pt\/wp-json\/wp\/v2\/media?parent=494515"}],"wp:term":[{"taxonomy":"product_brand","embeddable":true,"href":"https:\/\/arcasgruber.com\/pt-pt\/wp-json\/wp\/v2\/product_brand?post=494515"},{"taxonomy":"product_cat","embeddable":true,"href":"https:\/\/arcasgruber.com\/pt-pt\/wp-json\/wp\/v2\/product_cat?post=494515"},{"taxonomy":"product_tag","embeddable":true,"href":"https:\/\/arcasgruber.com\/pt-pt\/wp-json\/wp\/v2\/product_tag?post=494515"}],"curies":[{"name":"wp","href":"https:\/\/api.w.org\/{rel}","templated":true}]}}