{"id":494512,"date":"2017-10-11T13:52:18","date_gmt":"2017-10-11T11:52:18","guid":{"rendered":"https:\/\/arcasgruber.com\/as02\/"},"modified":"2025-08-18T15:56:48","modified_gmt":"2025-08-18T13:56:48","slug":"as02","status":"publish","type":"product","link":"https:\/\/arcasgruber.com\/pt-pt\/produtos-para-areas-de-pagamento\/armarios-de-arquivo-de-seguranca\/as02\/","title":{"rendered":"Arm\u00e1rios de Arquivo de seguran\u00e7a AS02"},"content":{"rendered":"<h2 class=\"entry-title title\">Arm\u00e1rios de Arquivo de seguran\u00e7a AS02<\/h2>\n<p class=\"entry-title title\"><a href=\"https:\/\/arcasgruber.com\/pt-pt\/produtos-para-areas-de-pagamento\/armarios-de-arquivo-de-seguranca\/\"><strong>Arm\u00e1rios de Arquivo de seguran\u00e7a<\/strong><\/a> AS02 apresenta as seguintes caracter\u00edsticas:<\/p>\n<p>Dimens\u00f5es externas: 981 x 550 x 600 mm (Altura x Largura x Profundidade)<\/p>\n<p>Peso: 140 kg<\/p>\n<p>Volume gaveta: 50 litros<\/p>\n<p>Gavetas: 3<\/p>\n<p>Delatores internos anti-roubo<\/p>\n<p><strong>Configura\u00e7\u00e3o b\u00e1sica do Arm\u00e1rios de Arquivo de seguran\u00e7a AS02:<\/strong><\/p>\n<p>1 fechadura de gorges com chave de 2 palhet\u00f5es Vds (2 chaves).<\/p>\n<p>Pintura de poliuretano com efeito texturizado em cinza escuro.<\/p>\n<p>N\u00edvel seguran\u00e7a Documentos: Alto<\/p>\n<p>N\u00edvel seguran\u00e7a Data: Alto<\/p>\n","protected":false},"excerpt":{"rendered":"<p class=\"entry-title title\"><strong>Arm\u00e1rios de Arquivo de seguran\u00e7a AS02<\/strong>: Dimens\u00f5es externas: 981 x 550 x 600 mm (Altura x Largura x Profundidade) &#8211; Peso: 140 kg &#8211; Volume gaveta: 50 litros &#8211; Gavetas: 3<\/p>\n","protected":false},"featured_media":27500,"template":"","meta":{"_acf_changed":false},"product_brand":[],"product_cat":[3129],"product_tag":[],"class_list":{"0":"post-494512","1":"product","2":"type-product","3":"status-publish","4":"has-post-thumbnail","6":"product_cat-armarios-de-arquivo-de-seguranca","8":"first","9":"instock","10":"taxable","11":"shipping-taxable","12":"purchasable","13":"product-type-simple"},"acf":[],"_links":{"self":[{"href":"https:\/\/arcasgruber.com\/pt-pt\/wp-json\/wp\/v2\/product\/494512","targetHints":{"allow":["GET"]}}],"collection":[{"href":"https:\/\/arcasgruber.com\/pt-pt\/wp-json\/wp\/v2\/product"}],"about":[{"href":"https:\/\/arcasgruber.com\/pt-pt\/wp-json\/wp\/v2\/types\/product"}],"version-history":[{"count":0,"href":"https:\/\/arcasgruber.com\/pt-pt\/wp-json\/wp\/v2\/product\/494512\/revisions"}],"wp:featuredmedia":[{"embeddable":true,"href":"https:\/\/arcasgruber.com\/pt-pt\/wp-json\/wp\/v2\/media\/27500"}],"wp:attachment":[{"href":"https:\/\/arcasgruber.com\/pt-pt\/wp-json\/wp\/v2\/media?parent=494512"}],"wp:term":[{"taxonomy":"product_brand","embeddable":true,"href":"https:\/\/arcasgruber.com\/pt-pt\/wp-json\/wp\/v2\/product_brand?post=494512"},{"taxonomy":"product_cat","embeddable":true,"href":"https:\/\/arcasgruber.com\/pt-pt\/wp-json\/wp\/v2\/product_cat?post=494512"},{"taxonomy":"product_tag","embeddable":true,"href":"https:\/\/arcasgruber.com\/pt-pt\/wp-json\/wp\/v2\/product_tag?post=494512"}],"curies":[{"name":"wp","href":"https:\/\/api.w.org\/{rel}","templated":true}]}}