{"id":494493,"date":"2017-06-14T11:26:05","date_gmt":"2017-06-14T09:26:05","guid":{"rendered":"https:\/\/arcasgruber.com\/safescan-2250\/"},"modified":"2025-09-10T15:37:43","modified_gmt":"2025-09-10T13:37:43","slug":"2250","status":"publish","type":"product","link":"https:\/\/arcasgruber.com\/pt-pt\/produtos-para-areas-de-pagamento\/contadoras-de-notas\/2250\/","title":{"rendered":"Contadora de notas 2250"},"content":{"rendered":"<div>\n<h2>Contadora de notas 2250<\/h2>\n<p>A <strong>Contadora de notas 2250<\/strong> oferece uma solu\u00e7\u00e3o profissional que combina rapidez, precis\u00e3o e verifica\u00e7\u00e3o de autenticidade eficiente. \u00c9 capaz de contar at\u00e9 1 000 notas por minuto, verificando simultaneamente tr\u00eas elementos de seguran\u00e7a: tinta ultravioleta (UV), tinta magn\u00e9tica (MG) e dimens\u00e3o da nota.<\/p>\n<p>Apresenta um design intuitivo, um ecr\u00e3 LCD amplo e bot\u00f5es f\u00e1ceis de usar. As fun\u00e7\u00f5es autom\u00e1ticas como in\u00edcio autom\u00e1tico (auto-start), ADD (acumula contagens m\u00faltiplas) e BATCH (cria lotes com n\u00famero definido de notas), otimizam o processamento di\u00e1rio. A tolva traseira comporta at\u00e9 300 notas e o empilhador interrompe automaticamente o processo ap\u00f3s 220 notas; em caso de nota suspeita, o sistema pausa e emite um alerta visual e sonoro.<\/p>\n<h3>Especifica\u00e7\u00f5es t\u00e9cnicas da Contadora de notas 2250<\/h3>\n<ul>\n<li>Velocidade de contagem: at\u00e9 1 000 notas por minuto.<\/li>\n<li>Verifica\u00e7\u00e3o de falsifica\u00e7\u00f5es em 3 pontos: UV, tinta magn\u00e9tica e dimens\u00e3o da nota.<\/li>\n<li>Alarme visual e sonoro quando uma nota \u00e9 considerada suspeita ou tem dimens\u00e3o diferente.<\/li>\n<li>In\u00edcio autom\u00e1tico ao inserir as notas (fun\u00e7\u00e3o auto-start).<\/li>\n<li>Fun\u00e7\u00e3o ADD para acumula\u00e7\u00e3o de contagens entre sess\u00f5es.<\/li>\n<li>Fun\u00e7\u00e3o BATCH para formar lotes com n\u00famero predefinido de notas.<\/li>\n<li>Capacidade da tolva traseira: at\u00e9 300 notas.<\/li>\n<li>Capacidade do empilhador: o processo \u00e9 interrompido ap\u00f3s 220 notas.<\/li>\n<li>Ecr\u00e3 LCD amplo de 3,9\u2033 com interface clara e intuitiva.<\/li>\n<li>Compat\u00edvel com cart\u00f5es de limpeza internos opcionais.<\/li>\n<li>Alimenta\u00e7\u00e3o: AC 220 V \u2013 240 V.<\/li>\n<li>Dimens\u00f5es: 25 \u00d7 29,5 \u00d7 18,4 cm. Peso: 5,8 kg.<\/li>\n<li>Garantia de satisfa\u00e7\u00e3o: 14 dias. Garantia do fabricante: 3 anos.<\/li>\n<li>Certifica\u00e7\u00f5es: CE (atende aos regulamentos WEEE, RoHS e REACH).<\/li>\n<\/ul>\n<p>Com rapidez, seguran\u00e7a e recursos automatizados, a <strong>Contadora de notas 2250<\/strong> \u00e9 ideal para escrit\u00f3rios, estabelecimentos comerciais e empresas que lidam regularmente com numer\u00e1rio. Descubra mais modelos em nossa categoria de <a href=\"https:\/\/arcasgruber.com\/pt-pt\/produtos-para-areas-de-pagamento\/contadoras-de-notas\/\">contadoras de notas<\/a>.<\/p>\n<\/div>\n","protected":false},"excerpt":{"rendered":"<p data-start=\"3101\" data-end=\"3305\">A <strong data-start=\"3103\" data-end=\"3130\">Contadora de notas 2250<\/strong> conta at\u00e9 1 000 notas por minuto, verifica autenticidade por UV, tinta magn\u00e9tica e dimens\u00e3o, e inclui fun\u00e7\u00f5es ADD e BATCH \u2014 r\u00e1pida, precisa e fi\u00e1vel para gest\u00e3o de numer\u00e1rio.<\/p>\n","protected":false},"featured_media":27406,"template":"","meta":{"_acf_changed":false},"product_brand":[],"product_cat":[3133],"product_tag":[],"class_list":{"0":"post-494493","1":"product","2":"type-product","3":"status-publish","4":"has-post-thumbnail","6":"product_cat-contadoras-de-notas","8":"first","9":"instock","10":"taxable","11":"shipping-taxable","12":"purchasable","13":"product-type-simple"},"acf":[],"_links":{"self":[{"href":"https:\/\/arcasgruber.com\/pt-pt\/wp-json\/wp\/v2\/product\/494493","targetHints":{"allow":["GET"]}}],"collection":[{"href":"https:\/\/arcasgruber.com\/pt-pt\/wp-json\/wp\/v2\/product"}],"about":[{"href":"https:\/\/arcasgruber.com\/pt-pt\/wp-json\/wp\/v2\/types\/product"}],"version-history":[{"count":0,"href":"https:\/\/arcasgruber.com\/pt-pt\/wp-json\/wp\/v2\/product\/494493\/revisions"}],"wp:featuredmedia":[{"embeddable":true,"href":"https:\/\/arcasgruber.com\/pt-pt\/wp-json\/wp\/v2\/media\/27406"}],"wp:attachment":[{"href":"https:\/\/arcasgruber.com\/pt-pt\/wp-json\/wp\/v2\/media?parent=494493"}],"wp:term":[{"taxonomy":"product_brand","embeddable":true,"href":"https:\/\/arcasgruber.com\/pt-pt\/wp-json\/wp\/v2\/product_brand?post=494493"},{"taxonomy":"product_cat","embeddable":true,"href":"https:\/\/arcasgruber.com\/pt-pt\/wp-json\/wp\/v2\/product_cat?post=494493"},{"taxonomy":"product_tag","embeddable":true,"href":"https:\/\/arcasgruber.com\/pt-pt\/wp-json\/wp\/v2\/product_tag?post=494493"}],"curies":[{"name":"wp","href":"https:\/\/api.w.org\/{rel}","templated":true}]}}