{"id":494488,"date":"2017-06-14T11:26:02","date_gmt":"2017-06-14T09:26:02","guid":{"rendered":"https:\/\/arcasgruber.com\/gm20p\/"},"modified":"2025-09-12T11:02:35","modified_gmt":"2025-09-12T09:02:35","slug":"gm20p","status":"publish","type":"product","link":"https:\/\/arcasgruber.com\/pt-pt\/produtos-para-areas-de-pagamento\/intercomunicadores-recepcao\/gm20p\/","title":{"rendered":"Intercomunicadores Recep\u00e7\u00e3o GM20P"},"content":{"rendered":"<h2>Intercomunicadores Recep\u00e7\u00e3o GM20P<\/h2>\n<p>Caracter\u00edsticas <a href=\"https:\/\/arcasgruber.com\/pt-pt\/produtos-para-areas-de-pagamento\/intercomunicadores-recepcao\/\"><strong>Intercomunicadores Recep\u00e7\u00e3o<\/strong><\/a> GM20P:<\/p>\n<p>Microfone intercomunicador de guich\u00e9 com dupla dire\u00e7\u00e3o<\/p>\n<p><strong>FUN\u00c7\u00d5ES:<\/strong><\/p>\n<p>Porta de ru\u00eddo no microfone intercomunicador de mesa<\/p>\n<p><strong>POT\u00caNCIA:<\/strong><\/p>\n<p>2 x 400 mW m\u00e1ximo<\/p>\n<p><strong>CONTROLOS:<\/strong><\/p>\n<p>Intercomunicador de mesa: On\/off<\/p>\n<p>Fun\u00e7\u00e3o PTL (m\u00e3os livres) e PTT (pressionar para falar)<\/p>\n<p>Controlo de volume<\/p>\n<p>Seletor de microfone electret ou din\u00e2mico<\/p>\n<p>Intercomunicador exterior:<\/p>\n<p>Bot\u00e3o para chamada<\/p>\n<p><strong>INDICADORES:<\/strong><\/p>\n<p>Indicador luminoso de funcionamento em intercomunicador de mesa e exterior<\/p>\n<p><strong>C\u00c1PSULA:<\/strong><\/p>\n<p>Condensador electret unidirecional<\/p>\n<p><strong>CONETORES:<\/strong><\/p>\n<p>XLR para microfone em intercomunicador de mesa<\/p>\n<p>2 x RCA jack 3,5 mm para intercomunicador exterior<\/p>\n<p><strong>ALIMENTA\u00c7\u00c3O:<\/strong><\/p>\n<p>9 V CC com adaptador inclu\u00eddo<\/p>\n<p><strong>CABO:<\/strong><\/p>\n<p>3 m de cabo, intercomunicador exterior<\/p>\n<p><strong>MEDIDAS:<\/strong><\/p>\n<p>Intercomunicador de mesa: 115 x 65 x 175 mm profundidade<\/p>\n<p>Microfone de tubo flex\u00edvel: 360 mm altura<\/p>\n<p>Intercomunicador exterior: 85 mm \u00d8 x 30 mm altura<\/p>\n<p><strong>PESO:<\/strong><\/p>\n<p>0,86 kg<\/p>\n<p><strong>ACESS\u00d3RIOS:<\/strong><\/p>\n<p>Esponja para supress\u00e3o de ru\u00eddos<\/p>\n<p>Velcro e parafusos para instala\u00e7\u00e3o<\/p>\n","protected":false},"excerpt":{"rendered":"<p><strong>Intercomunicadores Recep\u00e7\u00e3o GM20P<\/strong>: Microfone intercomunicador de guich\u00e9 com dupla dire\u00e7\u00e3o &#8211; FUN\u00c7\u00d5ES: Porta de ru\u00eddo no microfone intercomunicador de mesa<\/p>\n","protected":false},"featured_media":27387,"template":"","meta":{"_acf_changed":false},"product_brand":[],"product_cat":[3130],"product_tag":[],"class_list":{"0":"post-494488","1":"product","2":"type-product","3":"status-publish","4":"has-post-thumbnail","6":"product_cat-intercomunicadores-recepcao","8":"first","9":"instock","10":"sale","11":"taxable","12":"shipping-taxable","13":"purchasable","14":"product-type-simple"},"acf":[],"_links":{"self":[{"href":"https:\/\/arcasgruber.com\/pt-pt\/wp-json\/wp\/v2\/product\/494488","targetHints":{"allow":["GET"]}}],"collection":[{"href":"https:\/\/arcasgruber.com\/pt-pt\/wp-json\/wp\/v2\/product"}],"about":[{"href":"https:\/\/arcasgruber.com\/pt-pt\/wp-json\/wp\/v2\/types\/product"}],"version-history":[{"count":0,"href":"https:\/\/arcasgruber.com\/pt-pt\/wp-json\/wp\/v2\/product\/494488\/revisions"}],"wp:featuredmedia":[{"embeddable":true,"href":"https:\/\/arcasgruber.com\/pt-pt\/wp-json\/wp\/v2\/media\/27387"}],"wp:attachment":[{"href":"https:\/\/arcasgruber.com\/pt-pt\/wp-json\/wp\/v2\/media?parent=494488"}],"wp:term":[{"taxonomy":"product_brand","embeddable":true,"href":"https:\/\/arcasgruber.com\/pt-pt\/wp-json\/wp\/v2\/product_brand?post=494488"},{"taxonomy":"product_cat","embeddable":true,"href":"https:\/\/arcasgruber.com\/pt-pt\/wp-json\/wp\/v2\/product_cat?post=494488"},{"taxonomy":"product_tag","embeddable":true,"href":"https:\/\/arcasgruber.com\/pt-pt\/wp-json\/wp\/v2\/product_tag?post=494488"}],"curies":[{"name":"wp","href":"https:\/\/api.w.org\/{rel}","templated":true}]}}