{"id":494470,"date":"2019-04-17T11:10:23","date_gmt":"2019-04-17T09:10:23","guid":{"rendered":"https:\/\/arcasgruber.com\/ks0607\/"},"modified":"2019-04-17T11:10:23","modified_gmt":"2019-04-17T09:10:23","slug":"ks0607","status":"publish","type":"product","link":"https:\/\/arcasgruber.com\/pt-pt\/cofres-porta-chaves\/caixas-porta-chaves\/ks0607\/","title":{"rendered":"Caixas Porta-Chaves KS0607 &#8211; 600 Chaves"},"content":{"rendered":"<h2><span class=\"jCAhz ChMk0b\"><span class=\"ryNqvb\">Caixas Porta-Chaves KS0607 &#8211; 600 Chaves<\/span><\/span><\/h2>\n<p><span class=\"jCAhz ChMk0b\"><span class=\"ryNqvb\">Caracter\u00edsticas <a href=\"https:\/\/arcasgruber.com\/pt-pt\/cofres-porta-chaves\/caixas-porta-chaves\/\"><strong>Caixas Porta-Chaves<\/strong><\/a> KS0607 &#8211; 600 <\/span><\/span><span class=\"jCAhz ChMk0b\"><span class=\"ryNqvb\">Chaves:<\/span><\/span><\/p>\n<p><span class=\"jCAhz ChMk0b\"><span class=\"ryNqvb\">Dimens\u00f5es exteriores: 550 x 730 x 205 mm (Altura x Largura x Profundidade)<\/span><\/span><\/p>\n<p><span class=\"jCAhz ChMk0b\"><span class=\"ryNqvb\">Peso: 28 kg<\/span><\/span><\/p>\n<p><span class=\"jCAhz ChMk0b\"><span class=\"ryNqvb\">N\u00famero de chaves: 600<\/span><\/span><\/p>\n<p><span class=\"jCAhz ChMk0b\"><span class=\"ryNqvb\">Fechadura eletr\u00f4nica, com sistema de bloqueio anti-viola\u00e7\u00e3o.<\/span><\/span><\/p>\n<p><span class=\"jCAhz ChMk0b\"><span class=\"ryNqvb\">Possui uma ranhura para dep\u00f3sito na lateral, permitindo depositar as chaves sem precisar abrir o cofre.<\/span><\/span><\/p>\n<p><span class=\"jCAhz ChMk0b\"><span class=\"ryNqvb\">Os porta-chaves s\u00e3o fornecidos para o n\u00famero de ganchos de cada modelo<\/span><\/span><\/p>\n<p><span class=\"jCAhz ChMk0b\"><span class=\"ryNqvb\">Cor: RAL9003<\/span><\/span><\/p>\n","protected":false},"excerpt":{"rendered":"<p><span class=\"jCAhz ChMk0b\"><span class=\"ryNqvb\"><strong>Caixas Porta-Chaves KS0607 &#8211; 600 <\/strong><\/span><\/span><strong><span class=\"jCAhz ChMk0b\"><span class=\"ryNqvb\">Chaves: <\/span><\/span><\/strong><span class=\"jCAhz ChMk0b\"><span class=\"ryNqvb\">Dimens\u00f5es exteriores: 550 x 730 x 205 mm (Altura x Largura x Profundidade) &#8211; <\/span><\/span><span class=\"jCAhz ChMk0b\"><span class=\"ryNqvb\">Peso: 28 kg &#8211; <\/span><\/span><span class=\"jCAhz ChMk0b\"><span class=\"ryNqvb\">N\u00famero de chaves: 600<\/span><\/span><\/p>\n","protected":false},"featured_media":27238,"template":"","meta":{"_acf_changed":false},"product_brand":[],"product_cat":[3118],"product_tag":[],"class_list":{"0":"post-494470","1":"product","2":"type-product","3":"status-publish","4":"has-post-thumbnail","6":"product_cat-caixas-porta-chaves","8":"first","9":"instock","10":"taxable","11":"shipping-taxable","12":"purchasable","13":"product-type-simple"},"acf":[],"_links":{"self":[{"href":"https:\/\/arcasgruber.com\/pt-pt\/wp-json\/wp\/v2\/product\/494470","targetHints":{"allow":["GET"]}}],"collection":[{"href":"https:\/\/arcasgruber.com\/pt-pt\/wp-json\/wp\/v2\/product"}],"about":[{"href":"https:\/\/arcasgruber.com\/pt-pt\/wp-json\/wp\/v2\/types\/product"}],"version-history":[{"count":0,"href":"https:\/\/arcasgruber.com\/pt-pt\/wp-json\/wp\/v2\/product\/494470\/revisions"}],"wp:featuredmedia":[{"embeddable":true,"href":"https:\/\/arcasgruber.com\/pt-pt\/wp-json\/wp\/v2\/media\/27238"}],"wp:attachment":[{"href":"https:\/\/arcasgruber.com\/pt-pt\/wp-json\/wp\/v2\/media?parent=494470"}],"wp:term":[{"taxonomy":"product_brand","embeddable":true,"href":"https:\/\/arcasgruber.com\/pt-pt\/wp-json\/wp\/v2\/product_brand?post=494470"},{"taxonomy":"product_cat","embeddable":true,"href":"https:\/\/arcasgruber.com\/pt-pt\/wp-json\/wp\/v2\/product_cat?post=494470"},{"taxonomy":"product_tag","embeddable":true,"href":"https:\/\/arcasgruber.com\/pt-pt\/wp-json\/wp\/v2\/product_tag?post=494470"}],"curies":[{"name":"wp","href":"https:\/\/api.w.org\/{rel}","templated":true}]}}