{"id":494424,"date":"2017-06-14T11:25:46","date_gmt":"2017-06-14T09:25:46","guid":{"rendered":"https:\/\/arcasgruber.com\/494424\/"},"modified":"2023-12-05T11:25:54","modified_gmt":"2023-12-05T10:25:54","slug":"venseg38","status":"publish","type":"product","link":"https:\/\/arcasgruber.com\/pt-pt\/produtos-para-areas-de-pagamento\/janelas-de-seguranca\/venseg38\/","title":{"rendered":"Janelas de seguran\u00e7a \u00e0 prova de balas VENSEG38"},"content":{"rendered":"<h2><span class=\"jCAhz ChMk0b\"><span class=\"ryNqvb\">Janelas de seguran\u00e7a \u00e0 prova de balas VENSEG38<\/span><\/span><\/h2>\n<p><span class=\"jCAhz ChMk0b\"><span class=\"ryNqvb\">Caracter\u00edsticas <a href=\"https:\/\/arcasgruber.com\/pt-pt\/produtos-para-areas-de-pagamento\/janelas-de-seguranca\/\"><strong>Janelas de seguran\u00e7a<\/strong><\/a> \u00e0 prova de balas VENSEG38:<\/span><\/span><\/p>\n<p><span class=\"jCAhz ChMk0b\"><span class=\"ryNqvb\">Todas as janelas de seguran\u00e7a s\u00e3o feitas sob medida<\/span><\/span><\/p>\n<h3><strong><span class=\"jCAhz ChMk0b\"><span class=\"ryNqvb\">Tipo de janela \u00e0 prova de balas<\/span><\/span><\/strong><\/h3>\n<p><span class=\"jCAhz ChMk0b\"><span class=\"ryNqvb\">Janela de seguran\u00e7a tipo contador com slots de moedas integrados<\/span><\/span><\/p>\n<p><span class=\"jCAhz ChMk0b\"><span class=\"ryNqvb\">Janela de seguran\u00e7a com vidro \u00e0 prova de balas embutido<\/span><\/span><\/p>\n<p><strong><span class=\"jCAhz ChMk0b\"><span class=\"ryNqvb\">Fabrica\u00e7\u00e3o:<\/span><\/span><\/strong><\/p>\n<p><span class=\"jCAhz ChMk0b\"><span class=\"ryNqvb\">Composto inteiramente em a\u00e7o inoxid\u00e1vel de alta qualidade<\/span><\/span><\/p>\n<p><span class=\"jCAhz ChMk0b\"><span class=\"ryNqvb\">Revestimento polido para resist\u00eancia e durabilidade<\/span><\/span><\/p>\n<p><strong><span class=\"jCAhz ChMk0b\"><span class=\"ryNqvb\">Grau de seguran\u00e7a:<\/span><\/span><\/strong><\/p>\n<p><span class=\"jCAhz ChMk0b\"><span class=\"ryNqvb\">N\u00edvel de seguran\u00e7a: Alto<\/span><\/span><\/p>\n<p><span class=\"jCAhz ChMk0b\"><span class=\"ryNqvb\">Produto destinado a:<\/span><\/span> <span class=\"jCAhz ChMk0b\"><span class=\"ryNqvb\">hospitais, centros m\u00e9dicos, farm\u00e1cias, postos de gasolina, empresas, bancos, embaixadas, for\u00e7as policiais, casinos e casas de cr\u00e9dito.<\/span><\/span><\/p>\n<p><span class=\"jCAhz ChMk0b\"><span class=\"ryNqvb\"><strong>Op\u00e7\u00f5es de seguran\u00e7a<\/strong>:<\/span><\/span><\/p>\n<p class=\"entry-title title\">Intercomunicadores Recep\u00e7\u00e3o<\/p>\n","protected":false},"excerpt":{"rendered":"<p><span class=\"jCAhz ChMk0b\"><span class=\"ryNqvb\"><strong>Janelas de seguran\u00e7a \u00e0 prova de balas VENSEG38<\/strong>: <\/span><\/span><span class=\"jCAhz ChMk0b\"><span class=\"ryNqvb\">Todas as janelas de seguran\u00e7a s\u00e3o feitas sob medida &#8211; <\/span><\/span><span class=\"jCAhz ChMk0b\"><span class=\"ryNqvb\">Janela de seguran\u00e7a tipo contador com slots de moedas integrados &#8211; <\/span><\/span><span class=\"jCAhz ChMk0b\"><span class=\"ryNqvb\">Janela de seguran\u00e7a com vidro \u00e0 prova de balas embutido<\/span><\/span><\/p>\n","protected":false},"featured_media":27420,"template":"","meta":{"_acf_changed":false},"product_brand":[],"product_cat":[3123],"product_tag":[],"class_list":{"0":"post-494424","1":"product","2":"type-product","3":"status-publish","4":"has-post-thumbnail","6":"product_cat-janelas-de-seguranca","8":"first","9":"instock","10":"taxable","11":"shipping-taxable","12":"purchasable","13":"product-type-simple"},"acf":[],"_links":{"self":[{"href":"https:\/\/arcasgruber.com\/pt-pt\/wp-json\/wp\/v2\/product\/494424","targetHints":{"allow":["GET"]}}],"collection":[{"href":"https:\/\/arcasgruber.com\/pt-pt\/wp-json\/wp\/v2\/product"}],"about":[{"href":"https:\/\/arcasgruber.com\/pt-pt\/wp-json\/wp\/v2\/types\/product"}],"version-history":[{"count":0,"href":"https:\/\/arcasgruber.com\/pt-pt\/wp-json\/wp\/v2\/product\/494424\/revisions"}],"wp:featuredmedia":[{"embeddable":true,"href":"https:\/\/arcasgruber.com\/pt-pt\/wp-json\/wp\/v2\/media\/27420"}],"wp:attachment":[{"href":"https:\/\/arcasgruber.com\/pt-pt\/wp-json\/wp\/v2\/media?parent=494424"}],"wp:term":[{"taxonomy":"product_brand","embeddable":true,"href":"https:\/\/arcasgruber.com\/pt-pt\/wp-json\/wp\/v2\/product_brand?post=494424"},{"taxonomy":"product_cat","embeddable":true,"href":"https:\/\/arcasgruber.com\/pt-pt\/wp-json\/wp\/v2\/product_cat?post=494424"},{"taxonomy":"product_tag","embeddable":true,"href":"https:\/\/arcasgruber.com\/pt-pt\/wp-json\/wp\/v2\/product_tag?post=494424"}],"curies":[{"name":"wp","href":"https:\/\/api.w.org\/{rel}","templated":true}]}}