{"id":494406,"date":"2017-06-14T11:25:38","date_gmt":"2017-06-14T09:25:38","guid":{"rendered":"https:\/\/arcasgruber.com\/pasmon06\/"},"modified":"2025-09-10T11:06:56","modified_gmt":"2025-09-10T09:06:56","slug":"pasmon06","status":"publish","type":"product","link":"https:\/\/arcasgruber.com\/pt-pt\/produtos-para-areas-de-pagamento\/passa-documentos-passa-moedas\/pasmon06\/","title":{"rendered":"Passa Documentos inoxid\u00e1vel PASMON06"},"content":{"rendered":"<h2>Passa Documentos inoxid\u00e1vel PASMON06<\/h2>\n<p><span class=\"jCAhz ChMk0b\"><span class=\"ryNqvb\">Caracter\u00edsticas <a href=\"https:\/\/arcasgruber.com\/pt-pt\/produtos-para-areas-de-pagamento\/passa-documentos\/\"><strong>Passa Documentos<\/strong><\/a> inoxid\u00e1vel PASMON06:<\/span><\/span><\/p>\n<p><span class=\"jCAhz ChMk0b\"><span class=\"ryNqvb\">Dimens\u00f5es exteriores: 40 x 290 x 270 mm (Altura x Largura x Profundidade)<\/span><\/span><\/p>\n<p><span class=\"jCAhz ChMk0b\"><span class=\"ryNqvb\">Dimens\u00f5es de incorpora\u00e7\u00e3o: 38 x 265 x 240 mm (Altura x Largura x Profundidade)<\/span><\/span><\/p>\n<p><span class=\"jCAhz ChMk0b\"><span class=\"ryNqvb\">Luz de passagem: 40 mm<\/span><\/span><\/p>\n<p><strong><span class=\"jCAhz ChMk0b\"><span class=\"ryNqvb\">Caracter\u00edsticas de fabrica\u00e7\u00e3o Passa Documentos inoxid\u00e1vel PASMON06<\/span><\/span><\/strong><\/p>\n<p><span class=\"jCAhz ChMk0b\"><span class=\"ryNqvb\">Composto inteiramente em a\u00e7o inoxid\u00e1vel de alta qualidade<\/span><\/span> <span class=\"jCAhz ChMk0b\"><span class=\"ryNqvb\">Revestimento polido para resist\u00eancia e durabilidade<\/span><\/span><\/p>\n<p><span class=\"jCAhz ChMk0b\"><span class=\"ryNqvb\">N\u00edvel de seguran\u00e7a: Alto<\/span><\/span><\/p>\n<p><span class=\"jCAhz ChMk0b\"><span class=\"ryNqvb\">Produto destinado a<\/span><\/span> <span class=\"jCAhz ChMk0b\"><span class=\"ryNqvb\">Hospitais, centros m\u00e9dicos, farm\u00e1cias, postos de gasolina, empresas\u2026<\/span><\/span><\/p>\n","protected":false},"excerpt":{"rendered":"<p><span class=\"jCAhz ChMk0b\"><span class=\"ryNqvb\"><strong>Passa Documentos inoxid\u00e1vel PASMON06<\/strong>: <\/span><\/span><span class=\"jCAhz ChMk0b\"><span class=\"ryNqvb\">Dimens\u00f5es exteriores: 40 x 290 x 270 mm (Altura x Largura x Profundidade) &#8211; <\/span><\/span><span class=\"jCAhz ChMk0b\"><span class=\"ryNqvb\">Dimens\u00f5es de incorpora\u00e7\u00e3o: 38 x 265 x 240 mm (Altura x Largura x Profundidade) &#8211; <\/span><\/span><span class=\"jCAhz ChMk0b\"><span class=\"ryNqvb\">Luz de passagem: 40 mm<\/span><\/span><\/p>\n","protected":false},"featured_media":27850,"template":"","meta":{"_acf_changed":false},"product_brand":[],"product_cat":[3131],"product_tag":[],"class_list":{"0":"post-494406","1":"product","2":"type-product","3":"status-publish","4":"has-post-thumbnail","6":"product_cat-passa-documentos-passa-moedas","8":"first","9":"instock","10":"taxable","11":"shipping-taxable","12":"purchasable","13":"product-type-simple"},"acf":[],"_links":{"self":[{"href":"https:\/\/arcasgruber.com\/pt-pt\/wp-json\/wp\/v2\/product\/494406","targetHints":{"allow":["GET"]}}],"collection":[{"href":"https:\/\/arcasgruber.com\/pt-pt\/wp-json\/wp\/v2\/product"}],"about":[{"href":"https:\/\/arcasgruber.com\/pt-pt\/wp-json\/wp\/v2\/types\/product"}],"version-history":[{"count":0,"href":"https:\/\/arcasgruber.com\/pt-pt\/wp-json\/wp\/v2\/product\/494406\/revisions"}],"wp:featuredmedia":[{"embeddable":true,"href":"https:\/\/arcasgruber.com\/pt-pt\/wp-json\/wp\/v2\/media\/27850"}],"wp:attachment":[{"href":"https:\/\/arcasgruber.com\/pt-pt\/wp-json\/wp\/v2\/media?parent=494406"}],"wp:term":[{"taxonomy":"product_brand","embeddable":true,"href":"https:\/\/arcasgruber.com\/pt-pt\/wp-json\/wp\/v2\/product_brand?post=494406"},{"taxonomy":"product_cat","embeddable":true,"href":"https:\/\/arcasgruber.com\/pt-pt\/wp-json\/wp\/v2\/product_cat?post=494406"},{"taxonomy":"product_tag","embeddable":true,"href":"https:\/\/arcasgruber.com\/pt-pt\/wp-json\/wp\/v2\/product_tag?post=494406"}],"curies":[{"name":"wp","href":"https:\/\/api.w.org\/{rel}","templated":true}]}}