{"id":494391,"date":"2017-06-14T11:25:34","date_gmt":"2017-06-14T09:25:34","guid":{"rendered":"https:\/\/arcasgruber.com\/vid200e\/"},"modified":"2025-05-22T12:15:32","modified_gmt":"2025-05-22T10:15:32","slug":"vid200e","status":"publish","type":"product","link":"https:\/\/arcasgruber.com\/pt-pt\/cofres-fortes\/cofres-video\/vid200e\/","title":{"rendered":"Cofre forte Video eletr\u00f4nica VID200E"},"content":{"rendered":"<h2>Cofre forte Video eletr\u00f4nica VID200E<\/h2>\n<p><a href=\"https:\/\/arcasgruber.com\/pt-pt\/cofres-fortes\/cofres-video\/\"><strong>Cofre forte Video<\/strong><\/a> eletr\u00f4nica VID200E apresenta as seguintes caracter\u00edsticas:<\/p>\n<p>Dimens\u00f5es externas: 200 x 515 x 450 mm (Altura x Largura x Profundidade)<\/p>\n<p>Dimens\u00f5es internas: 195 x 510 x 425 mm (Altura x Largura x Profundidade)<\/p>\n<p>Peso: 18 kg<\/p>\n<p>Volume: 42 litros<\/p>\n<p>Sistema de fechamento: Combina\u00e7\u00e3o eletr\u00f4nica<\/p>\n<p>Certificado de acordo com a norma UNE 108115<\/p>\n","protected":false},"excerpt":{"rendered":"<p><strong>Cofre forte Video eletr\u00f4nica VID200E<\/strong>: Dimens\u00f5es externas: 200 x 515 x 450 mm (Altura x Largura x Profundidade) &#8211; Dimens\u00f5es internas: 195 x 510 x 425 mm (Altura x Largura x Profundidade) &#8211; Peso: 18 kg &#8211; Volume: 42 litros<\/p>\n","protected":false},"featured_media":495741,"template":"","meta":{"_acf_changed":false},"product_brand":[],"product_cat":[3108],"product_tag":[],"class_list":{"0":"post-494391","1":"product","2":"type-product","3":"status-publish","4":"has-post-thumbnail","6":"product_cat-cofres-video","8":"first","9":"instock","10":"taxable","11":"shipping-taxable","12":"purchasable","13":"product-type-simple"},"acf":[],"_links":{"self":[{"href":"https:\/\/arcasgruber.com\/pt-pt\/wp-json\/wp\/v2\/product\/494391","targetHints":{"allow":["GET"]}}],"collection":[{"href":"https:\/\/arcasgruber.com\/pt-pt\/wp-json\/wp\/v2\/product"}],"about":[{"href":"https:\/\/arcasgruber.com\/pt-pt\/wp-json\/wp\/v2\/types\/product"}],"version-history":[{"count":0,"href":"https:\/\/arcasgruber.com\/pt-pt\/wp-json\/wp\/v2\/product\/494391\/revisions"}],"wp:featuredmedia":[{"embeddable":true,"href":"https:\/\/arcasgruber.com\/pt-pt\/wp-json\/wp\/v2\/media\/495741"}],"wp:attachment":[{"href":"https:\/\/arcasgruber.com\/pt-pt\/wp-json\/wp\/v2\/media?parent=494391"}],"wp:term":[{"taxonomy":"product_brand","embeddable":true,"href":"https:\/\/arcasgruber.com\/pt-pt\/wp-json\/wp\/v2\/product_brand?post=494391"},{"taxonomy":"product_cat","embeddable":true,"href":"https:\/\/arcasgruber.com\/pt-pt\/wp-json\/wp\/v2\/product_cat?post=494391"},{"taxonomy":"product_tag","embeddable":true,"href":"https:\/\/arcasgruber.com\/pt-pt\/wp-json\/wp\/v2\/product_tag?post=494391"}],"curies":[{"name":"wp","href":"https:\/\/api.w.org\/{rel}","templated":true}]}}