{"id":494386,"date":"2017-06-14T11:25:33","date_gmt":"2017-06-14T09:25:33","guid":{"rendered":"https:\/\/arcasgruber.com\/xa195\/"},"modified":"2017-06-14T11:25:33","modified_gmt":"2017-06-14T09:25:33","slug":"xa195","status":"publish","type":"product","link":"https:\/\/arcasgruber.com\/pt-pt\/armarios-de-seguranca\/armarios-blindados\/xa195\/","title":{"rendered":"Arm\u00e1rios blindados XA195"},"content":{"rendered":"<h2>Arm\u00e1rios blindados XA195<\/h2>\n<p><a href=\"https:\/\/arcasgruber.com\/pt-pt\/armarios-de-seguranca\/armarios-blindados\/\"><strong>Arm\u00e1rios blindados<\/strong><\/a> XA195 apresenta as seguintes caracter\u00edsticas:<\/p>\n<p>Dimens\u00f5es externas: 1950 x 1250 x 600 mm (Altura x Largura x Profundidade)<\/p>\n<p>Dimens\u00f5es internas: 1845 x 1245 x 530 mm (Altura x Largura x Profundidade)<\/p>\n<p>Peso: 330 kg<\/p>\n<p>Volume: 1217 litros<\/p>\n<p>Delatores internos anti-roubo<\/p>\n<p>Abertura de s\u00e9rie: Dobradi\u00e7as ajust\u00e1veis instaladas no lado direito e esquerdo das portas.<\/p>\n<p>\u00c2ngulo de abertura: \u00e1ngulo m\u00e1ximo de apertura de puerta de 180\u00ba com sistema de dobradi\u00e7as anti-serra.<\/p>\n<p><strong>Configura\u00e7\u00e3o b\u00e1sica do Arm\u00e1rios blindados XA195:<\/strong><\/p>\n<p>1 fechadura de gorges com chave de 2 palhet\u00f5es Vds (2 chaves).<\/p>\n<p>Pintura de poliuretano com efeito texturizado em cinza escuro.<\/p>\n<p>Sistema de ancoragem na base do Arm\u00e1rio.<\/p>\n","protected":false},"excerpt":{"rendered":"<p><strong>Arm\u00e1rios blindados XA195<\/strong>: Dimens\u00f5es externas: 1950 x 1250 x 600 mm (Altura x Largura x Profundidade) &#8211; Dimens\u00f5es internas: 1845 x 1245 x 530 mm (Altura x Largura x Profundidade) &#8211; Peso: 330 kg &#8211; Volume: 1217 litros<\/p>\n","protected":false},"featured_media":499875,"template":"","meta":{"_acf_changed":false},"product_brand":[],"product_cat":[3137],"product_tag":[],"class_list":{"0":"post-494386","1":"product","2":"type-product","3":"status-publish","4":"has-post-thumbnail","6":"product_cat-armarios-blindados","8":"first","9":"instock","10":"taxable","11":"shipping-taxable","12":"purchasable","13":"product-type-simple"},"acf":[],"_links":{"self":[{"href":"https:\/\/arcasgruber.com\/pt-pt\/wp-json\/wp\/v2\/product\/494386","targetHints":{"allow":["GET"]}}],"collection":[{"href":"https:\/\/arcasgruber.com\/pt-pt\/wp-json\/wp\/v2\/product"}],"about":[{"href":"https:\/\/arcasgruber.com\/pt-pt\/wp-json\/wp\/v2\/types\/product"}],"version-history":[{"count":0,"href":"https:\/\/arcasgruber.com\/pt-pt\/wp-json\/wp\/v2\/product\/494386\/revisions"}],"wp:featuredmedia":[{"embeddable":true,"href":"https:\/\/arcasgruber.com\/pt-pt\/wp-json\/wp\/v2\/media\/499875"}],"wp:attachment":[{"href":"https:\/\/arcasgruber.com\/pt-pt\/wp-json\/wp\/v2\/media?parent=494386"}],"wp:term":[{"taxonomy":"product_brand","embeddable":true,"href":"https:\/\/arcasgruber.com\/pt-pt\/wp-json\/wp\/v2\/product_brand?post=494386"},{"taxonomy":"product_cat","embeddable":true,"href":"https:\/\/arcasgruber.com\/pt-pt\/wp-json\/wp\/v2\/product_cat?post=494386"},{"taxonomy":"product_tag","embeddable":true,"href":"https:\/\/arcasgruber.com\/pt-pt\/wp-json\/wp\/v2\/product_tag?post=494386"}],"curies":[{"name":"wp","href":"https:\/\/api.w.org\/{rel}","templated":true}]}}