{"id":494383,"date":"2017-06-14T11:25:32","date_gmt":"2017-06-14T09:25:32","guid":{"rendered":"https:\/\/arcasgruber.com\/494383\/"},"modified":"2024-03-18T13:58:29","modified_gmt":"2024-03-18T12:58:29","slug":"xa145","status":"publish","type":"product","link":"https:\/\/arcasgruber.com\/pt-pt\/armarios-de-seguranca\/armarios-blindados\/xa145\/","title":{"rendered":"Arm\u00e1rios blindados XA145"},"content":{"rendered":"<h2>Arm\u00e1rios blindados XA145<\/h2>\n<p><a href=\"https:\/\/arcasgruber.com\/pt-pt\/armarios-de-seguranca\/armarios-blindados\/\"><strong>Arm\u00e1rios blindados<\/strong><\/a> XA145 apresenta as seguintes caracter\u00edsticas:<\/p>\n<p>Dimens\u00f5es externas: 1450 x 600 x 425 mm (Altura x Largura x Profundidade)<\/p>\n<p>Dimens\u00f5es internas: 1340 x 595 x 335 mm (Altura x Largura x Profundidade)<\/p>\n<p>Peso: 107 kg<\/p>\n<p>Volume: 283 litros<\/p>\n<p>Delatores internos anti-roubo<\/p>\n<p>Abertura de s\u00e9rie: Dobradi\u00e7as ajust\u00e1veis instaladas no lado direito e esquerdo das portas.<\/p>\n<p>\u00c2ngulo de abertura: \u00e1ngulo m\u00e1ximo de apertura de puerta de 180\u00ba com sistema de dobradi\u00e7as anti-serra.<\/p>\n<p><strong>Configura\u00e7\u00e3o b\u00e1sica do Arm\u00e1rios XA145:<\/strong><\/p>\n<p>1 fechadura de gorges com chave de 2 palhet\u00f5es Vds (2 chaves).<\/p>\n<p>Pintura de poliuretano com efeito texturizado em cinza escuro.<\/p>\n<p>Sistema de ancoragem na base do Arm\u00e1rio.<\/p>\n","protected":false},"excerpt":{"rendered":"<p><strong>Arm\u00e1rios blindados XA145<\/strong>: Dimens\u00f5es externas: 1450 x 600 x 425 mm (Altura x Largura x Profundidade) &#8211; Dimens\u00f5es internas: 1340 x 595 x 335 mm (Altura x Largura x Profundidade) &#8211; Peso: 107 kg &#8211; Volume: 283 litros<\/p>\n","protected":false},"featured_media":27188,"template":"","meta":{"_acf_changed":false},"product_brand":[],"product_cat":[3137],"product_tag":[],"class_list":{"0":"post-494383","1":"product","2":"type-product","3":"status-publish","4":"has-post-thumbnail","6":"product_cat-armarios-blindados","8":"first","9":"instock","10":"taxable","11":"shipping-taxable","12":"purchasable","13":"product-type-simple"},"acf":[],"_links":{"self":[{"href":"https:\/\/arcasgruber.com\/pt-pt\/wp-json\/wp\/v2\/product\/494383","targetHints":{"allow":["GET"]}}],"collection":[{"href":"https:\/\/arcasgruber.com\/pt-pt\/wp-json\/wp\/v2\/product"}],"about":[{"href":"https:\/\/arcasgruber.com\/pt-pt\/wp-json\/wp\/v2\/types\/product"}],"version-history":[{"count":0,"href":"https:\/\/arcasgruber.com\/pt-pt\/wp-json\/wp\/v2\/product\/494383\/revisions"}],"wp:featuredmedia":[{"embeddable":true,"href":"https:\/\/arcasgruber.com\/pt-pt\/wp-json\/wp\/v2\/media\/27188"}],"wp:attachment":[{"href":"https:\/\/arcasgruber.com\/pt-pt\/wp-json\/wp\/v2\/media?parent=494383"}],"wp:term":[{"taxonomy":"product_brand","embeddable":true,"href":"https:\/\/arcasgruber.com\/pt-pt\/wp-json\/wp\/v2\/product_brand?post=494383"},{"taxonomy":"product_cat","embeddable":true,"href":"https:\/\/arcasgruber.com\/pt-pt\/wp-json\/wp\/v2\/product_cat?post=494383"},{"taxonomy":"product_tag","embeddable":true,"href":"https:\/\/arcasgruber.com\/pt-pt\/wp-json\/wp\/v2\/product_tag?post=494383"}],"curies":[{"name":"wp","href":"https:\/\/api.w.org\/{rel}","templated":true}]}}