{"id":494284,"date":"2017-06-14T11:24:51","date_gmt":"2017-06-14T09:24:51","guid":{"rendered":"https:\/\/arcasgruber.com\/fs0443\/"},"modified":"2017-06-14T11:24:51","modified_gmt":"2017-06-14T09:24:51","slug":"fs0443","status":"publish","type":"product","link":"https:\/\/arcasgruber.com\/pt-pt\/armarios-de-seguranca\/armarios-de-seguranca-resistentes-ao-fogo\/fs0443\/","title":{"rendered":"Arm\u00e1rios Resistentes ao fogo FS0443"},"content":{"rendered":"<h2>Arm\u00e1rios Resistentes ao fogo FS0443<\/h2>\n<p><a href=\"https:\/\/arcasgruber.com\/pt-pt\/armarios-de-seguranca\/armarios-de-seguranca-resistentes-ao-fogo\/\"><strong>Arm\u00e1rios Resistentes ao fogo<\/strong><\/a> FS0443 apresenta as seguintes caracter\u00edsticas:<\/p>\n<p>Dimens\u00f5es externas: 1065 x 655 x 560 mm (Altura x Largura x Profundidade)<\/p>\n<p>Dimens\u00f5es internas: 880 x 475 x 350 mm (Altura x Largura x Profundidade)<\/p>\n<p>Peso: 223 kg<\/p>\n<p>Volume: 145 litros<\/p>\n<p>Prateleiras: 1<\/p>\n<p>Gavetas: 1<\/p>\n<p>Delatores internos anti-roubo<\/p>\n<p>Abertura de s\u00e9rie: Dobradi\u00e7as ajust\u00e1veis instaladas no lado direito e esquerdo das portas.<\/p>\n<p>\u00c2ngulo de abertura: \u00e1ngulo m\u00e1ximo de apertura de puerta de 180\u00ba com sistema de dobradi\u00e7as anti-serra.<\/p>\n<p><strong>Configura\u00e7\u00e3o b\u00e1sica do Arm\u00e1rios Resistentes ao fogo FS0443:<\/strong><\/p>\n<p>1 fechadura de gorges com chave de 2 palhet\u00f5es Vds (2 chaves).<\/p>\n<p>Pintura de poliuretano com efeito texturizado em cinza escuro.<\/p>\n<p>Sistema de ancoragem na base do cofre.<\/p>\n<p>N\u00edvel Ignifugo certificado: 60 minutos DATA<\/p>\n<p>N\u00edvel Ignifugo certificado: 120 minutos Documentos<\/p>\n","protected":false},"excerpt":{"rendered":"<p><strong>Arm\u00e1rios Resistentes ao fogo FS0443:\u00a0<\/strong>Dimens\u00f5es externas: 1065 x 655 x 560 mm (Altura x Largura x Profundidade) &#8211; Dimens\u00f5es internas: 880 x 475 x 350 mm (Altura x Largura x Profundidade) &#8211; Peso: 223 kg &#8211; Volume: 145 litros &#8211; N\u00edvel Ignifugo certificado: 60 minutos DATA &#8211; N\u00edvel Ignifugo certificado: 120 minutos Documentos<\/p>\n","protected":false},"featured_media":27120,"template":"","meta":{"_acf_changed":false},"product_brand":[],"product_cat":[3135],"product_tag":[],"class_list":{"0":"post-494284","1":"product","2":"type-product","3":"status-publish","4":"has-post-thumbnail","6":"product_cat-armarios-de-seguranca-resistentes-ao-fogo","8":"first","9":"instock","10":"taxable","11":"shipping-taxable","12":"purchasable","13":"product-type-simple"},"acf":[],"_links":{"self":[{"href":"https:\/\/arcasgruber.com\/pt-pt\/wp-json\/wp\/v2\/product\/494284","targetHints":{"allow":["GET"]}}],"collection":[{"href":"https:\/\/arcasgruber.com\/pt-pt\/wp-json\/wp\/v2\/product"}],"about":[{"href":"https:\/\/arcasgruber.com\/pt-pt\/wp-json\/wp\/v2\/types\/product"}],"version-history":[{"count":0,"href":"https:\/\/arcasgruber.com\/pt-pt\/wp-json\/wp\/v2\/product\/494284\/revisions"}],"wp:featuredmedia":[{"embeddable":true,"href":"https:\/\/arcasgruber.com\/pt-pt\/wp-json\/wp\/v2\/media\/27120"}],"wp:attachment":[{"href":"https:\/\/arcasgruber.com\/pt-pt\/wp-json\/wp\/v2\/media?parent=494284"}],"wp:term":[{"taxonomy":"product_brand","embeddable":true,"href":"https:\/\/arcasgruber.com\/pt-pt\/wp-json\/wp\/v2\/product_brand?post=494284"},{"taxonomy":"product_cat","embeddable":true,"href":"https:\/\/arcasgruber.com\/pt-pt\/wp-json\/wp\/v2\/product_cat?post=494284"},{"taxonomy":"product_tag","embeddable":true,"href":"https:\/\/arcasgruber.com\/pt-pt\/wp-json\/wp\/v2\/product_tag?post=494284"}],"curies":[{"name":"wp","href":"https:\/\/api.w.org\/{rel}","templated":true}]}}