{"id":494244,"date":"2017-06-14T11:24:23","date_gmt":"2017-06-14T09:24:23","guid":{"rendered":"https:\/\/arcasgruber.com\/fs2264\/"},"modified":"2025-08-18T15:51:33","modified_gmt":"2025-08-18T13:51:33","slug":"fs2264","status":"publish","type":"product","link":"https:\/\/arcasgruber.com\/pt-pt\/produtos-para-areas-de-pagamento\/armario-para-arquivos-resistente-ao-fogo\/fs2264\/","title":{"rendered":"Arm\u00e1rio para arquivos resistente ao fogo FS2264"},"content":{"rendered":"<h2 class=\"entry-title title\">Arm\u00e1rio para arquivos resistente ao fogo FS2264<\/h2>\n<p class=\"entry-title title\"><a href=\"https:\/\/arcasgruber.com\/pt-pt\/produtos-para-areas-de-pagamento\/armario-para-arquivos-resistente-ao-fogo\/\"><strong>Arm\u00e1rio para arquivos resistente ao fogo<\/strong><\/a> FS2264 apresenta as seguintes caracter\u00edsticas:<\/p>\n<p>Dimens\u00f5es externas: 1406 x 528 x 805 mm (Altura x Largura x Profundidade)<\/p>\n<p>Peso: 333 kg<\/p>\n<p>Volume gaveta: 62 litros<\/p>\n<p>Gavetas: 4<\/p>\n<p>Delatores internos anti-roubo<\/p>\n<p><strong>Configura\u00e7\u00e3o b\u00e1sica do Arm\u00e1rio para arquivos resistente ao fogo FS2264:<\/strong><\/p>\n<p>1 fechadura de gorges com chave de 2 palhet\u00f5es Vds (2 chaves).<\/p>\n<p>Pintura de poliuretano com efeito texturizado em cinza escuro.<\/p>\n<p>N\u00edvel de resist\u00eancia ao fogo para papel: 90 minutos<\/p>\n<p>N\u00edvel de resist\u00eancia ao fogo para Data: Gaveta opcional FSPDI08<\/p>\n","protected":false},"excerpt":{"rendered":"<p class=\"entry-title title\"><strong>Arm\u00e1rio para arquivos resistente ao fogo FS2264<\/strong>: Dimens\u00f5es externas: 1406 x 528 x 805 mm (Altura x Largura x Profundidade) &#8211; Peso: 333 kg &#8211; Volume gaveta: 62 litros &#8211; Gavetas: 4<\/p>\n","protected":false},"featured_media":27083,"template":"","meta":{"_acf_changed":false},"product_brand":[],"product_cat":[3128],"product_tag":[],"class_list":{"0":"post-494244","1":"product","2":"type-product","3":"status-publish","4":"has-post-thumbnail","6":"product_cat-armario-para-arquivos-resistente-ao-fogo","8":"first","9":"instock","10":"taxable","11":"shipping-taxable","12":"purchasable","13":"product-type-simple"},"acf":[],"_links":{"self":[{"href":"https:\/\/arcasgruber.com\/pt-pt\/wp-json\/wp\/v2\/product\/494244","targetHints":{"allow":["GET"]}}],"collection":[{"href":"https:\/\/arcasgruber.com\/pt-pt\/wp-json\/wp\/v2\/product"}],"about":[{"href":"https:\/\/arcasgruber.com\/pt-pt\/wp-json\/wp\/v2\/types\/product"}],"version-history":[{"count":0,"href":"https:\/\/arcasgruber.com\/pt-pt\/wp-json\/wp\/v2\/product\/494244\/revisions"}],"wp:featuredmedia":[{"embeddable":true,"href":"https:\/\/arcasgruber.com\/pt-pt\/wp-json\/wp\/v2\/media\/27083"}],"wp:attachment":[{"href":"https:\/\/arcasgruber.com\/pt-pt\/wp-json\/wp\/v2\/media?parent=494244"}],"wp:term":[{"taxonomy":"product_brand","embeddable":true,"href":"https:\/\/arcasgruber.com\/pt-pt\/wp-json\/wp\/v2\/product_brand?post=494244"},{"taxonomy":"product_cat","embeddable":true,"href":"https:\/\/arcasgruber.com\/pt-pt\/wp-json\/wp\/v2\/product_cat?post=494244"},{"taxonomy":"product_tag","embeddable":true,"href":"https:\/\/arcasgruber.com\/pt-pt\/wp-json\/wp\/v2\/product_tag?post=494244"}],"curies":[{"name":"wp","href":"https:\/\/api.w.org\/{rel}","templated":true}]}}