{"id":494200,"date":"2017-06-14T11:24:02","date_gmt":"2017-06-14T09:24:02","guid":{"rendered":"https:\/\/arcasgruber.com\/phantom\/"},"modified":"2017-06-14T11:24:02","modified_gmt":"2017-06-14T09:24:02","slug":"phantom","status":"publish","type":"product","link":"https:\/\/arcasgruber.com\/pt-pt\/cofres-fortes\/cofres-de-luxo\/phantom\/","title":{"rendered":"Cofre de luxo Phantom"},"content":{"rendered":"<h2>Cofre de luxo Phantom<\/h2>\n<p><a href=\"https:\/\/arcasgruber.com\/pt-pt\/cofres-fortes\/cofres-de-luxo\/\"><strong>Cofre de luxo<\/strong><\/a> Phantom apresenta as seguintes caracter\u00edsticas:<\/p>\n<p>Dimens\u00f5es externas: 1000 x 700 x 620 mm (Altura x Largura x Profundidade)<\/p>\n<p>Dimens\u00f5es internas: 800 x 500 x 345 mm (Altura x Largura x Profundidade)<\/p>\n<p>Peso: 790 kg<\/p>\n<p>Volume: 138.0 litros<\/p>\n<p>Profundidade de Porta: 170 mm<\/p>\n<p>Delatores internos anti-roubo<\/p>\n<p>Abertura de s\u00e9rie: Dobradi\u00e7as ajust\u00e1veis instaladas no lado direito e esquerdo das portas.<\/p>\n<p>\u00c2ngulo de abertura: \u00e1ngulo m\u00e1ximo de apertura de puerta de 180\u00ba com sistema de dobradi\u00e7as anti-serra.<\/p>\n<p><strong>Configura\u00e7\u00e3o b\u00e1sica do Cofre forte luxury Phantom:<\/strong><\/p>\n<p>2 fechadura de gorges com chave de 2 palhet\u00f5es Vds (2 chaves).<\/p>\n<p>Pintura de poliuretano com efeito texturizado em cinza escuro.<\/p>\n<p>Sistema de ancoragem na base do cofre.<\/p>\n<p>N\u00edvel de seguran\u00e7a certificado de acordo com a Norma Europeia UNE EN 1143-1:2019 Grau 4.<\/p>\n","protected":false},"excerpt":{"rendered":"<p><strong>Cofre de luxo Phantom<\/strong>: Dimens\u00f5es externas: 1000 x 700 x 620 mm (Altura x Largura x Profundidade) &#8211; Dimens\u00f5es internas: 800 x 500 x 345 mm (Altura x Largura x Profundidade) &#8211; Peso: 790 kg &#8211; Volume: 138.0 litros<\/p>\n","protected":false},"featured_media":495757,"template":"","meta":{"_acf_changed":false},"product_brand":[],"product_cat":[3106],"product_tag":[],"class_list":{"0":"post-494200","1":"product","2":"type-product","3":"status-publish","4":"has-post-thumbnail","6":"product_cat-cofres-de-luxo","8":"first","9":"instock","10":"taxable","11":"shipping-taxable","12":"purchasable","13":"product-type-simple"},"acf":[],"_links":{"self":[{"href":"https:\/\/arcasgruber.com\/pt-pt\/wp-json\/wp\/v2\/product\/494200","targetHints":{"allow":["GET"]}}],"collection":[{"href":"https:\/\/arcasgruber.com\/pt-pt\/wp-json\/wp\/v2\/product"}],"about":[{"href":"https:\/\/arcasgruber.com\/pt-pt\/wp-json\/wp\/v2\/types\/product"}],"version-history":[{"count":0,"href":"https:\/\/arcasgruber.com\/pt-pt\/wp-json\/wp\/v2\/product\/494200\/revisions"}],"wp:featuredmedia":[{"embeddable":true,"href":"https:\/\/arcasgruber.com\/pt-pt\/wp-json\/wp\/v2\/media\/495757"}],"wp:attachment":[{"href":"https:\/\/arcasgruber.com\/pt-pt\/wp-json\/wp\/v2\/media?parent=494200"}],"wp:term":[{"taxonomy":"product_brand","embeddable":true,"href":"https:\/\/arcasgruber.com\/pt-pt\/wp-json\/wp\/v2\/product_brand?post=494200"},{"taxonomy":"product_cat","embeddable":true,"href":"https:\/\/arcasgruber.com\/pt-pt\/wp-json\/wp\/v2\/product_cat?post=494200"},{"taxonomy":"product_tag","embeddable":true,"href":"https:\/\/arcasgruber.com\/pt-pt\/wp-json\/wp\/v2\/product_tag?post=494200"}],"curies":[{"name":"wp","href":"https:\/\/api.w.org\/{rel}","templated":true}]}}