{"id":493169,"date":"2017-06-14T11:24:49","date_gmt":"2017-06-14T09:24:49","guid":{"rendered":"https:\/\/arcasgruber.com\/md2430\/"},"modified":"2025-11-05T08:15:55","modified_gmt":"2025-11-05T07:15:55","slug":"cofre-forte-ignifugo-data-md2430","status":"publish","type":"product","link":"https:\/\/arcasgruber.com\/pt-pt\/cofres-fortes\/cofres-ignifugos\/cofre-forte-ignifugo-data-md2430\/","title":{"rendered":"Cofre Forte Ignifugo Data MD2430"},"content":{"rendered":"\t\t<div data-elementor-type=\"product-post\" data-elementor-id=\"493169\" class=\"elementor elementor-493169 elementor-12222\" data-elementor-post-type=\"product\">\n\t\t\t\t\t\t<section class=\"has_ae_slider elementor-section elementor-top-section elementor-element elementor-element-50438c8f elementor-section-boxed elementor-section-height-default elementor-section-height-default wd-section-disabled ae-bg-gallery-type-default\" data-id=\"50438c8f\" data-element_type=\"section\">\n\t\t\t\t\t\t<div class=\"elementor-container elementor-column-gap-default\">\n\t\t\t\t\t<div class=\"has_ae_slider elementor-column elementor-col-100 elementor-top-column elementor-element elementor-element-1c935b11 ae-bg-gallery-type-default\" data-id=\"1c935b11\" data-element_type=\"column\">\n\t\t\t<div class=\"elementor-widget-wrap elementor-element-populated\">\n\t\t\t\t\t\t<div class=\"elementor-element elementor-element-4da64517 color-scheme-inherit text-left elementor-widget elementor-widget-text-editor\" data-id=\"4da64517\" data-element_type=\"widget\" data-widget_type=\"text-editor.default\">\n\t\t\t\t<div class=\"elementor-widget-container\">\n\t\t\t\t\t\t\t\t\t<h2><strong>Caja Fuerte Ign\u00edfuga para Soportes Magn\u00e9ticos MD2430<\/strong><\/h2><h3><strong>\ud83d\udd39 Caracter\u00edsticas Principales<\/strong><\/h3><p>\u2714 <strong>Medidas exteriores:<\/strong> 1460 x 890 x 800 mm (Alto x Ancho x Fondo)<br \/>\u2714 <strong>Medidas interiores:<\/strong> 1205 x 670 x 530 mm (Alto x Ancho x Fondo)<br \/>\u2714 <strong>Volumen:<\/strong> 430 litros<br \/>\u2714 <strong>Peso:<\/strong> 740 Kg<br \/>\u2714 <strong>N\u00famero de bandejas extra\u00edbles:<\/strong> 4<br \/>\u2714 <strong>\u00c1ngulo de apertura de puerta:<\/strong> 200\u00b0<br \/>\u2714 <strong>Sistema de cierre:<\/strong> Bulones giratorios activos y pasivos anti-sierra<br \/>\u2714 <strong>Blindaje:<\/strong> Acero al manganeso<\/p><h3><strong>\ud83d\udd25 Seguridad y Protecci\u00f3n Ign\u00edfuga<\/strong><\/h3><p>\u2705 <strong>Protecci\u00f3n contra incendios:<\/strong> Resistencia al fuego durante <strong>120 minutos<\/strong>, certificada seg\u00fan la <strong>Normativa Europea EN 1047-1 \/ S120DIS<\/strong>.<br \/>\u2705 <strong>Certificaci\u00f3n de seguridad:<\/strong> <strong>Grado 2<\/strong> seg\u00fan <strong>UNE-EN 1143-1<\/strong>.<br \/>\u2705 <strong>Protecci\u00f3n contra el agua:<\/strong> Resistente a inundaciones y sistemas de aspersi\u00f3n contra incendios.<br \/>\u2705 <strong>Valor asegurable:<\/strong> 35.000\u20ac<\/p><h3><strong>\ud83d\udd39 Encuentra m\u00e1s Cajas Fuertes Ign\u00edfugas y Cajas Fuertes de Alta Seguridad<\/strong><\/h3><p>Si buscas otra <strong><span style=\"text-decoration: underline;\"><a href=\"https:\/\/arcasgruber.com\/cajas-fuertes\/ignifugas\/\" target=\"_blank\" rel=\"noopener\">caja fuerte ign\u00edfuga<\/a><\/span><\/strong>, consulta nuestra gama de modelos con distintos niveles de protecci\u00f3n y capacidades.<\/p><p>Tambi\u00e9n puedes ver nuestra selecci\u00f3n completa de <a href=\"https:\/\/arcasgruber.com\/cajas-fuertes\/\" target=\"_blank\" rel=\"noopener\"><span style=\"text-decoration: underline;\"><strong>cajas fuertes<\/strong><\/span><\/a> certificadas para m\u00e1xima seguridad en hogares y empresas.<\/p><p>\ud83d\udccc <strong>\u00bfSab\u00edas que Arcas Gruber pertenece al Grupo Gruber?<\/strong> Somos un conglomerado de empresas especializadas en la <strong>fabricaci\u00f3n de productos de seguridad f\u00edsica<\/strong>.<\/p>\t\t\t\t\t\t\t\t<\/div>\n\t\t\t\t<\/div>\n\t\t\t\t\t<\/div>\n\t\t<\/div>\n\t\t\t\t\t<\/div>\n\t\t<\/section>\n\t\t\t\t<\/div>\n\t\t","protected":false},"excerpt":{"rendered":"<p>O <strong>Cofre Forte Ignifugo Data MD2430<\/strong> garante 120 minutos de prote\u00e7\u00e3o certificada contra fogo e Grau 2 de seguran\u00e7a, sendo ideal para proteger dados e equipamentos sens\u00edveis em ambientes profissionais ou institucionais.<\/p>\n","protected":false},"featured_media":27117,"template":"","meta":{"_acf_changed":false},"product_brand":[],"product_cat":[3101],"product_tag":[],"class_list":{"0":"post-493169","1":"product","2":"type-product","3":"status-publish","4":"has-post-thumbnail","6":"product_cat-cofres-ignifugos","8":"first","9":"onbackorder","10":"taxable","11":"shipping-taxable","12":"purchasable","13":"product-type-simple"},"acf":[],"_links":{"self":[{"href":"https:\/\/arcasgruber.com\/pt-pt\/wp-json\/wp\/v2\/product\/493169","targetHints":{"allow":["GET"]}}],"collection":[{"href":"https:\/\/arcasgruber.com\/pt-pt\/wp-json\/wp\/v2\/product"}],"about":[{"href":"https:\/\/arcasgruber.com\/pt-pt\/wp-json\/wp\/v2\/types\/product"}],"version-history":[{"count":0,"href":"https:\/\/arcasgruber.com\/pt-pt\/wp-json\/wp\/v2\/product\/493169\/revisions"}],"wp:featuredmedia":[{"embeddable":true,"href":"https:\/\/arcasgruber.com\/pt-pt\/wp-json\/wp\/v2\/media\/27117"}],"wp:attachment":[{"href":"https:\/\/arcasgruber.com\/pt-pt\/wp-json\/wp\/v2\/media?parent=493169"}],"wp:term":[{"taxonomy":"product_brand","embeddable":true,"href":"https:\/\/arcasgruber.com\/pt-pt\/wp-json\/wp\/v2\/product_brand?post=493169"},{"taxonomy":"product_cat","embeddable":true,"href":"https:\/\/arcasgruber.com\/pt-pt\/wp-json\/wp\/v2\/product_cat?post=493169"},{"taxonomy":"product_tag","embeddable":true,"href":"https:\/\/arcasgruber.com\/pt-pt\/wp-json\/wp\/v2\/product_tag?post=493169"}],"curies":[{"name":"wp","href":"https:\/\/api.w.org\/{rel}","templated":true}]}}