{"id":492384,"date":"2017-06-14T11:25:10","date_gmt":"2017-06-14T09:25:10","guid":{"rendered":"https:\/\/arcasgruber.com\/ss0312\/"},"modified":"2023-09-26T09:19:00","modified_gmt":"2023-09-26T07:19:00","slug":"ss0312","status":"publish","type":"product","link":"https:\/\/arcasgruber.com\/pt-pt\/cofres-fortes\/cofres-de-hotel\/ss0312\/","title":{"rendered":"Cofre de hotel eletr\u00f4nica SS0312"},"content":{"rendered":"<h2>Cofre de hotel eletr\u00f4nica SS0312<\/h2>\n<p><a href=\"https:\/\/arcasgruber.com\/pt-pt\/cofres-fortes\/cofres-de-hotel\/\"><strong>Cofre de hotel<\/strong><\/a> eletr\u00f4nica SS0312 principais caracter\u00edsticas:<\/p>\n<p>Dimens\u00f5es Exteriores: 250 x 450 x 365 mm (Altura x Largura x Profundidade)<\/p>\n<p>Dimens\u00f5es Internas: 247 x 447 x 305 mm (Altura x Largura x Profundidade)<\/p>\n<p>Volume: 33 litros<\/p>\n<p>Peso: 12.5 Kg<\/p>\n<p>Prateleiras: 0<\/p>\n<p>\u00c2ngulo de Abertura da Porta: 260 mm<\/p>\n<p>Mecanismo de Seguran\u00e7a: Combina\u00e7\u00e3o eletr\u00f4nica (Chave de emerg\u00eancia)<\/p>\n<p>Material de Constru\u00e7\u00e3o: \u00c9 fabricada inteiramente em chapa de a\u00e7o de alta resist\u00eancia para maior durabilidade e seguran\u00e7a<\/p>\n<p>Esta caixa de seguran\u00e7a \u00e9 ideal para guardar pequenas quantidades de dinheiro, objetos de valor e documentos importantes em um ambiente comercial ou hoteleiro.<\/p>\n","protected":false},"excerpt":{"rendered":"<p><strong>Cofre de hotel eletr\u00f4nica SS0312<\/strong>: Dimens\u00f5es Exteriores: 250 x 450 x 365 mm (Altura x Largura x Profundidade) &#8211; Dimens\u00f5es Internas: 247 x 447 x 305 mm (Altura x Largura x Profundidade) &#8211; Volume: 33 litros &#8211; Peso: 12.5 Kg<\/p>\n","protected":false},"featured_media":27167,"template":"","meta":{"_acf_changed":false},"product_brand":[],"product_cat":[3107],"product_tag":[],"class_list":{"0":"post-492384","1":"product","2":"type-product","3":"status-publish","4":"has-post-thumbnail","6":"product_cat-cofres-de-hotel","8":"first","9":"instock","10":"taxable","11":"shipping-taxable","12":"purchasable","13":"product-type-simple"},"acf":[],"_links":{"self":[{"href":"https:\/\/arcasgruber.com\/pt-pt\/wp-json\/wp\/v2\/product\/492384","targetHints":{"allow":["GET"]}}],"collection":[{"href":"https:\/\/arcasgruber.com\/pt-pt\/wp-json\/wp\/v2\/product"}],"about":[{"href":"https:\/\/arcasgruber.com\/pt-pt\/wp-json\/wp\/v2\/types\/product"}],"version-history":[{"count":0,"href":"https:\/\/arcasgruber.com\/pt-pt\/wp-json\/wp\/v2\/product\/492384\/revisions"}],"wp:featuredmedia":[{"embeddable":true,"href":"https:\/\/arcasgruber.com\/pt-pt\/wp-json\/wp\/v2\/media\/27167"}],"wp:attachment":[{"href":"https:\/\/arcasgruber.com\/pt-pt\/wp-json\/wp\/v2\/media?parent=492384"}],"wp:term":[{"taxonomy":"product_brand","embeddable":true,"href":"https:\/\/arcasgruber.com\/pt-pt\/wp-json\/wp\/v2\/product_brand?post=492384"},{"taxonomy":"product_cat","embeddable":true,"href":"https:\/\/arcasgruber.com\/pt-pt\/wp-json\/wp\/v2\/product_cat?post=492384"},{"taxonomy":"product_tag","embeddable":true,"href":"https:\/\/arcasgruber.com\/pt-pt\/wp-json\/wp\/v2\/product_tag?post=492384"}],"curies":[{"name":"wp","href":"https:\/\/api.w.org\/{rel}","templated":true}]}}