{"id":492379,"date":"2019-05-30T10:09:44","date_gmt":"2019-05-30T08:09:44","guid":{"rendered":"https:\/\/arcasgruber.com\/ss0102e\/"},"modified":"2023-09-26T09:04:53","modified_gmt":"2023-09-26T07:04:53","slug":"ss0102e","status":"publish","type":"product","link":"https:\/\/arcasgruber.com\/pt-pt\/cofres-fortes\/cofres-de-chao\/ss0102e\/","title":{"rendered":"Cofre de hotel eletr\u00f4nica SS0102E"},"content":{"rendered":"<h2>Cofre de hotel eletr\u00f4nica SS0102E<\/h2>\n<p><a href=\"https:\/\/arcasgruber.com\/pt-pt\/cofres-fortes\/cofres-de-hotel\/\"><strong>Cofre de hotel<\/strong><\/a> eletr\u00f4nica SS0102E principais caracter\u00edsticas:<\/p>\n<p>Dimens\u00f5es Exteriores: 250 x 350 x 250 mm (Altura x Largura x Profundidade)<\/p>\n<p>Dimens\u00f5es Internas: 240 x 340 x 210 mm (Altura x Largura x Profundidade)<\/p>\n<p>Volume: 17 litros<\/p>\n<p>Peso: 8 Kg<\/p>\n<p>Prateleiras: 1<\/p>\n<p>\u00c2ngulo de Abertura da Porta: 260 mm<\/p>\n<p>Mecanismo de Seguran\u00e7a: Combina\u00e7\u00e3o eletr\u00f4nica (Chave de emerg\u00eancia)<\/p>\n<p>Material de Constru\u00e7\u00e3o: \u00c9 fabricada inteiramente em chapa de a\u00e7o de alta resist\u00eancia para maior durabilidade e seguran\u00e7a<\/p>\n<p>Esta caixa de seguran\u00e7a \u00e9 ideal para guardar pequenas quantidades de dinheiro, objetos de valor e documentos importantes em um ambiente comercial ou hoteleiro.<\/p>\n","protected":false},"excerpt":{"rendered":"<p><strong>Cofre de hotel eletr\u00f4nica SS0102E<\/strong>: Dimens\u00f5es Exteriores: 250 x 350 x 250 mm (Altura x Largura x Profundidade) &#8211; Dimens\u00f5es Internas: 240 x 340 x 210 mm (Altura x Largura x Profundidade) &#8211; Volume: 17 litros &#8211; Peso: 8 Kg<\/p>\n","protected":false},"featured_media":27918,"template":"","meta":{"_acf_changed":false},"product_brand":[],"product_cat":[3082,3100],"product_tag":[],"class_list":{"0":"post-492379","1":"product","2":"type-product","3":"status-publish","4":"has-post-thumbnail","6":"product_cat-cofres-fortes","7":"product_cat-cofres-de-chao","9":"first","10":"instock","11":"taxable","12":"shipping-taxable","13":"purchasable","14":"product-type-simple"},"acf":[],"_links":{"self":[{"href":"https:\/\/arcasgruber.com\/pt-pt\/wp-json\/wp\/v2\/product\/492379","targetHints":{"allow":["GET"]}}],"collection":[{"href":"https:\/\/arcasgruber.com\/pt-pt\/wp-json\/wp\/v2\/product"}],"about":[{"href":"https:\/\/arcasgruber.com\/pt-pt\/wp-json\/wp\/v2\/types\/product"}],"version-history":[{"count":0,"href":"https:\/\/arcasgruber.com\/pt-pt\/wp-json\/wp\/v2\/product\/492379\/revisions"}],"wp:featuredmedia":[{"embeddable":true,"href":"https:\/\/arcasgruber.com\/pt-pt\/wp-json\/wp\/v2\/media\/27918"}],"wp:attachment":[{"href":"https:\/\/arcasgruber.com\/pt-pt\/wp-json\/wp\/v2\/media?parent=492379"}],"wp:term":[{"taxonomy":"product_brand","embeddable":true,"href":"https:\/\/arcasgruber.com\/pt-pt\/wp-json\/wp\/v2\/product_brand?post=492379"},{"taxonomy":"product_cat","embeddable":true,"href":"https:\/\/arcasgruber.com\/pt-pt\/wp-json\/wp\/v2\/product_cat?post=492379"},{"taxonomy":"product_tag","embeddable":true,"href":"https:\/\/arcasgruber.com\/pt-pt\/wp-json\/wp\/v2\/product_tag?post=492379"}],"curies":[{"name":"wp","href":"https:\/\/api.w.org\/{rel}","templated":true}]}}