{"id":492368,"date":"2021-01-08T13:20:58","date_gmt":"2021-01-08T12:20:58","guid":{"rendered":"https:\/\/arcasgruber.com\/ss0801k\/"},"modified":"2024-07-05T09:17:03","modified_gmt":"2024-07-05T07:17:03","slug":"ss0801k","status":"publish","type":"product","link":"https:\/\/arcasgruber.com\/pt-pt\/cofres-fortes\/cofres-de-chao\/ss0801k\/","title":{"rendered":"Cofre de hotel chaves SS0801K"},"content":{"rendered":"<h2>Cofre de hotel chaves SS0801K<\/h2>\n<p><a href=\"https:\/\/arcasgruber.com\/pt-pt\/cofres-fortes\/cofres-de-hotel\/\"><strong>Cofre de hotel<\/strong><\/a> chaves SS0801K principais caracter\u00edsticas:<\/p>\n<p>Dimens\u00f5es Exteriores: 200 x 310 x 200 mm (Altura x Largura x Profundidade)<\/p>\n<p>Dimens\u00f5es Internas: 195 x 305 x 160 mm (Altura x Largura x Profundidade)<\/p>\n<p>Volume: 10 litros<\/p>\n<p>Peso: 6 Kg<\/p>\n<p>Prateleiras: 0<\/p>\n<p>\u00c2ngulo de Abertura da Porta: 260 mm<\/p>\n<p>Mecanismo de Seguran\u00e7a: Chaves de seguran\u00e7a<\/p>\n<p>Material de Constru\u00e7\u00e3o: \u00c9 fabricada inteiramente em chapa de a\u00e7o de alta resist\u00eancia para maior durabilidade e seguran\u00e7a<\/p>\n<p>Esta caixa de seguran\u00e7a \u00e9 ideal para guardar pequenas quantidades de dinheiro, objetos de valor e documentos importantes em um ambiente comercial ou hoteleiro.<\/p>\n","protected":false},"excerpt":{"rendered":"<p><strong>Cofre de hotel chaves SS0801K<\/strong>: Dimens\u00f5es Exteriores: 200 x 310 x 200 mm (Altura x Largura x Profundidade) &#8211; Dimens\u00f5es Internas: 195 x 305 x 160 mm (Altura x Largura x Profundidade) &#8211; Volume: 10 litros &#8211; Peso: 6 Kg<\/p>\n","protected":false},"featured_media":28040,"template":"","meta":{"_acf_changed":false},"product_brand":[],"product_cat":[3100],"product_tag":[],"class_list":{"0":"post-492368","1":"product","2":"type-product","3":"status-publish","4":"has-post-thumbnail","6":"product_cat-cofres-de-chao","8":"first","9":"instock","10":"taxable","11":"shipping-taxable","12":"purchasable","13":"product-type-simple"},"acf":[],"_links":{"self":[{"href":"https:\/\/arcasgruber.com\/pt-pt\/wp-json\/wp\/v2\/product\/492368","targetHints":{"allow":["GET"]}}],"collection":[{"href":"https:\/\/arcasgruber.com\/pt-pt\/wp-json\/wp\/v2\/product"}],"about":[{"href":"https:\/\/arcasgruber.com\/pt-pt\/wp-json\/wp\/v2\/types\/product"}],"version-history":[{"count":0,"href":"https:\/\/arcasgruber.com\/pt-pt\/wp-json\/wp\/v2\/product\/492368\/revisions"}],"wp:featuredmedia":[{"embeddable":true,"href":"https:\/\/arcasgruber.com\/pt-pt\/wp-json\/wp\/v2\/media\/28040"}],"wp:attachment":[{"href":"https:\/\/arcasgruber.com\/pt-pt\/wp-json\/wp\/v2\/media?parent=492368"}],"wp:term":[{"taxonomy":"product_brand","embeddable":true,"href":"https:\/\/arcasgruber.com\/pt-pt\/wp-json\/wp\/v2\/product_brand?post=492368"},{"taxonomy":"product_cat","embeddable":true,"href":"https:\/\/arcasgruber.com\/pt-pt\/wp-json\/wp\/v2\/product_cat?post=492368"},{"taxonomy":"product_tag","embeddable":true,"href":"https:\/\/arcasgruber.com\/pt-pt\/wp-json\/wp\/v2\/product_tag?post=492368"}],"curies":[{"name":"wp","href":"https:\/\/api.w.org\/{rel}","templated":true}]}}