{"id":492363,"date":"2021-02-09T11:32:58","date_gmt":"2021-02-09T10:32:58","guid":{"rendered":"https:\/\/arcasgruber.com\/ss0802e\/"},"modified":"2024-03-18T13:37:27","modified_gmt":"2024-03-18T12:37:27","slug":"ss0802e","status":"publish","type":"product","link":"https:\/\/arcasgruber.com\/pt-pt\/cofres-fortes\/cofres-de-chao\/ss0802e\/","title":{"rendered":"Cofre de hotel eletr\u00f4nica SS0802E"},"content":{"rendered":"<h2>Cofre de hotel eletr\u00f4nica SS0802E<\/h2>\n<p><a href=\"https:\/\/arcasgruber.com\/pt-pt\/cofres-fortes\/cofres-de-hotel\/\"><strong>Cofre de hotel<\/strong><\/a> eletr\u00f4nica SS0802E principais caracter\u00edsticas:<\/p>\n<p><strong>Dimens\u00f5es Exteriores:<\/strong> 250 x 350 x 250 mm (Altura x Largura x Profundidade)<\/p>\n<p><strong>Dimens\u00f5es Internas:<\/strong> 240 x 340 x 210 mm (Altura x Largura x Profundidade)<\/p>\n<p><strong>Volume:<\/strong> 17 litros<\/p>\n<p><strong>Peso:<\/strong> 8 Kg<\/p>\n<p><strong>Prateleiras:<\/strong> 1<\/p>\n<p><strong>\u00c2ngulo de Abertura da Porta:<\/strong> 260 mm<\/p>\n<p><strong>Mecanismo de Seguran\u00e7a:<\/strong> Combina\u00e7\u00e3o eletr\u00f4nica (Chave de emerg\u00eancia)<\/p>\n<p><strong>Material de Constru\u00e7\u00e3o:<\/strong> \u00c9 fabricada inteiramente em chapa de a\u00e7o de alta resist\u00eancia para maior durabilidade e seguran\u00e7a<\/p>\n<p>Esta caixa de seguran\u00e7a \u00e9 ideal para guardar pequenas quantidades de dinheiro, objetos de valor e documentos importantes em um ambiente comercial ou hoteleiro.<\/p>\n","protected":false},"excerpt":{"rendered":"<p><strong>Cofre de hotel eletr\u00f4nica SS0802E<\/strong>: Dimens\u00f5es Exteriores: 250 x 350 x 250 mm (Altura x Largura x Profundidade) &#8211; Dimens\u00f5es Internas: 240 x 340 x 210 mm (Altura x Largura x Profundidade) &#8211; Volume: 17 litros.<\/p>\n","protected":false},"featured_media":28040,"template":"","meta":{"_acf_changed":false},"product_brand":[],"product_cat":[3100],"product_tag":[],"class_list":{"0":"post-492363","1":"product","2":"type-product","3":"status-publish","4":"has-post-thumbnail","6":"product_cat-cofres-de-chao","8":"first","9":"instock","10":"taxable","11":"shipping-taxable","12":"purchasable","13":"product-type-simple"},"acf":[],"_links":{"self":[{"href":"https:\/\/arcasgruber.com\/pt-pt\/wp-json\/wp\/v2\/product\/492363","targetHints":{"allow":["GET"]}}],"collection":[{"href":"https:\/\/arcasgruber.com\/pt-pt\/wp-json\/wp\/v2\/product"}],"about":[{"href":"https:\/\/arcasgruber.com\/pt-pt\/wp-json\/wp\/v2\/types\/product"}],"version-history":[{"count":0,"href":"https:\/\/arcasgruber.com\/pt-pt\/wp-json\/wp\/v2\/product\/492363\/revisions"}],"wp:featuredmedia":[{"embeddable":true,"href":"https:\/\/arcasgruber.com\/pt-pt\/wp-json\/wp\/v2\/media\/28040"}],"wp:attachment":[{"href":"https:\/\/arcasgruber.com\/pt-pt\/wp-json\/wp\/v2\/media?parent=492363"}],"wp:term":[{"taxonomy":"product_brand","embeddable":true,"href":"https:\/\/arcasgruber.com\/pt-pt\/wp-json\/wp\/v2\/product_brand?post=492363"},{"taxonomy":"product_cat","embeddable":true,"href":"https:\/\/arcasgruber.com\/pt-pt\/wp-json\/wp\/v2\/product_cat?post=492363"},{"taxonomy":"product_tag","embeddable":true,"href":"https:\/\/arcasgruber.com\/pt-pt\/wp-json\/wp\/v2\/product_tag?post=492363"}],"curies":[{"name":"wp","href":"https:\/\/api.w.org\/{rel}","templated":true}]}}