{"id":511332,"date":"2025-06-19T12:53:34","date_gmt":"2025-06-19T10:53:34","guid":{"rendered":"https:\/\/arcasgruber.com\/safes-worldwide\/"},"modified":"2025-09-25T08:02:47","modified_gmt":"2025-09-25T06:02:47","slug":"exportacao-internacional-cofres-fortes","status":"publish","type":"page","link":"https:\/\/arcasgruber.com\/pt-pt\/exportacao-internacional-cofres-fortes\/","title":{"rendered":"Fabricante e Exportador de Cofres Fortes"},"content":{"rendered":"\t\t<div data-elementor-type=\"wp-page\" data-elementor-id=\"511332\" class=\"elementor elementor-511332 elementor-509862\" data-elementor-post-type=\"page\">\n\t\t\t\t\t\t<section class=\"has_ae_slider elementor-section elementor-top-section elementor-element elementor-element-d6d3d88 elementor-section-boxed elementor-section-height-default elementor-section-height-default wd-section-disabled ae-bg-gallery-type-default\" data-id=\"d6d3d88\" data-element_type=\"section\">\n\t\t\t\t\t\t<div class=\"elementor-container elementor-column-gap-default\">\n\t\t\t\t\t<div class=\"has_ae_slider elementor-column elementor-col-100 elementor-top-column elementor-element elementor-element-aa08c87 ae-bg-gallery-type-default\" data-id=\"aa08c87\" data-element_type=\"column\">\n\t\t\t<div class=\"elementor-widget-wrap elementor-element-populated\">\n\t\t\t\t\t\t<div class=\"elementor-element elementor-element-5676606 elementor-widget elementor-widget-wd_text_block\" data-id=\"5676606\" data-element_type=\"widget\" data-widget_type=\"wd_text_block.default\">\n\t\t\t\t<div class=\"elementor-widget-container\">\n\t\t\t\t\t\t\t<div class=\"wd-text-block reset-last-child text-left\">\n\t\t\t\n\t\t\t<p>Na <strong>Arcas Gruber<\/strong>, fabricamos e exportamos com orgulho <a href=\"https:\/\/arcasgruber.com\/pt-pt\/cofres-fortes\/\"><span style=\"text-decoration: underline;\"><strong>cofres fortes de alta seguran\u00e7a<\/strong><\/span><\/a> e portas blindadas certificadas para clientes em todo o mundo. Com mais de um s\u00e9culo de experi\u00eancia em seguran\u00e7a f\u00edsica, os nossos produtos combinam engenharia avan\u00e7ada, certifica\u00e7\u00f5es reconhecidas internacionalmente e solu\u00e7\u00f5es personalizadas para os mercados mais exigentes.<\/p><h2>Excel\u00eancia Industrial Global Desde 1908<\/h2><p>Fundada em Espanha em 1908, a Arcas Gruber tornou-se uma refer\u00eancia internacional na ind\u00fastria da seguran\u00e7a. As nossas instala\u00e7\u00f5es de produ\u00e7\u00e3o est\u00e3o equipadas com tecnologia de \u00faltima gera\u00e7\u00e3o para projetar, fabricar e certificar uma ampla gama de <strong><a href=\"https:\/\/arcasgruber.com\/pt-pt\/cofres-fortes\/\"><span style=\"text-decoration: underline;\">cofres fortes de alta seguran\u00e7a<\/span><\/a>, portas blindadas, c\u00e2maras acorazadas, cofres ign\u00edfugos e solu\u00e7\u00f5es especiais de armazenamento seguro<\/strong>.<\/p><p>O nosso processo de fabrico cumpre as normas internacionais mais exigentes, incluindo:<\/p><ul><li><strong>UNE EN 1143-1:2019<\/strong> (cofres fortes e portas blindadas certificados contra roubo)<\/li><li><strong>Certifica\u00e7\u00e3o ECB\u00b7S<\/strong> (European Certification Body)<\/li><li><strong>Normas de Resist\u00eancia ao Fogo<\/strong> (para cofres e arm\u00e1rios ign\u00edfugos)<\/li><li><strong>Certifica\u00e7\u00f5es Antibala<\/strong> (FB4, FB6, FB7, etc.)<\/li><\/ul><p>Gra\u00e7as a esta ampla conformidade, fornecemos produtos adequados \u00e0s exig\u00eancias de setores governamentais, banc\u00e1rios, militares, institucionais e privados em todo o mundo.<\/p>\n\t\t\t\t\t<\/div>\n\t\t\t\t\t\t<\/div>\n\t\t\t\t<\/div>\n\t\t\t\t\t<\/div>\n\t\t<\/div>\n\t\t\t\t\t<\/div>\n\t\t<\/section>\n\t\t\t\t<section class=\"has_ae_slider elementor-section elementor-top-section elementor-element elementor-element-df915eb elementor-section-boxed elementor-section-height-default elementor-section-height-default wd-section-disabled ae-bg-gallery-type-default\" data-id=\"df915eb\" data-element_type=\"section\">\n\t\t\t\t\t\t<div class=\"elementor-container elementor-column-gap-default\">\n\t\t\t\t\t<div class=\"has_ae_slider elementor-column elementor-col-50 elementor-top-column elementor-element elementor-element-128af3e ae-bg-gallery-type-default\" data-id=\"128af3e\" data-element_type=\"column\">\n\t\t\t<div class=\"elementor-widget-wrap elementor-element-populated\">\n\t\t\t\t\t\t<div class=\"elementor-element elementor-element-defcef8 elementor-widget elementor-widget-wd_image_or_svg\" data-id=\"defcef8\" data-element_type=\"widget\" data-widget_type=\"wd_image_or_svg.default\">\n\t\t\t\t<div class=\"elementor-widget-container\">\n\t\t\t\t\t\n\t\t<div class=\"wd-image text-left\">\n\t\t\t\t\t\t\t\t\t\t\t\t\t<\/div>\n\n\t\t\t\t\t\t<\/div>\n\t\t\t\t<\/div>\n\t\t\t\t\t<\/div>\n\t\t<\/div>\n\t\t\t\t<div class=\"has_ae_slider elementor-column elementor-col-50 elementor-top-column elementor-element elementor-element-676567b ae-bg-gallery-type-default\" data-id=\"676567b\" data-element_type=\"column\">\n\t\t\t<div class=\"elementor-widget-wrap elementor-element-populated\">\n\t\t\t\t\t\t<div class=\"elementor-element elementor-element-c97e2f5 elementor-widget elementor-widget-wd_text_block\" data-id=\"c97e2f5\" data-element_type=\"widget\" data-widget_type=\"wd_text_block.default\">\n\t\t\t\t<div class=\"elementor-widget-container\">\n\t\t\t\t\t\t\t<div class=\"wd-text-block reset-last-child text-left\">\n\t\t\t\n\t\t\t<h2><span style=\"color: #1b1919; font-size: 24px;\">Cofres fortes no mundo<\/span><\/h2><p>A Arcas Gruber tamb\u00e9m oferece <strong>cofres fortes de seguran\u00e7a<\/strong> e <strong>c\u00e2maras blindadas<\/strong> nos principais mercados internacionais. Descubra algumas das nossas localiza\u00e7\u00f5es:<\/p><ul><li>Cofres fortes em Abu Dhabi: <a href=\"https:\/\/arcasgruber.com\/en\/safes-worldwide\/abu-dhabi-security-safes\/\"><span style=\"text-decoration: underline;\"><strong>Descubra os nossos cofres fortes em Abu Dhabi<\/strong><\/span><\/a><\/li><li>Cofres fortes nos Estados Unidos: <a href=\"https:\/\/arcasgruber.com\/en\/safes-worldwide\/usa-safes\/\"><span style=\"text-decoration: underline;\"><strong>Veja os nossos cofres fortes nos EUA<\/strong><\/span><\/a><\/li><li>Cofres fortes no Dubai: <a href=\"https:\/\/arcasgruber.com\/en\/safes-worldwide\/dubai-safes\/\"><span style=\"text-decoration: underline;\"><strong>Descubra os nossos cofres fortes no Dubai<\/strong><\/span><\/a><\/li><li>Cofres fortes na B\u00e9lgica: <a href=\"https:\/\/arcasgruber.com\/fr\/coffres-forts-belgique\/\"><span style=\"text-decoration: underline;\"><strong>Veja os nossos cofres fortes na B\u00e9lgica<\/strong><\/span><\/a><\/li><li>Cofres fortes em Fran\u00e7a: <a href=\"https:\/\/arcasgruber.com\/fr\/coffres-forts-en-france\/\"><span style=\"text-decoration: underline;\"><strong>Descubra os nossos cofres fortes em Fran\u00e7a<\/strong><\/span><\/a><\/li><li>Cofres fortes no Luxemburgo: <a href=\"https:\/\/arcasgruber.com\/fr\/coffres-forts-au-luxembourg\/\"><span style=\"text-decoration: underline;\"><strong>Consulte os nossos modelos no Luxemburgo<\/strong><\/span><\/a><\/li><li>Cofres fortes no M\u00f3naco: <a href=\"https:\/\/arcasgruber.com\/fr\/coffres-forts-monaco\/\"><span style=\"text-decoration: underline;\"><strong>Os nossos cofres fortes no M\u00f3naco<\/strong><\/span><\/a><\/li><li>Cofres fortes na Su\u00ed\u00e7a: <a href=\"https:\/\/arcasgruber.com\/fr\/coffres-forts-en-suisse\/\"><span style=\"text-decoration: underline;\"><strong>Veja as nossas solu\u00e7\u00f5es na Su\u00ed\u00e7a<\/strong><\/span><\/a><\/li><li>Cofres fortes em It\u00e1lia: <a href=\"https:\/\/arcasgruber.com\/it\/casseforti-italia\/\"><span style=\"text-decoration: underline;\"><strong>Descubra as nossas casseforti em It\u00e1lia<\/strong><\/span><\/a><\/li><\/ul><p><em>Se quiser que lhe fa\u00e7amos um or\u00e7amento para um cofre forte em qualquer pa\u00eds do mundo, basta <span style=\"text-decoration: underline;\"><a href=\"https:\/\/arcasgruber.com\/pt-pt\/cofres-fortes\/\"><strong>escolher o seu cofre forte<\/strong><\/a><\/span> e <span style=\"text-decoration: underline;\"><a href=\"https:\/\/arcasgruber.com\/pt-pt\/contacto\/\"><strong>contactar-nos<\/strong><\/a><\/span>.<\/em><\/p>\n\t\t\t\t\t<\/div>\n\t\t\t\t\t\t<\/div>\n\t\t\t\t<\/div>\n\t\t\t\t\t<\/div>\n\t\t<\/div>\n\t\t\t\t\t<\/div>\n\t\t<\/section>\n\t\t\t\t<section class=\"has_ae_slider elementor-section elementor-top-section elementor-element elementor-element-63f11e4 elementor-section-boxed elementor-section-height-default elementor-section-height-default wd-section-disabled ae-bg-gallery-type-default\" data-id=\"63f11e4\" data-element_type=\"section\">\n\t\t\t\t\t\t<div class=\"elementor-container elementor-column-gap-default\">\n\t\t\t\t\t<div class=\"has_ae_slider elementor-column elementor-col-50 elementor-top-column elementor-element elementor-element-b81d72a ae-bg-gallery-type-default\" data-id=\"b81d72a\" data-element_type=\"column\">\n\t\t\t<div class=\"elementor-widget-wrap elementor-element-populated\">\n\t\t\t\t\t\t<div class=\"elementor-element elementor-element-84a4e0f elementor-widget elementor-widget-wd_text_block\" data-id=\"84a4e0f\" data-element_type=\"widget\" data-widget_type=\"wd_text_block.default\">\n\t\t\t\t<div class=\"elementor-widget-container\">\n\t\t\t\t\t\t\t<div class=\"wd-text-block reset-last-child text-left\">\n\t\t\t\n\t\t\t<h2>Cofres fortes nos pa\u00edses de l\u00edngua espanhola<\/h2><p>A Arcas Gruber distribui <strong>cofres fortes<\/strong> em v\u00e1rios pa\u00edses de l\u00edngua espanhola. Descubra os nossos principais pontos de venda e distribui\u00e7\u00e3o:<\/p><ul><li>Cofres fortes em Espanha: dispon\u00edveis em todas as prov\u00edncias. <a href=\"https:\/\/arcasgruber.com\/cajas-fuertes\/\"><span style=\"text-decoration: underline;\"><strong>Consulte aqui<\/strong><\/span><\/a><\/li><li>Cofres fortes na Argentina: Buenos Aires, C\u00f3rdoba, Rosario e muito mais. <a href=\"https:\/\/arcasgruber.com\/cajas-fuertes-argentina\/\"><span style=\"text-decoration: underline;\"><strong>Visite os nossos pontos de venda na Argentina<\/strong><\/span><\/a><\/li><li>Cofres fortes no Chile: Santiago, Vi\u00f1a del Mar, Concepci\u00f3n e outras cidades. <a href=\"https:\/\/arcasgruber.com\/cajas-fuertes-chile\/\"><span style=\"text-decoration: underline;\"><strong>Veja onde comercializamos cofres fortes no Chile<\/strong><\/span><\/a><\/li><li>Cofres fortes no Equador: Quito, Guayaquil e mais. <a href=\"https:\/\/arcasgruber.com\/cajas-fuertes-ecuador\/\"><span style=\"text-decoration: underline;\"><strong>Descubra os nossos cofres fortes no Equador<\/strong><\/span><\/a><\/li><li>Cofres fortes no Peru: Lima, Arequipa, Trujillo e outras cidades. <a href=\"https:\/\/arcasgruber.com\/cajas-fuertes-peru\/\"><span style=\"text-decoration: underline;\"><strong>Conhe\u00e7a a nossa presen\u00e7a no Peru<\/strong><\/span><\/a><\/li><li>Cofres fortes no Uruguai: Montevideu e outras regi\u00f5es. <a href=\"https:\/\/arcasgruber.com\/cajas-fuertes-uruguay\/\"><span style=\"text-decoration: underline;\"><strong>Veja onde comprar no Uruguai<\/strong><\/span><\/a><\/li><li>Cofres fortes no M\u00e9xico: Cidade do M\u00e9xico, Monterrey, Guadalajara e mais. <a href=\"https:\/\/arcasgruber.com\/cajas-fuertes-mexico\/\"><span style=\"text-decoration: underline;\"><strong>Visite os nossos pontos de venda no M\u00e9xico<\/strong><\/span><\/a><\/li><\/ul>\n\t\t\t\t\t<\/div>\n\t\t\t\t\t\t<\/div>\n\t\t\t\t<\/div>\n\t\t\t\t\t<\/div>\n\t\t<\/div>\n\t\t\t\t<div class=\"has_ae_slider elementor-column elementor-col-50 elementor-top-column elementor-element elementor-element-2ed6ec8 ae-bg-gallery-type-default\" data-id=\"2ed6ec8\" data-element_type=\"column\">\n\t\t\t<div class=\"elementor-widget-wrap elementor-element-populated\">\n\t\t\t\t\t\t<div class=\"elementor-element elementor-element-d078b41 elementor-widget elementor-widget-wd_image_or_svg\" data-id=\"d078b41\" data-element_type=\"widget\" data-widget_type=\"wd_image_or_svg.default\">\n\t\t\t\t<div class=\"elementor-widget-container\">\n\t\t\t\t\t\n\t\t<div class=\"wd-image text-left\">\n\t\t\t\t\t\t\t\t<img fetchpriority=\"high\" decoding=\"async\" width=\"2048\" height=\"2048\" src=\"https:\/\/arcasgruber.com\/wp-content\/uploads\/2025\/07\/gruber_abu_dhabi_safes.webp\" class=\"attachment-full size-full\" alt=\"Abu Dhabi Security Safes | High-Security Safes UAE \u2013 Arcas Gruber\" srcset=\"https:\/\/arcasgruber.com\/wp-content\/uploads\/2025\/07\/gruber_abu_dhabi_safes.webp 2048w, https:\/\/arcasgruber.com\/wp-content\/uploads\/2025\/07\/gruber_abu_dhabi_safes-300x300.webp 300w, https:\/\/arcasgruber.com\/wp-content\/uploads\/2025\/07\/gruber_abu_dhabi_safes-800x800.webp 800w, https:\/\/arcasgruber.com\/wp-content\/uploads\/2025\/07\/gruber_abu_dhabi_safes-150x150.webp 150w, https:\/\/arcasgruber.com\/wp-content\/uploads\/2025\/07\/gruber_abu_dhabi_safes-768x768.webp 768w, https:\/\/arcasgruber.com\/wp-content\/uploads\/2025\/07\/gruber_abu_dhabi_safes-1536x1536.webp 1536w, https:\/\/arcasgruber.com\/wp-content\/uploads\/2025\/07\/gruber_abu_dhabi_safes-860x860.webp 860w, https:\/\/arcasgruber.com\/wp-content\/uploads\/2025\/07\/gruber_abu_dhabi_safes-430x430.webp 430w, https:\/\/arcasgruber.com\/wp-content\/uploads\/2025\/07\/gruber_abu_dhabi_safes-700x700.webp 700w\" sizes=\"(max-width: 2048px) 100vw, 2048px\" \/>\t\t\t\t\t<\/div>\n\n\t\t\t\t\t\t<\/div>\n\t\t\t\t<\/div>\n\t\t\t\t\t<\/div>\n\t\t<\/div>\n\t\t\t\t\t<\/div>\n\t\t<\/section>\n\t\t\t\t<section class=\"has_ae_slider elementor-section elementor-top-section elementor-element elementor-element-493d74e elementor-section-boxed elementor-section-height-default elementor-section-height-default wd-section-disabled ae-bg-gallery-type-default\" data-id=\"493d74e\" data-element_type=\"section\">\n\t\t\t\t\t\t<div class=\"elementor-container elementor-column-gap-default\">\n\t\t\t\t\t<div class=\"has_ae_slider elementor-column elementor-col-50 elementor-top-column elementor-element elementor-element-6986922 ae-bg-gallery-type-default\" data-id=\"6986922\" data-element_type=\"column\">\n\t\t\t<div class=\"elementor-widget-wrap elementor-element-populated\">\n\t\t\t\t\t\t<div class=\"elementor-element elementor-element-91d8339 elementor-widget elementor-widget-wd_text_block\" data-id=\"91d8339\" data-element_type=\"widget\" data-widget_type=\"wd_text_block.default\">\n\t\t\t\t<div class=\"elementor-widget-container\">\n\t\t\t\t\t\t\t<div class=\"wd-text-block reset-last-child text-left\">\n\t\t\t\n\t\t\t<h2>Exportamos para Todo o Mundo<\/h2><p>A Arcas Gruber gere a log\u00edstica internacional com total profissionalismo. O nosso departamento de exporta\u00e7\u00e3o garante envios certificados, documentados e sem complica\u00e7\u00f5es para qualquer destino. Coordenamos:<\/p><ul><li>Formalidades alfandeg\u00e1rias<\/li><li>Transporte internacional (mar\u00edtimo, a\u00e9reo e terrestre)<\/li><li>Certificados de origem e conformidade<\/li><li>Apoio \u00e0 instala\u00e7\u00e3o mediante solicita\u00e7\u00e3o<\/li><\/ul><p>Seja o seu projeto em Portugal, Brasil, Europa, M\u00e9dio Oriente, \u00c1frica, \u00c1sia ou Am\u00e9rica, temos a capacidade e o know-how para entregar seguran\u00e7a certificada diretamente no seu local.<\/p><h2>Os Nossos Mercados Internacionais<\/h2><p>Com orgulho, fornecemos solu\u00e7\u00f5es de seguran\u00e7a a clientes em diversos pa\u00edses, incluindo:<\/p><ul><li>Portugal, Brasil, Angola, Mo\u00e7ambique<\/li><li>Reino Unido<\/li><li>Ar\u00e1bia Saudita<\/li><li>Emirados \u00c1rabes Unidos<\/li><li>Estados Unidos<\/li><li>Canad\u00e1<\/li><li>Austr\u00e1lia<\/li><li>Singapura<\/li><li>\u00c1frica do Sul<\/li><li>Su\u00ed\u00e7a, Noruega, Su\u00e9cia, Dinamarca<\/li><li>E muitos outros<\/li><\/ul>\n\t\t\t\t\t<\/div>\n\t\t\t\t\t\t<\/div>\n\t\t\t\t<\/div>\n\t\t\t\t\t<\/div>\n\t\t<\/div>\n\t\t\t\t<div class=\"has_ae_slider elementor-column elementor-col-50 elementor-top-column elementor-element elementor-element-8bc4d74 ae-bg-gallery-type-default\" data-id=\"8bc4d74\" data-element_type=\"column\">\n\t\t\t<div class=\"elementor-widget-wrap elementor-element-populated\">\n\t\t\t\t\t\t<div class=\"elementor-element elementor-element-705ad52 elementor-widget elementor-widget-wd_text_block\" data-id=\"705ad52\" data-element_type=\"widget\" data-widget_type=\"wd_text_block.default\">\n\t\t\t\t<div class=\"elementor-widget-container\">\n\t\t\t\t\t\t\t<div class=\"wd-text-block reset-last-child text-left\">\n\t\t\t\n\t\t\t<h2>Solu\u00e7\u00f5es de Seguran\u00e7a Adaptadas a Cada Setor<\/h2><p>Projetamos e produzimos solu\u00e7\u00f5es personalizadas para v\u00e1rios setores:<\/p><ul><li><strong>Bancos e Institui\u00e7\u00f5es Financeiras:<\/strong> C\u00e2maras fortes, cofres certificados, salas blindadas, prote\u00e7\u00e3o de caixas eletr\u00f4nicos.<\/li><li><strong>Governo e Setor Militar:<\/strong> Armazenamento de alta seguran\u00e7a, prote\u00e7\u00e3o bal\u00edstica, cofres para muni\u00e7\u00f5es e armas, armaz\u00e9ns militares.<\/li><li><strong>Ind\u00fastria de Luxo:<\/strong> C\u00e2maras fortes privadas para resid\u00eancias de luxo, cofres para joias e rel\u00f3gios.<\/li><li><strong>Data Centers:<\/strong> Arm\u00e1rios ign\u00edfugos, arm\u00e1rios certificados para armazenamento LTO, salas seguras para servidores IT.<\/li><li><strong>Hot\u00e9is e Restaura\u00e7\u00e3o:<\/strong> Cofres de hotel, minibares, solu\u00e7\u00f5es de seguran\u00e7a para quartos de h\u00f3spedes.<\/li><li><strong>Com\u00e9rcio e Retalho:<\/strong> Cofres com ranhura, dep\u00f3sitos noturnos, sistemas de gest\u00e3o de numer\u00e1rio.<\/li><\/ul><h2>Por Que Escolher a Arcas Gruber Como Parceiro Internacional?<\/h2><ul><li>Mais de 100 anos de experi\u00eancia em fabrica\u00e7\u00e3o<\/li><li>Produtos de seguran\u00e7a totalmente certificados<\/li><li>Engenharia personalizada para projetos espec\u00edficos<\/li><li>Capacidade produtiva flex\u00edvel para pequenos e grandes volumes<\/li><li>Departamento de exporta\u00e7\u00e3o especializado<\/li><li>Assist\u00eancia p\u00f3s-venda completa<\/li><li>Embalagem profissional e gest\u00e3o log\u00edstica internacional<\/li><\/ul>\n\t\t\t\t\t<\/div>\n\t\t\t\t\t\t<\/div>\n\t\t\t\t<\/div>\n\t\t\t\t\t<\/div>\n\t\t<\/div>\n\t\t\t\t\t<\/div>\n\t\t<\/section>\n\t\t\t\t<section class=\"has_ae_slider elementor-section elementor-top-section elementor-element elementor-element-e57a4d5 elementor-section-boxed elementor-section-height-default elementor-section-height-default wd-section-disabled ae-bg-gallery-type-default\" data-id=\"e57a4d5\" data-element_type=\"section\">\n\t\t\t\t\t\t<div class=\"elementor-container elementor-column-gap-default\">\n\t\t\t\t\t<div class=\"has_ae_slider elementor-column elementor-col-100 elementor-top-column elementor-element elementor-element-6a41ab5 ae-bg-gallery-type-default\" data-id=\"6a41ab5\" data-element_type=\"column\">\n\t\t\t<div class=\"elementor-widget-wrap elementor-element-populated\">\n\t\t\t\t\t\t<div class=\"elementor-element elementor-element-66f1fb3 elementor-widget elementor-widget-wd_text_block\" data-id=\"66f1fb3\" data-element_type=\"widget\" data-widget_type=\"wd_text_block.default\">\n\t\t\t\t<div class=\"elementor-widget-container\">\n\t\t\t\t\t\t\t<div class=\"wd-text-block reset-last-child text-left\">\n\t\t\t\n\t\t\t<h2>Contacte a Nossa Equipa Comercial Internacional<\/h2><p>Descubra os nossos <span style=\"text-decoration: underline;\"><strong><a href=\"https:\/\/arcasgruber.com\/pt-pt\/cofres-fortes\/\">cofres fortes<\/a><\/strong><\/span>, explore os nossos <span style=\"text-decoration: underline;\"><strong><a href=\"https:\/\/arcasgruber.com\/pt-pt\/cofres-de-alta-seguranca\/\">cofres de alta seguran\u00e7a<\/a><\/strong><\/span> ou <span style=\"text-decoration: underline;\"><strong><a href=\"https:\/\/arcasgruber.com\/pt-pt\/contacto\/\">contacte a nossa equipa comercial<\/a><\/strong><\/span> para aconselhamento especializado em Portugal, Brasil ou qualquer outro mercado internacional.<\/p><p>Se \u00e9 distribuidor, instalador, gestor de projetos, integrador de seguran\u00e7a ou cliente final \u00e0 procura de <span style=\"text-decoration: underline;\"><strong><a href=\"https:\/\/arcasgruber.com\/pt-pt\/cofres-fortes\/\">cofres fortes certificados<\/a><\/strong><\/span> a n\u00edvel internacional, <span style=\"text-decoration: underline;\"><strong><a href=\"https:\/\/arcasgruber.com\/pt-pt\/contacto\/\">contacte hoje mesmo a nossa equipa internacional<\/a><\/strong><\/span> para assist\u00eancia personalizada.<\/p>\n\t\t\t\t\t<\/div>\n\t\t\t\t\t\t<\/div>\n\t\t\t\t<\/div>\n\t\t\t\t\t<\/div>\n\t\t<\/div>\n\t\t\t\t\t<\/div>\n\t\t<\/section>\n\t\t\t\t<\/div>\n\t\t","protected":false},"excerpt":{"rendered":"<p>Na Arcas Gruber, fabricamos e exportamos com orgulho cofres fortes de alta seguran\u00e7a e portas blindadas certificadas para clientes em<\/p>\n","protected":false},"author":3,"featured_media":0,"parent":0,"menu_order":0,"comment_status":"closed","ping_status":"closed","template":"","meta":{"_acf_changed":false,"footnotes":""},"class_list":["post-511332","page","type-page","status-publish","hentry"],"acf":[],"_links":{"self":[{"href":"https:\/\/arcasgruber.com\/pt-pt\/wp-json\/wp\/v2\/pages\/511332","targetHints":{"allow":["GET"]}}],"collection":[{"href":"https:\/\/arcasgruber.com\/pt-pt\/wp-json\/wp\/v2\/pages"}],"about":[{"href":"https:\/\/arcasgruber.com\/pt-pt\/wp-json\/wp\/v2\/types\/page"}],"author":[{"embeddable":true,"href":"https:\/\/arcasgruber.com\/pt-pt\/wp-json\/wp\/v2\/users\/3"}],"replies":[{"embeddable":true,"href":"https:\/\/arcasgruber.com\/pt-pt\/wp-json\/wp\/v2\/comments?post=511332"}],"version-history":[{"count":0,"href":"https:\/\/arcasgruber.com\/pt-pt\/wp-json\/wp\/v2\/pages\/511332\/revisions"}],"wp:attachment":[{"href":"https:\/\/arcasgruber.com\/pt-pt\/wp-json\/wp\/v2\/media?parent=511332"}],"curies":[{"name":"wp","href":"https:\/\/api.w.org\/{rel}","templated":true}]}}