{"id":503060,"date":"2024-12-19T11:58:28","date_gmt":"2024-12-19T10:58:28","guid":{"rendered":"https:\/\/arcasgruber.com\/?page_id=503060"},"modified":"2025-07-29T16:39:17","modified_gmt":"2025-07-29T14:39:17","slug":"politica-de-cookies","status":"publish","type":"page","link":"https:\/\/arcasgruber.com\/pt-pt\/politica-de-cookies\/","title":{"rendered":"Pol\u00edtica de Cookies"},"content":{"rendered":"\t\t<div data-elementor-type=\"wp-page\" data-elementor-id=\"503060\" class=\"elementor elementor-503060 elementor-2523\" data-elementor-post-type=\"page\">\n\t\t\t\t\t\t<section class=\"has_ae_slider elementor-section elementor-top-section elementor-element elementor-element-115eb9f0 elementor-section-boxed elementor-section-height-default elementor-section-height-default wd-section-disabled ae-bg-gallery-type-default\" data-id=\"115eb9f0\" data-element_type=\"section\">\n\t\t\t\t\t\t<div class=\"elementor-container elementor-column-gap-default\">\n\t\t\t\t\t<div class=\"has_ae_slider elementor-column elementor-col-100 elementor-top-column elementor-element elementor-element-51630874 ae-bg-gallery-type-default\" data-id=\"51630874\" data-element_type=\"column\">\n\t\t\t<div class=\"elementor-widget-wrap elementor-element-populated\">\n\t\t\t\t\t\t<div class=\"elementor-element elementor-element-5d1011d5 color-scheme-inherit text-left elementor-widget elementor-widget-text-editor\" data-id=\"5d1011d5\" data-element_type=\"widget\" data-widget_type=\"text-editor.default\">\n\t\t\t\t<div class=\"elementor-widget-container\">\n\t\t\t\t\t\t\t\t\t<h3><strong>Pol\u00edtica de Cookies da Arcas Gruber<\/strong><\/h3><p>Na <strong>Arcas Gruber<\/strong>, estamos comprometidos com a transpar\u00eancia no uso de cookies no nosso site. A seguir, explicamos o que s\u00e3o cookies, os tipos que utilizamos e como voc\u00ea pode gerenci\u00e1-los.<\/p><hr \/><h3><strong>O que s\u00e3o cookies?<\/strong><\/h3><p>Os cookies s\u00e3o pequenos arquivos que s\u00e3o baixados para o seu computador ou dispositivo ao acessar determinadas p\u00e1ginas da web. Eles permitem que um site armazene e recupere informa\u00e7\u00f5es sobre os h\u00e1bitos de navega\u00e7\u00e3o de um usu\u00e1rio ou dispositivo, e, dependendo de como s\u00e3o utilizados, podem at\u00e9 reconhecer o usu\u00e1rio.<\/p><p>Os cookies s\u00e3o armazenados no disco r\u00edgido por um tempo limitado e n\u00e3o prejudicam o seu dispositivo. Eles n\u00e3o cont\u00eam informa\u00e7\u00f5es pessoais espec\u00edficas e, na maioria das vezes, s\u00e3o exclu\u00eddos automaticamente ao fechar o navegador (cookies de sess\u00e3o).<\/p><hr \/><h3><strong>Uso de cookies no nosso site<\/strong><\/h3><p>A maioria dos navegadores aceita cookies por padr\u00e3o e permite gerenciar seu uso por meio de configura\u00e7\u00f5es de seguran\u00e7a. Sem o seu consentimento expl\u00edcito, a <strong>Arcas Gruber<\/strong> n\u00e3o vincular\u00e1 as informa\u00e7\u00f5es armazenadas nos cookies aos seus dados pessoais fornecidos durante o registro ou compra.<\/p><hr \/><h3><strong>Quais tipos de cookies utilizamos?<\/strong><\/h3><h4><strong>Cookies t\u00e9cnicos:<\/strong><\/h4><p>Esses cookies permitem funcionalidades essenciais, como navega\u00e7\u00e3o no site, acesso a \u00e1reas restritas, gerenciamento de pedidos ou utiliza\u00e7\u00e3o de elementos de seguran\u00e7a. Exemplos: controle de tr\u00e1fego, finaliza\u00e7\u00e3o de compras ou armazenamento de conte\u00fado multim\u00eddia.<\/p><h4><strong>Cookies de personaliza\u00e7\u00e3o:<\/strong><\/h4><p>Eles permitem que a experi\u00eancia do usu\u00e1rio seja adaptada com base em prefer\u00eancias, como idioma, configura\u00e7\u00f5es regionais ou tipo de navegador.<\/p><h4><strong>Cookies de an\u00e1lise:<\/strong><\/h4><p>Gerenciados por n\u00f3s ou por terceiros, esses cookies permitem medir e analisar estatisticamente como os usu\u00e1rios interagem com nosso site. Isso nos ajuda a melhorar nossos produtos e servi\u00e7os.<\/p><h4><strong>Cookies de terceiros:<\/strong><\/h4><p>Nosso site utiliza servi\u00e7os de terceiros, como o Google Analytics, para coletar informa\u00e7\u00f5es estat\u00edsticas e analisar o uso do site. Esses servi\u00e7os podem compartilhar os dados coletados com terceiros quando exigido por lei ou quando processados em nome do Google.<\/p><hr \/><h3><strong>Google Analytics<\/strong><\/h3><p>Este site utiliza o Google Analytics, um servi\u00e7o de an\u00e1lise web fornecido pela Google, Inc., com sede nos Estados Unidos (1600 Amphitheatre Parkway, Mountain View, California 94043).<br \/>O Google Analytics utiliza cookies para coletar informa\u00e7\u00f5es, incluindo seu endere\u00e7o IP, que ser\u00e3o transmitidas e armazenadas pelo Google. Essas informa\u00e7\u00f5es podem ser compartilhadas com terceiros por raz\u00f5es legais ou quando processadas em nome do Google.<\/p><hr \/><h3><strong>Consentimento do usu\u00e1rio<\/strong><\/h3><p>Ao utilizar este site, voc\u00ea concorda expressamente com o processamento das informa\u00e7\u00f5es coletadas por meio de cookies da forma e para os fins descritos acima. Voc\u00ea pode bloquear ou excluir cookies configurando seu navegador, embora isso possa limitar algumas funcionalidades do site.<\/p><hr \/><h3><strong>Gerenciamento de cookies<\/strong><\/h3><p>Voc\u00ea pode permitir, bloquear ou excluir cookies instalados no seu dispositivo por meio das configura\u00e7\u00f5es do seu navegador. Aqui est\u00e3o os links para os navegadores mais comuns:<\/p><ul><li><a target=\"_new\" rel=\"noopener\">Chrome<\/a><\/li><li><a href=\"https:\/\/support.microsoft.com\/pt-br\/help\/17442\/windows-internet-explorer-delete-manage-cookies\" target=\"_new\" rel=\"noopener\">Explorer<\/a><\/li><li><a href=\"https:\/\/support.mozilla.org\/pt-PT\/kb\/ativar-desativar-cookies-websites-utilizam-monitorizar-preferencias\" target=\"_new\" rel=\"noopener\">Firefox<\/a><\/li><li><a href=\"https:\/\/support.apple.com\/pt-br\/guide\/safari\/sfri11471\/mac\" target=\"_new\" rel=\"noopener\">Safari<\/a><\/li><\/ul><hr \/><h3><strong>Contato<\/strong><\/h3><p>Se tiver d\u00favidas sobre esta pol\u00edtica de cookies, entre em contato conosco:<br \/>\ud83d\udce7 <strong>Email:<\/strong> <a href=\"mailto:info@arcasgruber.com\" rel=\"noopener\">info@arcasgruber.com<\/a><\/p><hr \/><h3><strong>Apoio do Fundo Europeu de Desenvolvimento Regional<\/strong><\/h3><p>A <strong>Arcas Gruber<\/strong> foi beneficiada pelo <strong>Fundo Europeu de Desenvolvimento Regional (FEDER)<\/strong>, cujo objetivo \u00e9 melhorar a competitividade das pequenas e m\u00e9dias empresas (PMEs) por meio de estrat\u00e9gias online internacionais e marketing digital. Esta iniciativa foi apoiada pelo <strong>Programa Xpande Digital<\/strong> da C\u00e2mara de Com\u00e9rcio de Bilbao.<\/p>\t\t\t\t\t\t\t\t<\/div>\n\t\t\t\t<\/div>\n\t\t\t\t\t<\/div>\n\t\t<\/div>\n\t\t\t\t\t<\/div>\n\t\t<\/section>\n\t\t\t\t<section class=\"has_ae_slider elementor-section elementor-top-section elementor-element elementor-element-ff36f38 elementor-section-boxed elementor-section-height-default elementor-section-height-default wd-section-disabled ae-bg-gallery-type-default\" data-id=\"ff36f38\" data-element_type=\"section\">\n\t\t\t\t\t\t<div class=\"elementor-container elementor-column-gap-default\">\n\t\t\t\t\t<div class=\"has_ae_slider elementor-column elementor-col-50 elementor-top-column elementor-element elementor-element-9e1ccc3 ae-bg-gallery-type-default\" data-id=\"9e1ccc3\" data-element_type=\"column\">\n\t\t\t<div class=\"elementor-widget-wrap elementor-element-populated\">\n\t\t\t\t\t\t<div class=\"elementor-element elementor-element-6265049 elementor-widget elementor-widget-wd_image_or_svg\" data-id=\"6265049\" data-element_type=\"widget\" data-widget_type=\"wd_image_or_svg.default\">\n\t\t\t\t<div class=\"elementor-widget-container\">\n\t\t\t\t\t\n\t\t<div class=\"wd-image text-center\">\n\t\t\t\t\t\t\t\t<img decoding=\"async\" width=\"256\" height=\"84\" src=\"https:\/\/arcasgruber.com\/wp-content\/uploads\/2021\/08\/kit2.jpg\" class=\"attachment-full size-full\" alt=\"\" srcset=\"https:\/\/arcasgruber.com\/wp-content\/uploads\/2021\/08\/kit2.jpg 256w, https:\/\/arcasgruber.com\/wp-content\/uploads\/2021\/08\/kit2-150x49.jpg 150w\" sizes=\"(max-width: 256px) 100vw, 256px\" \/>\t\t\t\t\t<\/div>\n\n\t\t\t\t\t\t<\/div>\n\t\t\t\t<\/div>\n\t\t\t\t\t<\/div>\n\t\t<\/div>\n\t\t\t\t<div class=\"has_ae_slider elementor-column elementor-col-50 elementor-top-column elementor-element elementor-element-d453102 ae-bg-gallery-type-default\" data-id=\"d453102\" data-element_type=\"column\">\n\t\t\t<div class=\"elementor-widget-wrap elementor-element-populated\">\n\t\t\t\t\t\t<div class=\"elementor-element elementor-element-8a5b1e5 elementor-widget elementor-widget-wd_image_or_svg\" data-id=\"8a5b1e5\" data-element_type=\"widget\" data-widget_type=\"wd_image_or_svg.default\">\n\t\t\t\t<div class=\"elementor-widget-container\">\n\t\t\t\t\t\n\t\t<div class=\"wd-image text-center\">\n\t\t\t\t\t\t\t\t<img decoding=\"async\" width=\"298\" height=\"84\" src=\"https:\/\/arcasgruber.com\/wp-content\/uploads\/2021\/08\/kit1.jpg\" class=\"attachment-full size-full\" alt=\"\" srcset=\"https:\/\/arcasgruber.com\/wp-content\/uploads\/2021\/08\/kit1.jpg 298w, https:\/\/arcasgruber.com\/wp-content\/uploads\/2021\/08\/kit1-150x42.jpg 150w\" sizes=\"(max-width: 298px) 100vw, 298px\" \/>\t\t\t\t\t<\/div>\n\n\t\t\t\t\t\t<\/div>\n\t\t\t\t<\/div>\n\t\t\t\t\t<\/div>\n\t\t<\/div>\n\t\t\t\t\t<\/div>\n\t\t<\/section>\n\t\t\t\t<\/div>\n\t\t","protected":false},"excerpt":{"rendered":"<p>Pol\u00edtica de Cookies da Arcas Gruber Na Arcas Gruber, estamos comprometidos com a transpar\u00eancia no uso de cookies no nosso<\/p>\n","protected":false},"author":3,"featured_media":0,"parent":0,"menu_order":24,"comment_status":"closed","ping_status":"closed","template":"","meta":{"_acf_changed":false,"footnotes":""},"class_list":["post-503060","page","type-page","status-publish","hentry"],"acf":[],"_links":{"self":[{"href":"https:\/\/arcasgruber.com\/pt-pt\/wp-json\/wp\/v2\/pages\/503060","targetHints":{"allow":["GET"]}}],"collection":[{"href":"https:\/\/arcasgruber.com\/pt-pt\/wp-json\/wp\/v2\/pages"}],"about":[{"href":"https:\/\/arcasgruber.com\/pt-pt\/wp-json\/wp\/v2\/types\/page"}],"author":[{"embeddable":true,"href":"https:\/\/arcasgruber.com\/pt-pt\/wp-json\/wp\/v2\/users\/3"}],"replies":[{"embeddable":true,"href":"https:\/\/arcasgruber.com\/pt-pt\/wp-json\/wp\/v2\/comments?post=503060"}],"version-history":[{"count":0,"href":"https:\/\/arcasgruber.com\/pt-pt\/wp-json\/wp\/v2\/pages\/503060\/revisions"}],"wp:attachment":[{"href":"https:\/\/arcasgruber.com\/pt-pt\/wp-json\/wp\/v2\/media?parent=503060"}],"curies":[{"name":"wp","href":"https:\/\/api.w.org\/{rel}","templated":true}]}}