{"id":501975,"date":"2024-10-15T13:19:14","date_gmt":"2024-10-15T11:19:14","guid":{"rendered":"https:\/\/arcasgruber.com\/?page_id=501975"},"modified":"2025-07-22T09:37:19","modified_gmt":"2025-07-22T07:37:19","slug":"servicos-seguranca-fisica","status":"publish","type":"page","link":"https:\/\/arcasgruber.com\/pt-pt\/servicos-seguranca-fisica\/","title":{"rendered":"Servi\u00e7os Profissionais"},"content":{"rendered":"\t\t<div data-elementor-type=\"wp-page\" data-elementor-id=\"501975\" class=\"elementor elementor-501975 elementor-57\" data-elementor-post-type=\"page\">\n\t\t\t\t\t\t<section class=\"has_ae_slider elementor-section elementor-top-section elementor-element elementor-element-45faed8 elementor-section-boxed elementor-section-height-default elementor-section-height-default wd-section-disabled ae-bg-gallery-type-default\" data-id=\"45faed8\" data-element_type=\"section\">\n\t\t\t\t\t\t<div class=\"elementor-container elementor-column-gap-default\">\n\t\t\t\t\t<div class=\"has_ae_slider elementor-column elementor-col-100 elementor-top-column elementor-element elementor-element-985ac7a ae-bg-gallery-type-default\" data-id=\"985ac7a\" data-element_type=\"column\">\n\t\t\t<div class=\"elementor-widget-wrap elementor-element-populated\">\n\t\t\t\t\t\t<div class=\"elementor-element elementor-element-5c6be30 elementor-widget elementor-widget-wd_text_block\" data-id=\"5c6be30\" data-element_type=\"widget\" data-widget_type=\"wd_text_block.default\">\n\t\t\t\t<div class=\"elementor-widget-container\">\n\t\t\t\t\t\t\t<div class=\"wd-text-block reset-last-child text-left\">\n\t\t\t\n\t\t\t<p>Na <strong>Arcas Gruber<\/strong>, somos especialistas em <strong>seguran\u00e7a f\u00edsica<\/strong> com mais de 110 anos de experi\u00eancia. A partir da nossa unidade de fabrico na Europa, desenvolvemos, fabricamos e fornecemos <strong>servi\u00e7os profissionais completos<\/strong> para proteger o que mais valoriza: projeto, transporte, instala\u00e7\u00e3o certificada e manuten\u00e7\u00e3o especializada.<\/p><h2>Servi\u00e7os profissionais para sistemas de seguran\u00e7a<\/h2><p>Oferecemos um <strong>servi\u00e7o t\u00e9cnico certificado<\/strong> adaptado a clientes particulares, empresas, estabelecimentos comerciais, joalharias, entidades p\u00fablicas e for\u00e7as de seguran\u00e7a. O nosso compromisso \u00e9 fornecer <strong>solu\u00e7\u00f5es homologadas<\/strong> e atendimento personalizado em todas as etapas do projeto.<\/p>\n\t\t\t\t\t<\/div>\n\t\t\t\t\t\t<\/div>\n\t\t\t\t<\/div>\n\t\t\t\t\t<\/div>\n\t\t<\/div>\n\t\t\t\t\t<\/div>\n\t\t<\/section>\n\t\t\t\t<section class=\"has_ae_slider elementor-section elementor-top-section elementor-element elementor-element-1120721 elementor-section-boxed elementor-section-height-default elementor-section-height-default wd-section-disabled ae-bg-gallery-type-default\" data-id=\"1120721\" data-element_type=\"section\">\n\t\t\t\t\t\t<div class=\"elementor-container elementor-column-gap-default\">\n\t\t\t\t\t<div class=\"has_ae_slider elementor-column elementor-col-25 elementor-top-column elementor-element elementor-element-f7289c2 ae-bg-gallery-type-default\" data-id=\"f7289c2\" data-element_type=\"column\">\n\t\t\t<div class=\"elementor-widget-wrap elementor-element-populated\">\n\t\t\t\t\t\t<div class=\"elementor-element elementor-element-874048c elementor-cta--skin-classic elementor-animated-content elementor-bg-transform elementor-bg-transform-zoom-in elementor-widget elementor-widget-call-to-action\" data-id=\"874048c\" data-element_type=\"widget\" data-widget_type=\"call-to-action.default\">\n\t\t\t\t<div class=\"elementor-widget-container\">\n\t\t\t\t\t\t\t<div class=\"elementor-cta\">\n\t\t\t\t\t<div class=\"elementor-cta__bg-wrapper\">\n\t\t\t\t<div class=\"elementor-cta__bg elementor-bg\" style=\"background-image: url(https:\/\/arcasgruber.com\/wp-content\/uploads\/2025\/07\/instalacion-cajas-fuertes-800x800.webp);\" role=\"img\" aria-label=\"Instaladores de cajas fuertes profesionales Arcas Gruber\"><\/div>\n\t\t\t\t<div class=\"elementor-cta__bg-overlay\"><\/div>\n\t\t\t<\/div>\n\t\t\t\t\t\t\t<div class=\"elementor-cta__content\">\n\t\t\t\t\n\t\t\t\t\t\t\t\t\t<h2 class=\"elementor-cta__title elementor-cta__content-item elementor-content-item\">\n\t\t\t\t\t\tInstala\u00e7\u00e3o\t\t\t\t\t<\/h2>\n\t\t\t\t\n\t\t\t\t\t\t\t\t\t<div class=\"elementor-cta__description elementor-cta__content-item elementor-content-item\">\n\t\t\t\t\t\tEm toda a Europa\t\t\t\t\t<\/div>\n\t\t\t\t\n\t\t\t\t\t\t\t\t\t<div class=\"elementor-cta__button-wrapper elementor-cta__content-item elementor-content-item \">\n\t\t\t\t\t<a class=\"elementor-cta__button elementor-button elementor-size-\" href=\"https:\/\/arcasgruber.com\/pt-pt\/servicos-seguranca-fisica\/instaladores-cofres-fortes\/\">\n\t\t\t\t\t\tInstala\u00e7\u00e3o certificada\t\t\t\t\t<\/a>\n\t\t\t\t\t<\/div>\n\t\t\t\t\t\t\t<\/div>\n\t\t\t\t\t\t<\/div>\n\t\t\t\t\t\t<\/div>\n\t\t\t\t<\/div>\n\t\t\t\t\t<\/div>\n\t\t<\/div>\n\t\t\t\t<div class=\"has_ae_slider elementor-column elementor-col-25 elementor-top-column elementor-element elementor-element-63e0122 ae-bg-gallery-type-default\" data-id=\"63e0122\" data-element_type=\"column\">\n\t\t\t<div class=\"elementor-widget-wrap elementor-element-populated\">\n\t\t\t\t\t\t<div class=\"elementor-element elementor-element-b4962aa elementor-cta--skin-classic elementor-animated-content elementor-bg-transform elementor-bg-transform-zoom-in elementor-widget elementor-widget-call-to-action\" data-id=\"b4962aa\" data-element_type=\"widget\" data-widget_type=\"call-to-action.default\">\n\t\t\t\t<div class=\"elementor-widget-container\">\n\t\t\t\t\t\t\t<div class=\"elementor-cta\">\n\t\t\t\t\t<div class=\"elementor-cta__bg-wrapper\">\n\t\t\t\t<div class=\"elementor-cta__bg elementor-bg\" style=\"background-image: url(https:\/\/arcasgruber.com\/wp-content\/uploads\/2025\/07\/transporte-cajas-fuertes-800x800.webp);\" role=\"img\" aria-label=\"Transporte profesional de cajas fuertes Arcas Gruber\"><\/div>\n\t\t\t\t<div class=\"elementor-cta__bg-overlay\"><\/div>\n\t\t\t<\/div>\n\t\t\t\t\t\t\t<div class=\"elementor-cta__content\">\n\t\t\t\t\n\t\t\t\t\t\t\t\t\t<h2 class=\"elementor-cta__title elementor-cta__content-item elementor-content-item\">\n\t\t\t\t\t\tTransporte\t\t\t\t\t<\/h2>\n\t\t\t\t\n\t\t\t\t\t\t\t\t\t<div class=\"elementor-cta__description elementor-cta__content-item elementor-content-item\">\n\t\t\t\t\t\tA n\u00edvel mundial\t\t\t\t\t<\/div>\n\t\t\t\t\n\t\t\t\t\t\t\t\t\t<div class=\"elementor-cta__button-wrapper elementor-cta__content-item elementor-content-item \">\n\t\t\t\t\t<a class=\"elementor-cta__button elementor-button elementor-size-\" href=\"https:\/\/arcasgruber.com\/pt-pt\/servicos-seguranca-fisica\/transporte-cofres-fortes\/\">\n\t\t\t\t\t\tTransporte\t\t\t\t\t<\/a>\n\t\t\t\t\t<\/div>\n\t\t\t\t\t\t\t<\/div>\n\t\t\t\t\t\t<\/div>\n\t\t\t\t\t\t<\/div>\n\t\t\t\t<\/div>\n\t\t\t\t\t<\/div>\n\t\t<\/div>\n\t\t\t\t<div class=\"has_ae_slider elementor-column elementor-col-25 elementor-top-column elementor-element elementor-element-b5baaec ae-bg-gallery-type-default\" data-id=\"b5baaec\" data-element_type=\"column\">\n\t\t\t<div class=\"elementor-widget-wrap elementor-element-populated\">\n\t\t\t\t\t\t<div class=\"elementor-element elementor-element-b5cad96 elementor-cta--skin-classic elementor-animated-content elementor-bg-transform elementor-bg-transform-zoom-in elementor-widget elementor-widget-call-to-action\" data-id=\"b5cad96\" data-element_type=\"widget\" data-widget_type=\"call-to-action.default\">\n\t\t\t\t<div class=\"elementor-widget-container\">\n\t\t\t\t\t\t\t<div class=\"elementor-cta\">\n\t\t\t\t\t<div class=\"elementor-cta__bg-wrapper\">\n\t\t\t\t<div class=\"elementor-cta__bg elementor-bg\" style=\"background-image: url(https:\/\/arcasgruber.com\/wp-content\/uploads\/2025\/07\/cerrajero-cajas-fuertes-800x800.webp);\" role=\"img\" aria-label=\"Cerrajero abriendo caja fuerte profesional Arcas Gruber\"><\/div>\n\t\t\t\t<div class=\"elementor-cta__bg-overlay\"><\/div>\n\t\t\t<\/div>\n\t\t\t\t\t\t\t<div class=\"elementor-cta__content\">\n\t\t\t\t\n\t\t\t\t\t\t\t\t\t<h2 class=\"elementor-cta__title elementor-cta__content-item elementor-content-item\">\n\t\t\t\t\t\tSerralheiros\t\t\t\t\t<\/h2>\n\t\t\t\t\n\t\t\t\t\t\t\t\t\t<div class=\"elementor-cta__description elementor-cta__content-item elementor-content-item\">\n\t\t\t\t\t\tAbertura de cofres\t\t\t\t\t<\/div>\n\t\t\t\t\n\t\t\t\t\t\t\t\t\t<div class=\"elementor-cta__button-wrapper elementor-cta__content-item elementor-content-item \">\n\t\t\t\t\t<a class=\"elementor-cta__button elementor-button elementor-size-\" href=\"https:\/\/arcasgruber.com\/pt-pt\/servicos-seguranca-fisica\/serralheiros-cofres-fortes\/\">\n\t\t\t\t\t\tSerralheiros\t\t\t\t\t<\/a>\n\t\t\t\t\t<\/div>\n\t\t\t\t\t\t\t<\/div>\n\t\t\t\t\t\t<\/div>\n\t\t\t\t\t\t<\/div>\n\t\t\t\t<\/div>\n\t\t\t\t\t<\/div>\n\t\t<\/div>\n\t\t\t\t<div class=\"has_ae_slider elementor-column elementor-col-25 elementor-top-column elementor-element elementor-element-581922b ae-bg-gallery-type-default\" data-id=\"581922b\" data-element_type=\"column\">\n\t\t\t<div class=\"elementor-widget-wrap elementor-element-populated\">\n\t\t\t\t\t\t<div class=\"elementor-element elementor-element-d105287 elementor-cta--skin-classic elementor-animated-content elementor-bg-transform elementor-bg-transform-zoom-in elementor-widget elementor-widget-call-to-action\" data-id=\"d105287\" data-element_type=\"widget\" data-widget_type=\"call-to-action.default\">\n\t\t\t\t<div class=\"elementor-widget-container\">\n\t\t\t\t\t\t\t<div class=\"elementor-cta\">\n\t\t\t\t\t<div class=\"elementor-cta__bg-wrapper\">\n\t\t\t\t<div class=\"elementor-cta__bg elementor-bg\" style=\"background-image: url(https:\/\/arcasgruber.com\/wp-content\/uploads\/2025\/07\/mantenimiento-cajas-fuertes-800x800.webp);\" role=\"img\" aria-label=\"Mantenimiento profesional de cajas fuertes Arcas Gruber\"><\/div>\n\t\t\t\t<div class=\"elementor-cta__bg-overlay\"><\/div>\n\t\t\t<\/div>\n\t\t\t\t\t\t\t<div class=\"elementor-cta__content\">\n\t\t\t\t\n\t\t\t\t\t\t\t\t\t<h2 class=\"elementor-cta__title elementor-cta__content-item elementor-content-item\">\n\t\t\t\t\t\tManuten\u00e7\u00e3o\t\t\t\t\t<\/h2>\n\t\t\t\t\n\t\t\t\t\t\t\t\t\t<div class=\"elementor-cta__description elementor-cta__content-item elementor-content-item\">\n\t\t\t\t\t\tAssist\u00eancia p\u00f3s-venda\t\t\t\t\t<\/div>\n\t\t\t\t\n\t\t\t\t\t\t\t\t\t<div class=\"elementor-cta__button-wrapper elementor-cta__content-item elementor-content-item \">\n\t\t\t\t\t<a class=\"elementor-cta__button elementor-button elementor-size-\" href=\"https:\/\/arcasgruber.com\/pt-pt\/servicos-seguranca-fisica\/manutencao-cofres-fortes\/\">\n\t\t\t\t\t\tManuten\u00e7\u00e3o\t\t\t\t\t<\/a>\n\t\t\t\t\t<\/div>\n\t\t\t\t\t\t\t<\/div>\n\t\t\t\t\t\t<\/div>\n\t\t\t\t\t\t<\/div>\n\t\t\t\t<\/div>\n\t\t\t\t\t<\/div>\n\t\t<\/div>\n\t\t\t\t\t<\/div>\n\t\t<\/section>\n\t\t\t\t<section class=\"has_ae_slider elementor-section elementor-top-section elementor-element elementor-element-67784b2 elementor-section-boxed elementor-section-height-default elementor-section-height-default wd-section-disabled ae-bg-gallery-type-default\" data-id=\"67784b2\" data-element_type=\"section\">\n\t\t\t\t\t\t<div class=\"elementor-container elementor-column-gap-default\">\n\t\t\t\t\t<div class=\"has_ae_slider elementor-column elementor-col-100 elementor-top-column elementor-element elementor-element-92813b8 ae-bg-gallery-type-default\" data-id=\"92813b8\" data-element_type=\"column\">\n\t\t\t<div class=\"elementor-widget-wrap elementor-element-populated\">\n\t\t\t\t\t\t<div class=\"elementor-element elementor-element-470e1d6 elementor-widget elementor-widget-wd_text_block\" data-id=\"470e1d6\" data-element_type=\"widget\" data-widget_type=\"wd_text_block.default\">\n\t\t\t\t<div class=\"elementor-widget-container\">\n\t\t\t\t\t\t\t<div class=\"wd-text-block reset-last-child text-left\">\n\t\t\t\n\t\t\t<h3>Principais servi\u00e7os dispon\u00edveis:<\/h3><ul><li><strong>Fabrico \u00e0 medida<\/strong> de <a href=\"https:\/\/arcasgruber.com\/pt-pt\/cofres-fortes\/\">cofres fortes<\/a>, portas blindadas e c\u00e2maras de seguran\u00e7a, adaptados a cada cliente.<\/li><li><strong>Transporte especializado<\/strong> com equipas t\u00e9cnicas pr\u00f3prias, para o manuseamento e desloca\u00e7\u00e3o de cofres fortes de grande peso ou volume.<\/li><li><strong>Instala\u00e7\u00e3o profissional<\/strong> certificada, realizada por t\u00e9cnicos qualificados, em todo o territ\u00f3rio de Portugal e Brasil.<\/li><li><strong>Manuten\u00e7\u00e3o preventiva e corretiva<\/strong> de todos os sistemas de seguran\u00e7a f\u00edsica, com cobertura nacional.<\/li><li><strong>Assist\u00eancia t\u00e9cnica e suporte p\u00f3s-venda<\/strong> para garantir o funcionamento cont\u00ednuo de cada sistema de seguran\u00e7a.<\/li><\/ul><h2>Cobertura nacional e internacional<\/h2><p>Realizamos entregas e instala\u00e7\u00f5es em todo o territ\u00f3rio de <strong>Portugal<\/strong> e <strong>Brasil<\/strong>, incluindo grandes cidades, zonas rurais e ilhas. Gerimos cada projeto de forma a garantir uma <strong>instala\u00e7\u00e3o segura, eficiente e profissional<\/strong>, tanto em resid\u00eancias como em empresas ou institui\u00e7\u00f5es p\u00fablicas.<\/p><p>Descubra a nossa gama completa de <a href=\"https:\/\/arcasgruber.com\/pt-pt\/cofres-fortes\/\">cofres fortes<\/a> ou explore a nossa oferta especializada de <a href=\"https:\/\/arcasgruber.com\/pt-pt\/cofres-de-alta-seguranca\/\">cofres de alta seguran\u00e7a<\/a>, certificados segundo a norma UNE EN 1143-1.<\/p><h2>Compromisso de qualidade e assist\u00eancia t\u00e9cnica<\/h2><p>Como <strong>fabricantes certificados<\/strong> pela norma <strong>UNE EN 1143-1<\/strong> e com certifica\u00e7\u00e3o <strong>ISO 9001<\/strong>, garantimos os mais elevados padr\u00f5es de qualidade em todos os nossos produtos e servi\u00e7os. O nosso <strong>servi\u00e7o t\u00e9cnico p\u00f3s-venda<\/strong> assegura o funcionamento fi\u00e1vel e cont\u00ednuo dos sistemas de seguran\u00e7a.<\/p><p>Tem um projeto espec\u00edfico ou necessita de assist\u00eancia t\u00e9cnica? <a href=\"https:\/\/arcasgruber.com\/pt-pt\/contacto\/\"><strong>Contacte a Arcas Gruber<\/strong><\/a> e a nossa equipa t\u00e9cnica ir\u00e1 prestar-lhe aconselhamento personalizado e uma solu\u00e7\u00e3o profissional adaptada \u00e0s suas necessidades.<\/p>\n\t\t\t\t\t<\/div>\n\t\t\t\t\t\t<\/div>\n\t\t\t\t<\/div>\n\t\t\t\t\t<\/div>\n\t\t<\/div>\n\t\t\t\t\t<\/div>\n\t\t<\/section>\n\t\t\t\t<\/div>\n\t\t","protected":false},"excerpt":{"rendered":"<p>Na Arcas Gruber, somos especialistas em seguran\u00e7a f\u00edsica com mais de 110 anos de experi\u00eancia. A partir da nossa unidade<\/p>\n","protected":false},"author":3,"featured_media":511279,"parent":0,"menu_order":7,"comment_status":"closed","ping_status":"open","template":"","meta":{"_acf_changed":false,"footnotes":""},"class_list":["post-501975","page","type-page","status-publish","has-post-thumbnail","hentry"],"acf":[],"_links":{"self":[{"href":"https:\/\/arcasgruber.com\/pt-pt\/wp-json\/wp\/v2\/pages\/501975","targetHints":{"allow":["GET"]}}],"collection":[{"href":"https:\/\/arcasgruber.com\/pt-pt\/wp-json\/wp\/v2\/pages"}],"about":[{"href":"https:\/\/arcasgruber.com\/pt-pt\/wp-json\/wp\/v2\/types\/page"}],"author":[{"embeddable":true,"href":"https:\/\/arcasgruber.com\/pt-pt\/wp-json\/wp\/v2\/users\/3"}],"replies":[{"embeddable":true,"href":"https:\/\/arcasgruber.com\/pt-pt\/wp-json\/wp\/v2\/comments?post=501975"}],"version-history":[{"count":0,"href":"https:\/\/arcasgruber.com\/pt-pt\/wp-json\/wp\/v2\/pages\/501975\/revisions"}],"wp:featuredmedia":[{"embeddable":true,"href":"https:\/\/arcasgruber.com\/pt-pt\/wp-json\/wp\/v2\/media\/511279"}],"wp:attachment":[{"href":"https:\/\/arcasgruber.com\/pt-pt\/wp-json\/wp\/v2\/media?parent=501975"}],"curies":[{"name":"wp","href":"https:\/\/api.w.org\/{rel}","templated":true}]}}