{"id":492008,"date":"2023-09-20T09:31:51","date_gmt":"2023-09-20T07:31:51","guid":{"rendered":"https:\/\/arcasgruber.com\/?page_id=492008"},"modified":"2024-12-20T09:37:57","modified_gmt":"2024-12-20T08:37:57","slug":"politica-de-privacidade","status":"publish","type":"page","link":"https:\/\/arcasgruber.com\/pt-pt\/politica-de-privacidade\/","title":{"rendered":"Pol\u00edtica de privacidade"},"content":{"rendered":"\t\t<div data-elementor-type=\"wp-page\" data-elementor-id=\"492008\" class=\"elementor elementor-492008 elementor-12649\" data-elementor-post-type=\"page\">\n\t\t\t\t\t\t<section class=\"has_ae_slider elementor-section elementor-top-section elementor-element elementor-element-4bd794b elementor-section-boxed elementor-section-height-default elementor-section-height-default wd-section-disabled ae-bg-gallery-type-default\" data-id=\"4bd794b\" data-element_type=\"section\">\n\t\t\t\t\t\t<div class=\"elementor-container elementor-column-gap-default\">\n\t\t\t\t\t<div class=\"has_ae_slider elementor-column elementor-col-100 elementor-top-column elementor-element elementor-element-f3d524d ae-bg-gallery-type-default\" data-id=\"f3d524d\" data-element_type=\"column\">\n\t\t\t<div class=\"elementor-widget-wrap elementor-element-populated\">\n\t\t\t\t\t\t<div class=\"elementor-element elementor-element-0211966 elementor-widget elementor-widget-wd_text_block\" data-id=\"0211966\" data-element_type=\"widget\" data-widget_type=\"wd_text_block.default\">\n\t\t\t\t<div class=\"elementor-widget-container\">\n\t\t\t\t\t\t\t<div class=\"wd-text-block reset-last-child text-left\">\n\t\t\t\n\t\t\t<p>Em cumprimento do disposto na Lei Org\u00e2nica 15\/1999, de 13 de dezembro, de Prote\u00e7\u00e3o de Dados de Car\u00e1cter Pessoal (LOPD), informamos que os seus dados ser\u00e3o incorporados num ficheiro da responsabilidade da Arcas Gruber, S.A., CIF: A-48000814. e ser\u00e3o tratados com a finalidade de atender ao seu pedido de informa\u00e7\u00e3o, bem como de prestar apoio informativo \u00e0 gest\u00e3o fiscal, administrativa, comercial e contabil\u00edstica da empresa.<\/p><p>Em caso de recusa de fornecimento dos campos assinalados como obrigat\u00f3rios, ser\u00e1 imposs\u00edvel atender ao seu pedido de informa\u00e7\u00e3o. Por \u00faltimo, informamos que em qualquer momento poder\u00e1 exercer os seus direitos de acesso, retifica\u00e7\u00e3o, cancelamento e oposi\u00e7\u00e3o dirigindo-se a Arcas Gruber, S.A., com domic\u00edlio em Calle Iparraguirre, 52, Bilbao, prov\u00edncia de Vizcaya, c\u00f3digo postal 48010. Telefone +34 94 421 68 20. Correio eletr\u00f3nico: info@arcasgruber.com<\/p><p>O utilizador autoriza expressamente a Arcas Gruber, S.A. a que os dados obtidos neste s\u00edtio Web para o desenvolvimento de rela\u00e7\u00f5es comerciais entre ambas as partes possam ser facultados a empresas terceiras para o melhor desempenho dos seus servi\u00e7os - transportadoras, institui\u00e7\u00f5es financeiras, etc. -. Em qualquer caso, ser\u00e3o os estritamente necess\u00e1rios para a atividade espec\u00edfica a desenvolver. Da mesma forma, o utilizador autoriza a Arcas Gruber, S.A. a utilizar os dados recebidos para realizar campanhas de informa\u00e7\u00e3o e actividades promocionais de produtos ou servi\u00e7os que possam ser do interesse do utilizador.<\/p><p>O ficheiro inform\u00e1tico que cont\u00e9m estes dados est\u00e1 registado na Ag\u00eancia Espanhola de Prote\u00e7\u00e3o de Dados de Car\u00e1cter Pessoal (AGPD), e comprometemo-nos a cumprir todas as especifica\u00e7\u00f5es e requisitos a que a Ag\u00eancia est\u00e1 obrigada em virtude da Lei Org\u00e2nica 15\/1999 de Prote\u00e7\u00e3o de Dados de Car\u00e1cter Pessoal:<\/p><p>Obter os dados de forma l\u00edcita.<\/p><p>Pedir autoriza\u00e7\u00e3o aos titulares dos dados, informando-os da origem dos dados de que dispomos, da identidade do respons\u00e1vel pelo seu tratamento, da finalidade deste servi\u00e7o e dos direitos que lhes assistem (informa\u00e7\u00e3o, acesso, retifica\u00e7\u00e3o e cancelamento).<\/p><p>Notificar, no momento da introdu\u00e7\u00e3o dos dados, que estes v\u00e3o ser armazenados e processados por m\u00e9todos autom\u00e1ticos para a execu\u00e7\u00e3o dos servi\u00e7os descritos, atrav\u00e9s de, pelo menos, uma liga\u00e7\u00e3o a esta POL\u00cdTICA DE PRIVACIDADE.<\/p><p>Que os dados s\u00e3o adequados, pertinentes e n\u00e3o excessivos para a finalidade para a qual foram obtidos.<\/p><p>Que os dados n\u00e3o ser\u00e3o utilizados para outros fins que n\u00e3o aqueles para os quais foram recolhidos e que est\u00e3o descritos na presente POL\u00cdTICA DE PRIVACIDADE.<\/p><p>Que os dados sejam cancelados quando deixarem de ser necess\u00e1rios.<\/p><p>Adotar as medidas t\u00e9cnicas e organizativas necess\u00e1rias para garantir a seguran\u00e7a destes dados e para evitar a sua altera\u00e7\u00e3o, perda e tratamento n\u00e3o autorizado.<\/p><p>Se, por qualquer motivo, os seus dados forem transmitidos a terceiros, tem a obriga\u00e7\u00e3o contratual de nos informar o mais rapidamente poss\u00edvel desse facto, da finalidade da transmiss\u00e3o, do facto de os seus dados terem sido transmitidos por n\u00f3s e de continuar a garantir os seus direitos de acesso, retifica\u00e7\u00e3o, apagamento e oposi\u00e7\u00e3o. Se n\u00e3o desejar que os seus dados sejam transmitidos a terceiros em nenhuma circunst\u00e2ncia, informe-nos.<\/p><p>Arcas Gruber, S.A. adapta\u00e7\u00e3o \u00e0 legisla\u00e7\u00e3o vigente ou outros motivos, pelo que se recomenda ao utilizador deste site que reveja periodicamente esta p\u00e1gina, j\u00e1 que a utiliza\u00e7\u00e3o deste site pelo utilizador ser\u00e1 entendida como a aceita\u00e7\u00e3o da POL\u00cdTICA DE PRIVACIDADE em vigor nesse momento.<\/p><p>Para exercer os seus direitos de prote\u00e7\u00e3o de dados, o utilizador pode contactar o seguinte endere\u00e7o:<\/p><p>Nome da empresa: Arcas Gruber, S.A.<\/p><p>Endere\u00e7o da empresa: Calle Iparraguirre, 52 - 48010 - Bilbao - Vizcaya - Espanha<\/p><p>N\u00famero de telefone de contacto: +34 94 421 68 20<\/p><p>Endere\u00e7o de correio eletr\u00f3nico: info@arcasgruber.com<\/p><p>Nome do dom\u00ednio para identifica\u00e7\u00e3o: <a href=\"http:\/\/arcasgruber.com\">www.arcasgruber.com<\/a><\/p><p>C.I.F. ESA48000814<\/p>\n\t\t\t\t\t<\/div>\n\t\t\t\t\t\t<\/div>\n\t\t\t\t<\/div>\n\t\t\t\t\t<\/div>\n\t\t<\/div>\n\t\t\t\t\t<\/div>\n\t\t<\/section>\n\t\t\t\t<\/div>\n\t\t","protected":false},"excerpt":{"rendered":"<p>Em cumprimento do disposto na Lei Org\u00e2nica 15\/1999, de 13 de dezembro, de Prote\u00e7\u00e3o de Dados de Car\u00e1cter Pessoal (LOPD),<\/p>\n","protected":false},"author":50,"featured_media":0,"parent":0,"menu_order":12,"comment_status":"closed","ping_status":"closed","template":"","meta":{"_acf_changed":false,"footnotes":""},"class_list":["post-492008","page","type-page","status-publish","hentry"],"acf":[],"_links":{"self":[{"href":"https:\/\/arcasgruber.com\/pt-pt\/wp-json\/wp\/v2\/pages\/492008","targetHints":{"allow":["GET"]}}],"collection":[{"href":"https:\/\/arcasgruber.com\/pt-pt\/wp-json\/wp\/v2\/pages"}],"about":[{"href":"https:\/\/arcasgruber.com\/pt-pt\/wp-json\/wp\/v2\/types\/page"}],"author":[{"embeddable":true,"href":"https:\/\/arcasgruber.com\/pt-pt\/wp-json\/wp\/v2\/users\/50"}],"replies":[{"embeddable":true,"href":"https:\/\/arcasgruber.com\/pt-pt\/wp-json\/wp\/v2\/comments?post=492008"}],"version-history":[{"count":0,"href":"https:\/\/arcasgruber.com\/pt-pt\/wp-json\/wp\/v2\/pages\/492008\/revisions"}],"wp:attachment":[{"href":"https:\/\/arcasgruber.com\/pt-pt\/wp-json\/wp\/v2\/media?parent=492008"}],"curies":[{"name":"wp","href":"https:\/\/api.w.org\/{rel}","templated":true}]}}