{"id":516078,"date":"2025-10-16T11:18:59","date_gmt":"2025-10-16T09:18:59","guid":{"rendered":"https:\/\/arcasgruber.com\/?post_type=product&#038;p=516078"},"modified":"2025-10-16T12:03:33","modified_gmt":"2025-10-16T10:03:33","slug":"cassaforte-componibile-cfd2000-4","status":"publish","type":"product","link":"https:\/\/arcasgruber.com\/it\/casseforti\/certificate\/casseforti-componibili\/cassaforte-componibile-cfd2000-4\/","title":{"rendered":"Cassaforte Componibile CFD2000-4"},"content":{"rendered":"<h2>Cassaforte Componibile CFD1900-4: Sicurezza Massima e Grande Capacit\u00e0<\/h2>\n<p><strong>Cassaforte Componibile CFD2000-4<\/strong> \u00e8 progettata per garantire la massima protezione contro attacchi esterni. Questo modello \u00e8 ideale per la sicurezza di oggetti di valore, contanti e armi corte, offrendo un&#8217;ampia capacit\u00e0 e materiali di elevata resistenza.<\/p>\n<h3><strong>Caratteristiche principali:<\/strong><\/h3>\n<ul>\n<li><strong>Dimensioni esterne:<\/strong> 2000 \u00d7 1900 \u00d7 800 mm (Altezza x Larghezza x Profondit\u00e0)<\/li>\n<li><strong>Dimensioni interne:<\/strong> 1800 x 1700 x 620 mm (Altezza x Larghezza x Profondit\u00e0)<\/li>\n<li><strong>Peso:<\/strong> 2700 kg<\/li>\n<li><strong>Capacit\u00e0:<\/strong> 1.897 dmc<\/li>\n<li><strong>Ripiani interni:<\/strong> 4<\/li>\n<li><strong>Spessore del muro:<\/strong> 50 mm<\/li>\n<li><strong>Spessore della porta:<\/strong> 130 mm<\/li>\n<li><strong>Bullone:<\/strong> 6 + 2<\/li>\n<\/ul>\n<p><strong>Sistemi di Chiusura e Sicurezza:<\/strong> La cassaforte CFD2000-4 \u00e8 dotata di cardini esterni per un\u2019apertura fino a 200\u00b0, con cerniere antistrappo per una maggiore protezione. La configurazione standard include:<\/p>\n<ul>\n<li><strong>2 serrature a doppia mappa<\/strong> classe B EN 1300 certificate VDS (con 2 chiavi)<\/li>\n<li><strong>Finitura in poliuretano testurizzato<\/strong> in grigio scuro<\/li>\n<li><strong>Foro di ancoraggio<\/strong> per fissaggio a pavimento<\/li>\n<\/ul>\n<p><strong>Certificazioni e Normative:<\/strong> La cassaforte \u00e8 certificata in <strong>classe IV<\/strong> secondo la norma europea UNE EN 1143-1:2019.<\/p>\n<p>Vorresti un\u2019altra cassaforte? Dai un\u2019occhiata ai vari modelli nella nostra categoria di <a href=\"https:\/\/arcasgruber.com\/it\/casseforti-certificate\/casseforti-componibili\/\"><strong>Casseforti Componibili<\/strong><\/a> e trova la soluzione perfetta per le tue esigenze di sicurezza.<\/p>\n","protected":false},"excerpt":{"rendered":"<div class=\"flex-1 overflow-hidden\">\n<div class=\"react-scroll-to-bottom--css-mclpt-79elbk h-full\">\n<div class=\"react-scroll-to-bottom--css-mclpt-1n7m0yu\">\n<div class=\"flex flex-col pb-9 text-sm\">\n<div class=\"w-full text-token-text-primary\" data-testid=\"conversation-turn-43\">\n<div class=\"px-4 py-2 justify-center text-base md:gap-6 m-auto\">\n<div class=\"flex flex-1 text-base mx-auto gap-3 md:px-5 lg:px-1 xl:px-5 md:max-w-3xl lg:max-w-[40rem] xl:max-w-[48rem] group final-completion\">\n<div class=\"relative flex w-full flex-col lg:w-[calc(100%-115px)] agent-turn\">\n<div class=\"flex-col gap-1 md:gap-3\">\n<div class=\"flex flex-grow flex-col max-w-full\">\n<div class=\"min-h-[20px] text-message flex flex-col items-start gap-3 whitespace-pre-wrap break-words [.text-message+&amp;]:mt-5 overflow-x-auto\" data-message-author-role=\"assistant\" data-message-id=\"3de59e9a-fc4e-4c3a-b9b8-1765c82718ec\">\n<div class=\"markdown prose w-full break-words dark:prose-invert light\">\n<p>La <strong>Cassaforte Componibile CFD2000-4<\/strong> \u00e8 una soluzione di sicurezza certificata in classe 4, progettata per offrire una protezione massima e una capacit\u00e0 di stoccaggio eccezionale. Perfetta per garantire la sicurezza di oggetti di valore in ambienti commerciali e privati.<\/p>\n<\/div>\n<\/div>\n<\/div>\n<\/div>\n<\/div>\n<\/div>\n<\/div>\n<\/div>\n<\/div>\n<\/div>\n<\/div>\n<\/div>\n","protected":false},"featured_media":492481,"template":"","meta":{"_acf_changed":false},"product_brand":[],"product_cat":[3342],"product_tag":[],"class_list":{"0":"post-516078","1":"product","2":"type-product","3":"status-publish","4":"has-post-thumbnail","6":"product_cat-casseforti-componibili","8":"first","9":"instock","10":"taxable","11":"shipping-taxable","12":"purchasable","13":"product-type-simple"},"acf":[],"_links":{"self":[{"href":"https:\/\/arcasgruber.com\/it\/wp-json\/wp\/v2\/product\/516078","targetHints":{"allow":["GET"]}}],"collection":[{"href":"https:\/\/arcasgruber.com\/it\/wp-json\/wp\/v2\/product"}],"about":[{"href":"https:\/\/arcasgruber.com\/it\/wp-json\/wp\/v2\/types\/product"}],"version-history":[{"count":0,"href":"https:\/\/arcasgruber.com\/it\/wp-json\/wp\/v2\/product\/516078\/revisions"}],"wp:featuredmedia":[{"embeddable":true,"href":"https:\/\/arcasgruber.com\/it\/wp-json\/wp\/v2\/media\/492481"}],"wp:attachment":[{"href":"https:\/\/arcasgruber.com\/it\/wp-json\/wp\/v2\/media?parent=516078"}],"wp:term":[{"taxonomy":"product_brand","embeddable":true,"href":"https:\/\/arcasgruber.com\/it\/wp-json\/wp\/v2\/product_brand?post=516078"},{"taxonomy":"product_cat","embeddable":true,"href":"https:\/\/arcasgruber.com\/it\/wp-json\/wp\/v2\/product_cat?post=516078"},{"taxonomy":"product_tag","embeddable":true,"href":"https:\/\/arcasgruber.com\/it\/wp-json\/wp\/v2\/product_tag?post=516078"}],"curies":[{"name":"wp","href":"https:\/\/api.w.org\/{rel}","templated":true}]}}