{"id":513166,"date":"2025-09-08T13:21:10","date_gmt":"2025-09-08T11:21:10","guid":{"rendered":"https:\/\/arcasgruber.com\/?post_type=product&#038;p=513166"},"modified":"2025-09-12T10:29:55","modified_gmt":"2025-09-12T08:29:55","slug":"vr","status":"publish","type":"product","link":"https:\/\/arcasgruber.com\/it\/prodotti-a-pagamento\/intercomunicatore\/vr\/","title":{"rendered":"Intercomunicatore da Sportello VR"},"content":{"rendered":"<p>L\u2019<strong>Intercomunicatore da Sportello VR<\/strong> \u00e8 un sistema di interfono all\u2019avanguardia progettato per garantire una comunicazione chiara, sicura e a mani libere attraverso vetri protettivi, sportelli o in ambienti rumorosi con separazioni fisiche. Il suo sistema audio bidirezionale amplifica la voce in entrambe le direzioni, assicurando conversazioni fluide senza sforzo.<\/p>\n<p>La modalit\u00e0 <em>a mani libere<\/em> consente una comunicazione naturale senza dover impugnare dispositivi\u2014ideale per zone di servizio ad alta frequenza. I comandi indipendenti per il volume lato sportello e lato interno, insieme al pulsante <em>mute<\/em>, garantiscono privacy e la massima adattabilit\u00e0 in ogni situazione.<\/p>\n<h2>Applicazioni consigliate<\/h2>\n<p>Questo interfono \u00e8 perfetto in ogni contesto che richiede sicurezza e comunicazione efficace, come:<\/p>\n<ul>\n<li>Banche e istituti finanziari<\/li>\n<li>Sportelli per vendita di biglietti e casse in strutture culturali<\/li>\n<li>Punti di controllo sicurezza<\/li>\n<li>Caselli autostradali, impianti di pedaggio e stazioni di servizio<\/li>\n<li>Parcheggi e sportelli ATM<\/li>\n<li>Punti vendita o reception dotati di <a href=\"https:\/\/arcasgruber.com\/it\/prodotti-a-pagamento\/finestre-antiproiettile\/\"><strong>finestre antiproiettile<\/strong><\/a><\/li>\n<\/ul>\n<h2>Specifiche tecniche<\/h2>\n<ul>\n<li>Audio bidirezionale con controllo automatico della comunicazione e priorit\u00e0 all\u2019interfono interno.<\/li>\n<li>Sistema anti-feedback (anti-acciacamento).<\/li>\n<li>Spie LED di funzionamento sull\u2019unit\u00e0 da scrivania.<\/li>\n<li>Distanza ottimale d\u2019uso: 20 cm dal microfono dell\u2019interfono.<\/li>\n<li>Ingressi per microfono-cuffia e linea audio esterna.<\/li>\n<li>Potenza massima: 2 \u00d7 5 W.<\/li>\n<li>Regolazione indipendente del volume per sportello e interno.<\/li>\n<li>Pulsante mute separato per sportello e interno.<\/li>\n<li>Installazione semplice grazie agli adesivi biadesivi inclusi, senza bisogno di utensili.<\/li>\n<li>Dimensioni compatte: unit\u00e0 da scrivania 105 \u00d7 60 \u00d7 139 mm (profondit\u00e0); unit\u00e0 sportello 87 \u00d7 109 \u00d7 35 mm (profondit\u00e0).<\/li>\n<li>Peso: 0,6 kg.<\/li>\n<\/ul>\n<h2>Accessori inclusi<\/h2>\n<ul>\n<li>Cavo di connessione da 2,5 m con jack 3,5 mm a 4 poli.<\/li>\n<li>Schiuma antivento per microfono.<\/li>\n<li>Adesivi biadesivi per il montaggio.<\/li>\n<li>Alimentatore 12 V CC, 1 A incluso.<\/li>\n<\/ul>\n<h2>Parte di un ecosistema completo per la comunicazione sicura<\/h2>\n<p>L\u2019<strong>Intercomunicatore da Sportello VR<\/strong> si integra perfettamente con una gamma completa di soluzioni dedicate alle aree di pagamento protette, inclusi altri <a href=\"https:\/\/arcasgruber.com\/it\/prodotti-a-pagamento\/intercomunicatore\/\"><strong>sistemi di interfono<\/strong><\/a>, una vasta selezione di <a href=\"https:\/\/arcasgruber.com\/it\/prodotti-a-pagamento\/\"><strong>prodotti per aree di pagamento<\/strong><\/a> e dispositivi di sicurezza fisica come le <a href=\"https:\/\/arcasgruber.com\/it\/casseforti\/\"><strong>casseforti<\/strong><\/a>.<\/p>\n<p>Facile da installare, con pochissima manutenzione e alta affidabilit\u00e0, l\u2019Intercomunicatore da Sportello VR \u00e8 la scelta ideale per le aziende che vogliono migliorare la comunicazione senza compromettere la sicurezza.<\/p>\n","protected":false},"excerpt":{"rendered":"<p data-start=\"3645\" data-end=\"3900\">L\u2019<strong data-start=\"3647\" data-end=\"3684\">Intercomunicatore da Sportello VR<\/strong> \u00e8 un sistema di interfono bidirezionale innovativo, ideale per banche, caselli autostradali, parcheggi e sportelli di vendita. Garantisce una comunicazione chiara, sicura e a mani libere attraverso vetri protettivi.<\/p>\n","protected":false},"featured_media":513172,"template":"","meta":{"_acf_changed":false},"product_brand":[],"product_cat":[2798],"product_tag":[],"class_list":{"0":"post-513166","1":"product","2":"type-product","3":"status-publish","4":"has-post-thumbnail","6":"product_cat-intercomunicatore","8":"first","9":"instock","10":"taxable","11":"shipping-taxable","12":"purchasable","13":"product-type-simple"},"acf":[],"_links":{"self":[{"href":"https:\/\/arcasgruber.com\/it\/wp-json\/wp\/v2\/product\/513166","targetHints":{"allow":["GET"]}}],"collection":[{"href":"https:\/\/arcasgruber.com\/it\/wp-json\/wp\/v2\/product"}],"about":[{"href":"https:\/\/arcasgruber.com\/it\/wp-json\/wp\/v2\/types\/product"}],"version-history":[{"count":0,"href":"https:\/\/arcasgruber.com\/it\/wp-json\/wp\/v2\/product\/513166\/revisions"}],"wp:featuredmedia":[{"embeddable":true,"href":"https:\/\/arcasgruber.com\/it\/wp-json\/wp\/v2\/media\/513172"}],"wp:attachment":[{"href":"https:\/\/arcasgruber.com\/it\/wp-json\/wp\/v2\/media?parent=513166"}],"wp:term":[{"taxonomy":"product_brand","embeddable":true,"href":"https:\/\/arcasgruber.com\/it\/wp-json\/wp\/v2\/product_brand?post=513166"},{"taxonomy":"product_cat","embeddable":true,"href":"https:\/\/arcasgruber.com\/it\/wp-json\/wp\/v2\/product_cat?post=513166"},{"taxonomy":"product_tag","embeddable":true,"href":"https:\/\/arcasgruber.com\/it\/wp-json\/wp\/v2\/product_tag?post=513166"}],"curies":[{"name":"wp","href":"https:\/\/api.w.org\/{rel}","templated":true}]}}