{"id":498656,"date":"2024-05-06T13:33:52","date_gmt":"2024-05-06T11:33:56","guid":{"rendered":"https:\/\/arcasgruber.com\/?post_type=product&#038;p=498656"},"modified":"2025-04-09T09:36:27","modified_gmt":"2025-04-09T07:36:27","slug":"mcf1900-3","status":"publish","type":"product","link":"https:\/\/arcasgruber.com\/it\/casseforti\/certificate\/certificate-muro\/mcf1900-3\/","title":{"rendered":"Cassaforte a muro certificata Grado 3 MCF1900-3"},"content":{"rendered":"<h2>Cassaforte a muro certificata Grado 3 MCF1900-3<\/h2>\n<p>Caratteristiche <strong>Cassaforte a muro certificata Grado 3 MCF1900-3<\/strong>:<\/p>\n<p>Dimensioni esterne: 1900 x 1310 x 630 mm (Altezza x Larghezza \u00d7 Profondit\u00e0)<\/p>\n<p>Dimensioni Interne: 1800 x 1300 x 480 mm (Altezza x Larghezza \u00d7 Profondit\u00e0)<\/p>\n<p>Dimensioni di installazione: 1900 x 1400 x 680 mm (Altezza x Larghezza \u00d7 Profondit\u00e0)<\/p>\n<p>Peso: 626 kg<\/p>\n<p>Capacit\u00e0: 1123.2 dmc<\/p>\n<p>Ripiani interni: 4<\/p>\n<p>Dimensioni di sporgenza maniglia: 50\/60 mm<\/p>\n<p>Spessore del muro: 5 mm<\/p>\n<p>Spessore della porta: 150 mm<\/p>\n<p>Corazzatura interna realizzata con materiali e armature speciali ad alta resistenza<\/p>\n<p>Cardini esterni per l\u2019apertura del battente a 200\u00b0<\/p>\n<p>Bullone: 3 + 2<\/p>\n<p>Diametro Bullone: 35 mm<\/p>\n<p>Fori di ancoraggio: 1 alla base<\/p>\n<p>Cerniere: destra<\/p>\n<p>Cardini in funzione antistrappo<\/p>\n<p>Predisposizione per fissaggio a pavimento<\/p>\n<h2>Certificazione Cassaforte Serie MCF<\/h2>\n<p>Denominazione serie: MCF-III<\/p>\n<p>Cassaforte certificata UNE EN 1143-1:2019 in III livello.<\/p>\n<p>Serratura: 2 Serratura certificata a doppia mappa EN 1300 in classe B certificate VDS (con 2 chiavi)<\/p>\n<p>Fissaggio: A muro<\/p>\n<hr \/>\n<p>Vorresti un&#8217;altra cassaforte Cassaforte a muro certificata? Dai un&#8217;occhiata ai vari tipi di <a href=\"https:\/\/arcasgruber.com\/it\/casseforti-certificate\/certificate-muro\/\"><strong>Casseforti certificate a muro<\/strong><\/a> che produciamo.<\/p>\n<hr \/>\n<p>Sapevi che Arcas Arbasal fa parte del Gruppo Gruber, un gruppo industriale specializzato nella produzione di prodotti per la sicurezza fisica?<\/p>\n<p>Conosci la nostra azienda specializzata in armadi blindati?<\/p>\n<p>Arcas Arbasal \u00e8 specializzata nella produzione di armadi blindati.<\/p>\n<p><strong><a href=\"https:\/\/arcasarbasal.com\/it\/\">Armadi per custodia armi | Produttori di armadi | Arcas Arbasal \u00ae<\/a><\/strong><\/p>\n","protected":false},"excerpt":{"rendered":"<p><strong>Cassaforte a muro certificata Grado 3 MCF1900-3<\/strong>: Dimensioni esterne: 1900 x 1310 x 630 mm (Altezza x Larghezza \u00d7 Profondit\u00e0) &#8211; Dimensioni Interne: 1800 x 1300 x 480 mm (Altezza x Larghezza \u00d7 Profondit\u00e0) &#8211; Dimensioni di installazione: 1900 x 1400 x 680 mm (Altezza x Larghezza \u00d7 Profondit\u00e0) &#8211; Peso: 626 kg &#8211; Capacit\u00e0: 1123.2 dmc &#8211; Ripiani interni: 4\u00a0&#8211; <strong>Cassaforte certificata in Grado 3 UNE EN 1143-1:2019<\/strong>.<\/p>\n","protected":false},"featured_media":492471,"template":"","meta":{"_acf_changed":false},"product_brand":[],"product_cat":[3215],"product_tag":[],"class_list":{"0":"post-498656","1":"product","2":"type-product","3":"status-publish","4":"has-post-thumbnail","6":"product_cat-certificate-muro","8":"first","9":"instock","10":"taxable","11":"shipping-taxable","12":"purchasable","13":"product-type-simple"},"acf":[],"_links":{"self":[{"href":"https:\/\/arcasgruber.com\/it\/wp-json\/wp\/v2\/product\/498656","targetHints":{"allow":["GET"]}}],"collection":[{"href":"https:\/\/arcasgruber.com\/it\/wp-json\/wp\/v2\/product"}],"about":[{"href":"https:\/\/arcasgruber.com\/it\/wp-json\/wp\/v2\/types\/product"}],"version-history":[{"count":0,"href":"https:\/\/arcasgruber.com\/it\/wp-json\/wp\/v2\/product\/498656\/revisions"}],"wp:featuredmedia":[{"embeddable":true,"href":"https:\/\/arcasgruber.com\/it\/wp-json\/wp\/v2\/media\/492471"}],"wp:attachment":[{"href":"https:\/\/arcasgruber.com\/it\/wp-json\/wp\/v2\/media?parent=498656"}],"wp:term":[{"taxonomy":"product_brand","embeddable":true,"href":"https:\/\/arcasgruber.com\/it\/wp-json\/wp\/v2\/product_brand?post=498656"},{"taxonomy":"product_cat","embeddable":true,"href":"https:\/\/arcasgruber.com\/it\/wp-json\/wp\/v2\/product_cat?post=498656"},{"taxonomy":"product_tag","embeddable":true,"href":"https:\/\/arcasgruber.com\/it\/wp-json\/wp\/v2\/product_tag?post=498656"}],"curies":[{"name":"wp","href":"https:\/\/api.w.org\/{rel}","templated":true}]}}