{"id":21325,"date":"2017-06-14T11:24:45","date_gmt":"2017-06-14T09:24:45","guid":{"rendered":"https:\/\/arcasgruber.com\/senza-categoria\/md1430\/"},"modified":"2024-02-27T16:59:22","modified_gmt":"2024-02-27T15:59:22","slug":"md1430","status":"publish","type":"product","link":"https:\/\/arcasgruber.com\/it\/casseforti\/casseforti-resistenti-al-fuoco\/md1430\/","title":{"rendered":"Cassaforte resistenti al fuoco MD1430 &#8211; Supporti informatici"},"content":{"rendered":"<h2>Cassaforte resistenti al fuoco MD1430 &#8211; Supporti informatici<\/h2>\n<p>Caratteristiche <strong>Cassaforte resistenti al fuoco MD1430 &#8211; Supporti informatici<\/strong>:<\/p>\n<p>Dimensioni esterne: 1460 x 890 x 800 mm (altezza x larghezza x profondit\u00e0)<\/p>\n<p>Dimensioni interne: 1205 x 670 x 530 mm (altezza x larghezza x profondit\u00e0)<\/p>\n<p>Volume: 430 l<\/p>\n<p>Peso: 705 Kg<\/p>\n<p>Ripiani: 4<\/p>\n<p>Angolo di apertura 200 \u00b0<\/p>\n<p>Porta con sistema di chiusura con chiavistelli rotanti antisega attivi\/passivi.<\/p>\n<p>Guarnizioni multiple per garantire la tenuta stagna in caso di incendio.<\/p>\n<p>Scudo in acciaio al manganese<\/p>\n<p>Protezione contro l&#8217;acqua in caso di allagamento o prodotta dal sistema antincendio sprinkler.<\/p>\n<p>Serratura: 1 Serratura certificata a doppia mappa EN 1300 in classe B certificate VDS (con 2 chiavi)<\/p>\n<p>Fissaggio: Predisposizione per fissaggio alla base &#8211; HIT V 8.8<\/p>\n<p>Maniglia: maniglia in plastica verticale<\/p>\n<p><strong>Opzioni<\/strong><\/p>\n<p>Tesoretto con chiusura a chiave<\/p>\n<p>kit\u00a0porta fucili<\/p>\n<p>kit militare<\/p>\n<p><strong>Opzioni per combinazione<\/strong><\/p>\n<p>Combinazione meccanica<\/p>\n<p>Combinazione digitale<\/p>\n<p>Combinazione programmable<\/p>\n<p>Combinazione biometrica<\/p>\n<p><strong>Livello di sicurezza Cassaforte ignifughe<\/strong><\/p>\n<p>Protezione antincendio secondo la norma europea EN 1047.1 \/ S120DIS<\/p>\n<p>Protezione dell&#8217;armadio ignifugo: 120 minuti Supporti informatici<\/p>\n<p>Grado 1 secondo le normative europee UNE-EN 1143-1<\/p>\n<p>Valore assicurabile: \u20ac 25.000<\/p>\n<hr \/>\n<p>Vorresti un&#8217;altra Cassaforte ignifuga? Dai un&#8217;occhiata ai vari tipi di <a href=\"https:\/\/arcasgruber.com\/it\/casseforti\/casseforti-resistenti-al-fuoco\/\"><strong>Casseforti ignifughe<\/strong><\/a> che produciamo.<\/p>\n<hr \/>\n<p>Sapevi che Arcas Arbasal fa parte del Gruppo Gruber, un gruppo industriale specializzato nella produzione di prodotti per la sicurezza fisica?<\/p>\n<p>Conosci la nostra azienda specializzata in armadi blindati?<\/p>\n<p>Arcas Arbasal \u00e8 specializzata nella produzione di armadi blindati.<\/p>\n<p><strong><a href=\"https:\/\/arcasarbasal.com\/it\/\">Armadi per custodia armi | Produttori di armadi | Arcas Arbasal \u00ae<\/a><\/strong><\/p>\n","protected":false},"excerpt":{"rendered":"<p>La <strong>cassaforte ignifuga MD1430 per supporti informatici<\/strong> presenta dimensioni esterne di 1460 x 890 x 800 mm (altezza x larghezza x profondit\u00e0) e dimensioni interne di 1205 x 670 x 530 mm (altezza x larghezza x profondit\u00e0), con un volume di 430 litri e un peso di 705 kg. Dispone di quattro ripiani interni. Questa cassaforte \u00e8 conforme alla normativa europea EN 1047.1 \/ S120DIS per la protezione ignifughi, garantendo fino a 120 minuti di sicurezza per i supporti informatici. Classificata come Grado 1 secondo le normative europee UNE-EN 1143-1, offre un valore assicurabile di \u20ac 25.000.<\/p>\n","protected":false},"featured_media":21326,"template":"","meta":{"_acf_changed":false},"product_brand":[],"product_cat":[2785,2753],"product_tag":[],"class_list":{"0":"post-21325","1":"product","2":"type-product","3":"status-publish","4":"has-post-thumbnail","6":"product_cat-armadi-armi","7":"product_cat-casseforti-resistenti-al-fuoco","9":"first","10":"onbackorder","11":"taxable","12":"shipping-taxable","13":"purchasable","14":"product-type-simple"},"acf":[],"_links":{"self":[{"href":"https:\/\/arcasgruber.com\/it\/wp-json\/wp\/v2\/product\/21325","targetHints":{"allow":["GET"]}}],"collection":[{"href":"https:\/\/arcasgruber.com\/it\/wp-json\/wp\/v2\/product"}],"about":[{"href":"https:\/\/arcasgruber.com\/it\/wp-json\/wp\/v2\/types\/product"}],"version-history":[{"count":0,"href":"https:\/\/arcasgruber.com\/it\/wp-json\/wp\/v2\/product\/21325\/revisions"}],"wp:featuredmedia":[{"embeddable":true,"href":"https:\/\/arcasgruber.com\/it\/wp-json\/wp\/v2\/media\/21326"}],"wp:attachment":[{"href":"https:\/\/arcasgruber.com\/it\/wp-json\/wp\/v2\/media?parent=21325"}],"wp:term":[{"taxonomy":"product_brand","embeddable":true,"href":"https:\/\/arcasgruber.com\/it\/wp-json\/wp\/v2\/product_brand?post=21325"},{"taxonomy":"product_cat","embeddable":true,"href":"https:\/\/arcasgruber.com\/it\/wp-json\/wp\/v2\/product_cat?post=21325"},{"taxonomy":"product_tag","embeddable":true,"href":"https:\/\/arcasgruber.com\/it\/wp-json\/wp\/v2\/product_tag?post=21325"}],"curies":[{"name":"wp","href":"https:\/\/api.w.org\/{rel}","templated":true}]}}