{"id":21322,"date":"2017-06-14T11:24:46","date_gmt":"2017-06-14T09:24:46","guid":{"rendered":"https:\/\/arcasgruber.com\/senza-categoria\/md2175\/"},"modified":"2024-02-27T16:57:50","modified_gmt":"2024-02-27T15:57:50","slug":"md2175","status":"publish","type":"product","link":"https:\/\/arcasgruber.com\/it\/casseforti\/casseforti-resistenti-al-fuoco\/md2175\/","title":{"rendered":"Cassaforte resistenti al fuoco MD2175 &#8211; Supporti informatici"},"content":{"rendered":"<h2>Cassaforte resistenti al fuoco MD2175 &#8211; Supporti informatici<\/h2>\n<p>Caratteristiche <strong>Cassaforte resistenti al fuoco MD2175 &#8211; Supporti informatici<\/strong>:<\/p>\n<p>Dimensioni esterne: 1145 x 715 x 665 mm (altezza x larghezza x profondit\u00e0)<\/p>\n<p>Dimensioni interne: 890 x 500 x 390 mm (altezza x larghezza x profondit\u00e0)<\/p>\n<p>Volume: 175 l<\/p>\n<p>Peso: 435 Kg<\/p>\n<p>Ripiani: 2<\/p>\n<p>Angolo di apertura 200 \u00b0<\/p>\n<p>Porta con sistema di chiusura con chiavistelli rotanti antisega attivi\/passivi.<\/p>\n<p>Guarnizioni multiple per garantire la tenuta stagna in caso di incendio.<\/p>\n<p>Scudo in acciaio al manganese<\/p>\n<p>Protezione contro l&#8217;acqua in caso di allagamento o prodotta dal sistema antincendio sprinkler.<\/p>\n<p>Serratura: 1 Serratura certificata a doppia mappa EN 1300 in classe B certificate VDS (con 2 chiavi)<\/p>\n<p>Fissaggio: Predisposizione per fissaggio alla base &#8211; HIT V 8.8<\/p>\n<p>Maniglia: maniglia in plastica verticale<\/p>\n<p><strong>Opzioni<\/strong><\/p>\n<p>Tesoretto con chiusura a chiave<\/p>\n<p>kit\u00a0porta fucili<\/p>\n<p>kit militare<\/p>\n<p><strong>Opzioni per combinazione<\/strong><\/p>\n<p>Combinazione meccanica<\/p>\n<p>Combinazione digitale<\/p>\n<p>Combinazione programmable<\/p>\n<p>Combinazione biometrica<\/p>\n<p><strong>Livello di sicurezza Cassaforte ignifughe<\/strong><\/p>\n<p>Protezione antincendio secondo la norma europea EN 1047.1 \/ S120DIS<\/p>\n<p>Protezione dell&#8217;armadio ignifugo: 120 minuti Supporti informatici<\/p>\n<p>Grado 2 secondo le normative europee UNE-EN 1143-1<\/p>\n<p>Valore assicurabile: \u20ac 35.000<\/p>\n<hr \/>\n<p>Vorresti un&#8217;altra Cassaforte ignifuga? Dai un&#8217;occhiata ai vari tipi di <a href=\"https:\/\/arcasgruber.com\/it\/casseforti\/casseforti-resistenti-al-fuoco\/\"><strong>Casseforti ignifughe<\/strong><\/a> che produciamo.<\/p>\n<hr \/>\n<p>Sapevi che Arcas Arbasal fa parte del Gruppo Gruber, un gruppo industriale specializzato nella produzione di prodotti per la sicurezza fisica?<\/p>\n<p>Conosci la nostra azienda specializzata in armadi blindati?<\/p>\n<p>Arcas Arbasal \u00e8 specializzata nella produzione di armadi blindati.<\/p>\n<p><strong><a href=\"https:\/\/arcasarbasal.com\/it\/\">Armadi per custodia armi | Produttori di armadi | Arcas Arbasal \u00ae<\/a><\/strong><\/p>\n","protected":false},"excerpt":{"rendered":"<div class=\"flex-1 overflow-hidden\">\n<div class=\"react-scroll-to-bottom--css-anvpm-79elbk h-full\">\n<div class=\"react-scroll-to-bottom--css-anvpm-1n7m0yu\">\n<div class=\"flex flex-col text-sm pb-9\">\n<div class=\"w-full text-token-text-primary\" data-testid=\"conversation-turn-21\">\n<div class=\"px-4 py-2 justify-center text-base md:gap-6 m-auto\">\n<div class=\"flex flex-1 text-base mx-auto gap-3 md:px-5 lg:px-1 xl:px-5 md:max-w-3xl lg:max-w-[40rem] xl:max-w-[48rem] group final-completion\">\n<div class=\"relative flex w-full flex-col agent-turn\">\n<div class=\"flex-col gap-1 md:gap-3\">\n<div class=\"flex flex-grow flex-col max-w-full\">\n<div class=\"min-h-[20px] text-message flex flex-col items-start gap-3 whitespace-pre-wrap break-words [.text-message+&amp;]:mt-5 overflow-x-auto\" data-message-author-role=\"assistant\" data-message-id=\"698ce533-7135-4768-b43f-ef067b047d6b\">\n<div class=\"markdown prose w-full break-words dark:prose-invert light\">\n<p>La <strong>cassaforte ignifuga MD2175 per supporti informatici<\/strong> ha dimensioni esterne di 1145 x 715 x 665 mm (altezza x larghezza x profondit\u00e0) e dimensioni interne di 890 x 500 x 390 mm (altezza x larghezza x profondit\u00e0), con un volume di 175 litri e un peso di 435 kg. Dotata di due ripiani interni. Questa cassaforte \u00e8 conforme alla normativa europea EN 1047.1 \/ S120DIS per la protezione ignifughi, garantendo fino a 120 minuti di sicurezza per i supporti informatici. Classificata come Grado 2 secondo le normative europee UNE-EN 1143-1, assicura fino a \u20ac 35.000 di valore assicurabile.<\/p>\n<\/div>\n<\/div>\n<\/div>\n<\/div>\n<\/div>\n<\/div>\n<\/div>\n<\/div>\n<\/div>\n<\/div>\n<\/div>\n<\/div>\n","protected":false},"featured_media":21323,"template":"","meta":{"_acf_changed":false},"product_brand":[],"product_cat":[2753],"product_tag":[],"class_list":{"0":"post-21322","1":"product","2":"type-product","3":"status-publish","4":"has-post-thumbnail","6":"product_cat-casseforti-resistenti-al-fuoco","8":"first","9":"onbackorder","10":"taxable","11":"shipping-taxable","12":"purchasable","13":"product-type-simple"},"acf":[],"_links":{"self":[{"href":"https:\/\/arcasgruber.com\/it\/wp-json\/wp\/v2\/product\/21322","targetHints":{"allow":["GET"]}}],"collection":[{"href":"https:\/\/arcasgruber.com\/it\/wp-json\/wp\/v2\/product"}],"about":[{"href":"https:\/\/arcasgruber.com\/it\/wp-json\/wp\/v2\/types\/product"}],"version-history":[{"count":0,"href":"https:\/\/arcasgruber.com\/it\/wp-json\/wp\/v2\/product\/21322\/revisions"}],"wp:featuredmedia":[{"embeddable":true,"href":"https:\/\/arcasgruber.com\/it\/wp-json\/wp\/v2\/media\/21323"}],"wp:attachment":[{"href":"https:\/\/arcasgruber.com\/it\/wp-json\/wp\/v2\/media?parent=21322"}],"wp:term":[{"taxonomy":"product_brand","embeddable":true,"href":"https:\/\/arcasgruber.com\/it\/wp-json\/wp\/v2\/product_brand?post=21322"},{"taxonomy":"product_cat","embeddable":true,"href":"https:\/\/arcasgruber.com\/it\/wp-json\/wp\/v2\/product_cat?post=21322"},{"taxonomy":"product_tag","embeddable":true,"href":"https:\/\/arcasgruber.com\/it\/wp-json\/wp\/v2\/product_tag?post=21322"}],"curies":[{"name":"wp","href":"https:\/\/api.w.org\/{rel}","templated":true}]}}