{"id":21244,"date":"2017-06-14T11:24:03","date_gmt":"2017-06-14T09:24:03","guid":{"rendered":"https:\/\/arcasgruber.com\/senza-categoria\/10hp\/"},"modified":"2024-02-29T09:30:52","modified_gmt":"2024-02-29T08:30:52","slug":"10hp","status":"publish","type":"product","link":"https:\/\/arcasgruber.com\/it\/casseforti\/lusso\/10hp\/","title":{"rendered":"Cassaforte di lusso 10HP"},"content":{"rendered":"<h2>Cassaforte di lusso 10HP<\/h2>\n<p>Caratteristiche <strong>Cassaforte di lusso 10HP<\/strong>:<\/p>\n<p>Dimensioni esterne: 1200 x 700 x 620 mm (Altezza x Larghezza \u00d7 Profondit\u00e0)<\/p>\n<p>Dimensioni Interne: 1000 x 500 x 345 mm (Altezza x Larghezza \u00d7 Profondit\u00e0)<\/p>\n<p>Peso: 950 kg<\/p>\n<p>Capacit\u00e0: 172.5 dmc<\/p>\n<p>Dimensioni di sporgenza maniglia: 50\/60 mm<\/p>\n<p>Spessore del muro: 100 mm<\/p>\n<p>Spessore della porta: 170 mm<\/p>\n<p>Ripiani interni: 3<\/p>\n<p>Corazzatura interna realizzata con materiali e armature speciali ad alta resistenza<\/p>\n<p>Cardini esterni per l\u2019apertura del battente a 200\u00b0<\/p>\n<p>Bullone: 4 + 2<\/p>\n<p>Diametro Bullone: 35 mm<\/p>\n<p>Cerniere: destra<\/p>\n<p>Cardini in funzione antistrappo<\/p>\n<p>Predisposizione per fissaggio a pavimento<\/p>\n<h2>Certificazione Cassaforte di lusso<\/h2>\n<p>Cassaforte certificata UNE EN 1143-1 in IV livello.<\/p>\n<p>Serratura: Serratura certificata EN 1300 in classe B.<\/p>\n<p><strong>Opzioni per combinazione<\/strong><\/p>\n<p>Combinazione meccanica<\/p>\n<p>Combinazione digitale<\/p>\n<p>Combinazione programmable<\/p>\n<p>Combinazione biometrica<\/p>\n<hr \/>\n<p>Vorresti un&#8217;altra Cassaforte di lusso? Dai un&#8217;occhiata ai vari tipi di <a href=\"https:\/\/arcasgruber.com\/it\/casseforti\/lusso\/\"><strong>Casseforti di lusso<\/strong><\/a> che produciamo.<\/p>\n<hr \/>\n<p>Sapevi che Arcas Arbasal fa parte del Gruppo Gruber, un gruppo industriale specializzato nella produzione di prodotti per la sicurezza fisica?<\/p>\n<p>Conosci la nostra azienda specializzata in armadi blindati?<\/p>\n<p>Arcas Arbasal \u00e8 specializzata nella produzione di armadi blindati.<\/p>\n<p><strong><a href=\"https:\/\/arcasarbasal.com\/it\/\">Armadi per custodia armi | Produttori di armadi | Arcas Arbasal \u00ae<\/a><\/strong><\/p>\n","protected":false},"excerpt":{"rendered":"<p><strong>Cassaforte di Lusso 10HP<\/strong> ha dimensioni esterne imponenti di 1200 x 700 x 620 mm (Altezza x Larghezza \u00d7 Profondit\u00e0), mentre le dimensioni interne offrono generose misure di 1000 x 500 x 345 mm (Altezza x Larghezza \u00d7 Profondit\u00e0). Con un peso di 950 kg e una capacit\u00e0 di 172.5 dmc, assicura una protezione affidabile per i beni di valore. La certificazione UNE EN 1143-1 in IV livello attesta la conformit\u00e0 a rigidi standard di sicurezza, mentre la serratura certificata EN 1300 in classe B garantisce un livello superiore di protezione.<\/p>\n","protected":false},"featured_media":495756,"template":"","meta":{"_acf_changed":false},"product_brand":[],"product_cat":[2756],"product_tag":[],"class_list":{"0":"post-21244","1":"product","2":"type-product","3":"status-publish","4":"has-post-thumbnail","6":"product_cat-lusso","8":"first","9":"instock","10":"taxable","11":"shipping-taxable","12":"purchasable","13":"product-type-simple"},"acf":[],"_links":{"self":[{"href":"https:\/\/arcasgruber.com\/it\/wp-json\/wp\/v2\/product\/21244","targetHints":{"allow":["GET"]}}],"collection":[{"href":"https:\/\/arcasgruber.com\/it\/wp-json\/wp\/v2\/product"}],"about":[{"href":"https:\/\/arcasgruber.com\/it\/wp-json\/wp\/v2\/types\/product"}],"version-history":[{"count":0,"href":"https:\/\/arcasgruber.com\/it\/wp-json\/wp\/v2\/product\/21244\/revisions"}],"wp:featuredmedia":[{"embeddable":true,"href":"https:\/\/arcasgruber.com\/it\/wp-json\/wp\/v2\/media\/495756"}],"wp:attachment":[{"href":"https:\/\/arcasgruber.com\/it\/wp-json\/wp\/v2\/media?parent=21244"}],"wp:term":[{"taxonomy":"product_brand","embeddable":true,"href":"https:\/\/arcasgruber.com\/it\/wp-json\/wp\/v2\/product_brand?post=21244"},{"taxonomy":"product_cat","embeddable":true,"href":"https:\/\/arcasgruber.com\/it\/wp-json\/wp\/v2\/product_cat?post=21244"},{"taxonomy":"product_tag","embeddable":true,"href":"https:\/\/arcasgruber.com\/it\/wp-json\/wp\/v2\/product_tag?post=21244"}],"curies":[{"name":"wp","href":"https:\/\/api.w.org\/{rel}","templated":true}]}}