{"id":21134,"date":"2017-06-14T11:26:04","date_gmt":"2017-06-14T09:26:04","guid":{"rendered":"https:\/\/arcasgruber.com\/senza-categoria\/safescan-2210\/"},"modified":"2025-09-10T15:16:18","modified_gmt":"2025-09-10T13:16:18","slug":"2210","status":"publish","type":"product","link":"https:\/\/arcasgruber.com\/it\/prodotti-a-pagamento\/contabanconote\/2210\/","title":{"rendered":"Contabanconote 2210"},"content":{"rendered":"<div>\n<h2>Contabanconote 2210<\/h2>\n<p>Il <strong>Contabanconote 2210<\/strong> \u00e8 progettato per garantire un conteggio rapido, preciso e sicuro delle banconote. \u00c8 in grado di contare fino a 1 000 banconote al minuto e verifica automaticamente l\u2019autenticit\u00e0 controllando due importanti criteri di sicurezza: inchiostro ultravioletti e dimensioni della banconota.<\/p>\n<p>Dotato di un ampio display LCD da 3,9 pollici e comandi intuitivi, offre funzioni automatiche come auto-start, ADD (per accumulare conteggi di pi\u00f9 serie) e BATCH (per creare fasci di banconote di numero prestabilito). La capacit\u00e0 della tramoggia posteriore \u00e8 di 150 banconote, mentre l\u2019impilatore si blocca automaticamente dopo 220 banconote.<\/p>\n<h3>Specifiche tecniche del Contabanconote 2210<\/h3>\n<ul>\n<li>Velocit\u00e0 di conteggio: fino a 1 000 banconote al minuto.<\/li>\n<li>Verifica falsi tramite inchiostro UV e dimensioni della banconota.<\/li>\n<li>Avvio automatico quando le banconote vengono inserite.<\/li>\n<li>Funzione ADD per sommare i conteggi di pi\u00f9 sessioni.<\/li>\n<li>Funzione BATCH per creare fasci di dimensione prestabilita.<\/li>\n<li>Capacit\u00e0 della tramoggia posteriore: fino a 150 banconote.<\/li>\n<li>Capacit\u00e0 dell\u2019impilatore: blocca il conteggio dopo 220 banconote.<\/li>\n<li>Schermo LCD ampio da 3,9 pollici con interfaccia intuitiva.<\/li>\n<li>Compatibile con cartucce di pulizia interne opzionali.<\/li>\n<li>Alimentazione: CA 220 V \u2013 240 V.<\/li>\n<li>Dimensioni: 25 \u00d7 29,5 \u00d7 18,4 cm.<\/li>\n<li>Peso: circa 5,8 kg.<\/li>\n<li>Garanzia soddisfatti o rimborsati: 14 giorni.<\/li>\n<li>Garanzia del produttore: 3 anni.<\/li>\n<li>Certificazione CE.<\/li>\n<\/ul>\n<p>Unendo rapidit\u00e0, precisione e sicurezza, il <strong>Contabanconote 2210<\/strong> \u00e8 la soluzione ideale per gestire il contante in modo efficiente. Scopri altri modelli nella nostra categoria di <a href=\"https:\/\/arcasgruber.com\/it\/prodotti-a-pagamento\/contabanconote\/\">contabanconote<\/a>.<\/p>\n<\/div>\n","protected":false},"excerpt":{"rendered":"<p data-start=\"2307\" data-end=\"2546\">Il <strong data-start=\"2310\" data-end=\"2333\">Contabanconote 2210<\/strong> combina un conteggio superveloce (1 000 banconote\/minuto) con verifica antifrode UV e dimensioni, insieme alle funzioni ADD e BATCH \u2014 la scelta ideale per ambienti professionali con elevato movimento di contanti.<\/p>\n","protected":false},"featured_media":21135,"template":"","meta":{"_acf_changed":false},"product_brand":[],"product_cat":[2799],"product_tag":[],"class_list":{"0":"post-21134","1":"product","2":"type-product","3":"status-publish","4":"has-post-thumbnail","6":"product_cat-contabanconote","8":"first","9":"instock","10":"taxable","11":"shipping-taxable","12":"purchasable","13":"product-type-simple"},"acf":[],"_links":{"self":[{"href":"https:\/\/arcasgruber.com\/it\/wp-json\/wp\/v2\/product\/21134","targetHints":{"allow":["GET"]}}],"collection":[{"href":"https:\/\/arcasgruber.com\/it\/wp-json\/wp\/v2\/product"}],"about":[{"href":"https:\/\/arcasgruber.com\/it\/wp-json\/wp\/v2\/types\/product"}],"version-history":[{"count":0,"href":"https:\/\/arcasgruber.com\/it\/wp-json\/wp\/v2\/product\/21134\/revisions"}],"wp:featuredmedia":[{"embeddable":true,"href":"https:\/\/arcasgruber.com\/it\/wp-json\/wp\/v2\/media\/21135"}],"wp:attachment":[{"href":"https:\/\/arcasgruber.com\/it\/wp-json\/wp\/v2\/media?parent=21134"}],"wp:term":[{"taxonomy":"product_brand","embeddable":true,"href":"https:\/\/arcasgruber.com\/it\/wp-json\/wp\/v2\/product_brand?post=21134"},{"taxonomy":"product_cat","embeddable":true,"href":"https:\/\/arcasgruber.com\/it\/wp-json\/wp\/v2\/product_cat?post=21134"},{"taxonomy":"product_tag","embeddable":true,"href":"https:\/\/arcasgruber.com\/it\/wp-json\/wp\/v2\/product_tag?post=21134"}],"curies":[{"name":"wp","href":"https:\/\/api.w.org\/{rel}","templated":true}]}}