{"id":20916,"date":"2017-06-14T11:25:10","date_gmt":"2017-06-14T09:25:10","guid":{"rendered":"https:\/\/arcasgruber.com\/senza-categoria\/ss0312\/"},"modified":"2024-03-04T13:35:04","modified_gmt":"2024-03-04T12:35:04","slug":"ss0312","status":"publish","type":"product","link":"https:\/\/arcasgruber.com\/it\/casseforti\/hotel\/ss0312\/","title":{"rendered":"Cassaforte hotel SS0312"},"content":{"rendered":"<h2>Cassaforte hotel SS0312<\/h2>\n<p>Caratteristiche della <strong>Cassaforte hotel SS0312<\/strong>:<\/p>\n<p>Dimensioni esterne: 250 x 450 x 365 mm (altezza x larghezza x profondit\u00e0)<\/p>\n<p>Dimensioni interne: 247 x 447 x 305 mm (altezza x larghezza x profondit\u00e0)<\/p>\n<p>Capacit\u00e0: 33 l<\/p>\n<p>Peso: 12.5 Kg<\/p>\n<p>Ripiani interni: 0<\/p>\n<p>Cerniere: Destra<\/p>\n<p>Oscillazione della porta: 260 mm<\/p>\n<p>Combinazione elettronica con chiave di emergenza.<\/p>\n<p>Bulloni: 2<\/p>\n<p>Bulloni di ancoraggio per pavimento o parete<\/p>\n<p>Realizzato interamente in lamiera d&#8217;acciaio ad alta resistenza<\/p>\n<p>Colore: grigio strutturato di alta qualit\u00e0<\/p>\n<hr \/>\n<p>Vorresti un&#8217;altra cassaforte per hotel? Dai un&#8217;occhiata ai vari tipi di <a href=\"https:\/\/arcasgruber.com\/it\/casseforti\/hotel\/\"><strong>casseforti per hotel<\/strong><\/a> che produciamo.<\/p>\n<hr \/>\n<p>Sapevi che Arcas Arbasal fa parte del Gruppo Gruber, un gruppo industriale specializzato nella produzione di prodotti per la sicurezza fisica?<\/p>\n<p>Conosci la nostra azienda specializzata in armadi blindati?<\/p>\n<p>Arcas Arbasal \u00e8 specializzata nella produzione di armadi blindati.<\/p>\n<p><strong><a href=\"https:\/\/arcasarbasal.com\/it\/\">Armadi per custodia armi | Produttori di armadi | Arcas Arbasal \u00ae<\/a><\/strong><\/p>\n","protected":false},"excerpt":{"rendered":"<p>La <strong>cassaforte hotel SS0312<\/strong> offre dimensioni esterne di 250 x 450 x 365 mm (altezza x larghezza x profondit\u00e0) e dimensioni interne di 247 x 447 x 305 mm (altezza x larghezza x profondit\u00e0), con una capacit\u00e0 di 33 litri e un peso di 12.5 kg. Dotata di combinazione elettronica con chiave di emergenza, \u00e8 realizzata interamente in lamiera d&#8217;acciaio ad alta resistenza e viene fornita con 2 bulloni di ancoraggio per pavimento o parete. La cassaforte \u00e8 disponibile nel colore grigio strutturato di alta qualit\u00e0.<\/p>\n","protected":false},"featured_media":20917,"template":"","meta":{"_acf_changed":false},"product_brand":[],"product_cat":[2755],"product_tag":[],"class_list":{"0":"post-20916","1":"product","2":"type-product","3":"status-publish","4":"has-post-thumbnail","6":"product_cat-hotel","8":"first","9":"instock","10":"taxable","11":"shipping-taxable","12":"purchasable","13":"product-type-simple"},"acf":[],"_links":{"self":[{"href":"https:\/\/arcasgruber.com\/it\/wp-json\/wp\/v2\/product\/20916","targetHints":{"allow":["GET"]}}],"collection":[{"href":"https:\/\/arcasgruber.com\/it\/wp-json\/wp\/v2\/product"}],"about":[{"href":"https:\/\/arcasgruber.com\/it\/wp-json\/wp\/v2\/types\/product"}],"version-history":[{"count":0,"href":"https:\/\/arcasgruber.com\/it\/wp-json\/wp\/v2\/product\/20916\/revisions"}],"wp:featuredmedia":[{"embeddable":true,"href":"https:\/\/arcasgruber.com\/it\/wp-json\/wp\/v2\/media\/20917"}],"wp:attachment":[{"href":"https:\/\/arcasgruber.com\/it\/wp-json\/wp\/v2\/media?parent=20916"}],"wp:term":[{"taxonomy":"product_brand","embeddable":true,"href":"https:\/\/arcasgruber.com\/it\/wp-json\/wp\/v2\/product_brand?post=20916"},{"taxonomy":"product_cat","embeddable":true,"href":"https:\/\/arcasgruber.com\/it\/wp-json\/wp\/v2\/product_cat?post=20916"},{"taxonomy":"product_tag","embeddable":true,"href":"https:\/\/arcasgruber.com\/it\/wp-json\/wp\/v2\/product_tag?post=20916"}],"curies":[{"name":"wp","href":"https:\/\/api.w.org\/{rel}","templated":true}]}}