{"id":20912,"date":"2017-06-14T11:25:11","date_gmt":"2017-06-14T09:25:11","guid":{"rendered":"https:\/\/arcasgruber.com\/senza-categoria\/hs458-02\/"},"modified":"2024-03-04T13:33:44","modified_gmt":"2024-03-04T12:33:44","slug":"hs458-02","status":"publish","type":"product","link":"https:\/\/arcasgruber.com\/it\/casseforti\/hotel\/hs458-02\/","title":{"rendered":"Cassaforte hotel elettronica HS458-02"},"content":{"rendered":"<h2>Cassaforte hotel elettronica HS458-02<\/h2>\n<p>Caratteristiche della <strong>Cassaforte hotel elettronica HS458-02<\/strong>:<\/p>\n<p>Dimensioni esterne: 230 x 420 x 380 mm (altezza x larghezza x profondit\u00e0)<\/p>\n<p>Dimensioni interne: 224 x 416 x 330 mm (altezza x larghezza x profondit\u00e0)<\/p>\n<p>Capacit\u00e0: 30 l<\/p>\n<p>Peso: 14 Kg<\/p>\n<p>Ripiani interni: 0<\/p>\n<p>Cerniere: Destra<\/p>\n<p>Oscillazione della porta: 260 mm<\/p>\n<p>Combinazione elettronica con chiave di emergenza<\/p>\n<p>In dotazione chiave di sblocco per le aperture di emergenza, tappetino imbottito alla base, 4 batterie da 1.5 volt, display a led.<\/p>\n<p>Bulloni: 2<\/p>\n<p>Bulloni di ancoraggio per pavimento o parete<\/p>\n<p>Realizzato interamente in lamiera d&#8217;acciaio ad alta resistenza<\/p>\n<p>Colore: grigio strutturato di alta qualit\u00e0<\/p>\n<hr \/>\n<p>Vorresti un&#8217;altra cassaforte per hotel? Dai un&#8217;occhiata ai vari tipi di <a href=\"https:\/\/arcasgruber.com\/it\/casseforti\/hotel\/\"><strong>casseforti per hotel<\/strong><\/a> che produciamo.<\/p>\n<hr \/>\n<p>Sapevi che Arcas Arbasal fa parte del Gruppo Gruber, un gruppo industriale specializzato nella produzione di prodotti per la sicurezza fisica?<\/p>\n<p>Conosci la nostra azienda specializzata in armadi blindati?<\/p>\n<p>Arcas Arbasal \u00e8 specializzata nella produzione di armadi blindati.<\/p>\n<p><strong><a href=\"https:\/\/arcasarbasal.com\/it\/\">Armadi per custodia armi | Produttori di armadi | Arcas Arbasal \u00ae<\/a><\/strong><\/p>\n","protected":false},"excerpt":{"rendered":"<div class=\"flex-1 overflow-hidden\">\n<div class=\"react-scroll-to-bottom--css-xftze-79elbk h-full\">\n<div class=\"react-scroll-to-bottom--css-xftze-1n7m0yu\">\n<div class=\"flex flex-col text-sm pb-9\">\n<div class=\"w-full text-token-text-primary\" data-testid=\"conversation-turn-127\">\n<div class=\"px-4 py-2 justify-center text-base md:gap-6 m-auto\">\n<div class=\"flex flex-1 text-base mx-auto gap-3 md:px-5 lg:px-1 xl:px-5 md:max-w-3xl lg:max-w-[40rem] xl:max-w-[48rem] group final-completion\">\n<div class=\"relative flex w-full flex-col agent-turn\">\n<div class=\"flex-col gap-1 md:gap-3\">\n<div class=\"flex flex-grow flex-col max-w-full\">\n<div class=\"min-h-[20px] text-message flex flex-col items-start gap-3 whitespace-pre-wrap break-words [.text-message+&amp;]:mt-5 overflow-x-auto\" data-message-author-role=\"assistant\" data-message-id=\"7fd7dd07-6fd6-44da-a70d-8c5b5d2fb6f1\">\n<div class=\"markdown prose w-full break-words dark:prose-invert light\">\n<p>La <strong>cassaforte hotel elettronica HS458-02<\/strong> presenta dimensioni esterne di 230 x 420 x 380 mm (altezza x larghezza x profondit\u00e0) e dimensioni interne di 224 x 416 x 330 mm (altezza x larghezza x profondit\u00e0). Ha una capacit\u00e0 di 30 litri e un peso di 14 kg. Dotata di combinazione elettronica con chiave di emergenza, include anche una chiave di sblocco per le aperture di emergenza, un tappetino imbottito alla base, e 4 batterie da 1.5 volt con display a LED.<\/p>\n<\/div>\n<\/div>\n<\/div>\n<\/div>\n<\/div>\n<\/div>\n<\/div>\n<\/div>\n<\/div>\n<\/div>\n<\/div>\n<\/div>\n","protected":false},"featured_media":20913,"template":"","meta":{"_acf_changed":false},"product_brand":[],"product_cat":[2746,2755],"product_tag":[],"class_list":{"0":"post-20912","1":"product","2":"type-product","3":"status-publish","4":"has-post-thumbnail","6":"product_cat-casseforti","7":"product_cat-hotel","9":"first","10":"instock","11":"taxable","12":"shipping-taxable","13":"purchasable","14":"product-type-simple"},"acf":[],"_links":{"self":[{"href":"https:\/\/arcasgruber.com\/it\/wp-json\/wp\/v2\/product\/20912","targetHints":{"allow":["GET"]}}],"collection":[{"href":"https:\/\/arcasgruber.com\/it\/wp-json\/wp\/v2\/product"}],"about":[{"href":"https:\/\/arcasgruber.com\/it\/wp-json\/wp\/v2\/types\/product"}],"version-history":[{"count":0,"href":"https:\/\/arcasgruber.com\/it\/wp-json\/wp\/v2\/product\/20912\/revisions"}],"wp:featuredmedia":[{"embeddable":true,"href":"https:\/\/arcasgruber.com\/it\/wp-json\/wp\/v2\/media\/20913"}],"wp:attachment":[{"href":"https:\/\/arcasgruber.com\/it\/wp-json\/wp\/v2\/media?parent=20912"}],"wp:term":[{"taxonomy":"product_brand","embeddable":true,"href":"https:\/\/arcasgruber.com\/it\/wp-json\/wp\/v2\/product_brand?post=20912"},{"taxonomy":"product_cat","embeddable":true,"href":"https:\/\/arcasgruber.com\/it\/wp-json\/wp\/v2\/product_cat?post=20912"},{"taxonomy":"product_tag","embeddable":true,"href":"https:\/\/arcasgruber.com\/it\/wp-json\/wp\/v2\/product_tag?post=20912"}],"curies":[{"name":"wp","href":"https:\/\/api.w.org\/{rel}","templated":true}]}}