{"id":20855,"date":"2017-06-14T11:24:56","date_gmt":"2017-06-14T09:24:56","guid":{"rendered":"https:\/\/arcasgruber.com\/senza-categoria\/ss1622\/"},"modified":"2025-06-03T13:16:27","modified_gmt":"2025-06-03T11:16:27","slug":"ss1622","status":"publish","type":"product","link":"https:\/\/arcasgruber.com\/it\/armadi-blindati\/armadi-ignifughi\/ss1622\/","title":{"rendered":"Armadio ignifugo per documenti SS1622"},"content":{"rendered":"<h2>Armadio ignifugo per documenti SS1622<\/h2>\n<p>Caratteristiche <strong>Armadio ignifugo per documenti SS1622<\/strong>:<\/p>\n<p>Dimensioni esterne: 1160 x 655 x 560 mm (Altezza x Larghezza \u00d7 Profondit\u00e0)<\/p>\n<p>Dimensioni Interne: 980 x 475 x 350 mm (Altezza x Larghezza \u00d7 Profondit\u00e0)<\/p>\n<p>Peso: 246 kg<\/p>\n<p>Capacit\u00e0: 162 dmc<\/p>\n<p>Dimensioni di sporgenza maniglia: 40\/50 mm<\/p>\n<h3>Sistema di costruzione Armadio ignifugo<\/h3>\n<p>Ripiani interni \/ <span class=\"Y2IQFc\" lang=\"it\">cassetti<\/span>: 1 \/ 2<\/p>\n<p>Raccoglitore leva A4: 12<\/p>\n<p>Raccoglitore a leva tipo folio: 10<\/p>\n<p>Scatole portadocumenti: 13<\/p>\n<p>Corazzatura interna realizzata con materiali e armature speciali ad alta resistenza<\/p>\n<p>Cardini esterni per l\u2019apertura del battente a 200\u00b0<\/p>\n<p>Cerniere: destra<\/p>\n<p>Cardini in funzione antistrappo<\/p>\n<h3>Certificazione Armadi ignifughi<\/h3>\n<p>Armadio: 120 minuti a 500\u00b0C<\/p>\n<p>Tesoretto ignifugo per supporti magnetici: 60 minuti<\/p>\n<p>Serratura: 1 Serratura certificata a doppia mappa EN 1300 in classe B certificate VDS (con 2 chiavi)<\/p>\n<p>Fissaggio: Predisposizione per fissaggio alla base &#8211; HIT V 8.8<\/p>\n<p>Maniglia: maniglia in plastica verticale<\/p>\n<p><strong>Opzioni<\/strong><\/p>\n<p>Tesoretto con chiusura a chiave<\/p>\n<p>kit\u00a0porta fucili<\/p>\n<p>kit militare<\/p>\n<p><strong>Opzioni per combinazione<\/strong><\/p>\n<p>Combinazione meccanica<\/p>\n<p>Combinazione digitale<\/p>\n<p>Combinazione programmable<\/p>\n<p>Combinazione biometrica<\/p>\n<hr \/>\n<p>Vorresti un&#8217;altro armadio ignifugo? Dai un&#8217;occhiata ai vari tipi di <a href=\"https:\/\/arcasgruber.com\/it\/armadi-blindati\/armadi-ignifughi\/\"><strong>Armadi ignifughi<\/strong><\/a> che produciamo.<\/p>\n<hr \/>\n<p>Sapevi che Arcas Arbasal fa parte del Gruppo Gruber, un gruppo industriale specializzato nella produzione di prodotti per la sicurezza fisica?<\/p>\n<p>Conosci la nostra azienda specializzata in armadi blindati?<\/p>\n<p>Arcas Arbasal \u00e8 specializzata nella produzione di armadi blindati.<\/p>\n<p><strong><a href=\"https:\/\/arcasarbasal.com\/it\/\">Armadi per custodia armi | Produttori di armadi | Arcas Arbasal \u00ae<\/a><\/strong><\/p>\n","protected":false},"excerpt":{"rendered":"<p><strong>Armadio ignifugo per documenti SS1622<\/strong> ha dimensioni esterne di 1160 x 655 x 560 mm (Altezza x Larghezza \u00d7 Profondit\u00e0) e dimensioni interne di 980 x 475 x 350 mm (Altezza x Larghezza \u00d7 Profondit\u00e0), questo armadio pesa 246 kg e ha una capacit\u00e0 di 162 dmc. Dispone di 1 ripiano interno e 2 cassetti, insieme a 12 raccoglitori leva A4, 10 raccoglitori a leva tipo folio e 13 scatole portadocumenti. <strong>\u00c8 certificato per una resistenza al fuoco di 120 minuti a 500\u00b0C per documenti<\/strong> e 60 minuti per il tesoretto ignifugo per supporti magnetici.<\/p>\n","protected":false},"featured_media":20856,"template":"","meta":{"_acf_changed":false},"product_brand":[],"product_cat":[2801],"product_tag":[],"class_list":{"0":"post-20855","1":"product","2":"type-product","3":"status-publish","4":"has-post-thumbnail","6":"product_cat-armadi-ignifughi","8":"first","9":"instock","10":"taxable","11":"shipping-taxable","12":"purchasable","13":"product-type-simple"},"acf":[],"_links":{"self":[{"href":"https:\/\/arcasgruber.com\/it\/wp-json\/wp\/v2\/product\/20855","targetHints":{"allow":["GET"]}}],"collection":[{"href":"https:\/\/arcasgruber.com\/it\/wp-json\/wp\/v2\/product"}],"about":[{"href":"https:\/\/arcasgruber.com\/it\/wp-json\/wp\/v2\/types\/product"}],"version-history":[{"count":0,"href":"https:\/\/arcasgruber.com\/it\/wp-json\/wp\/v2\/product\/20855\/revisions"}],"wp:featuredmedia":[{"embeddable":true,"href":"https:\/\/arcasgruber.com\/it\/wp-json\/wp\/v2\/media\/20856"}],"wp:attachment":[{"href":"https:\/\/arcasgruber.com\/it\/wp-json\/wp\/v2\/media?parent=20855"}],"wp:term":[{"taxonomy":"product_brand","embeddable":true,"href":"https:\/\/arcasgruber.com\/it\/wp-json\/wp\/v2\/product_brand?post=20855"},{"taxonomy":"product_cat","embeddable":true,"href":"https:\/\/arcasgruber.com\/it\/wp-json\/wp\/v2\/product_cat?post=20855"},{"taxonomy":"product_tag","embeddable":true,"href":"https:\/\/arcasgruber.com\/it\/wp-json\/wp\/v2\/product_tag?post=20855"}],"curies":[{"name":"wp","href":"https:\/\/api.w.org\/{rel}","templated":true}]}}