{"id":20847,"date":"2017-06-14T11:25:00","date_gmt":"2017-06-14T09:25:00","guid":{"rendered":"https:\/\/arcasgruber.com\/senza-categoria\/ds2002\/"},"modified":"2024-02-27T16:49:02","modified_gmt":"2024-02-27T15:49:02","slug":"ds2002","status":"publish","type":"product","link":"https:\/\/arcasgruber.com\/it\/armadi-blindati\/armadi-ignifughi\/ds2002\/","title":{"rendered":"Armadio ignifugo per supporti magnetici DS2002"},"content":{"rendered":"<h2>Armadio ignifugo per supporti magnetici DS2002<\/h2>\n<p>Caratteristiche <strong>Armadio ignifugo per supporti magnetici DS2002<\/strong>:<\/p>\n<p>Dimensioni esterne: 600 x 470 x 470 mm (Altezza x Larghezza \u00d7 Profondit\u00e0)<\/p>\n<p>Dimensioni Interne: 380 x 245 x 195 mm (Altezza x Larghezza \u00d7 Profondit\u00e0)<\/p>\n<p>Peso: 93 kg<\/p>\n<p>Capacit\u00e0: 18 dmc<\/p>\n<p>Dimensioni di sporgenza maniglia: 40\/50 mm<\/p>\n<h3>Sistema di costruzione Armadio ignifugo<\/h3>\n<p>Ripiani interni \/<span class=\"Y2IQFc\" lang=\"it\">cassetti<\/span>: 2 \/ 3<\/p>\n<p>LTO: 30<\/p>\n<p>DAT: 224<\/p>\n<p>DLT: 30<\/p>\n<p>CD-ROM: 57<\/p>\n<p>Corazzatura interna realizzata con materiali e armature speciali ad alta resistenza<\/p>\n<p>Cardini esterni per l\u2019apertura del battente a 200\u00b0<\/p>\n<p>Cerniere: destra<\/p>\n<p>Cardini in funzione antistrappo<\/p>\n<h3>Certificazione Armadi ignifughi<\/h3>\n<p>Resistenza al fuoco supporti magnetici: 90 minuti &#8211; 90DIS &#8211; NT FIRE 017<\/p>\n<p>Serratura: 1 Serratura certificata a doppia mappa EN 1300 in classe B certificate VDS (con 2 chiavi)<\/p>\n<p>Fissaggio: Predisposizione per fissaggio alla base &#8211; HIT V 8.8<\/p>\n<p>Maniglia: maniglia in plastica verticale<\/p>\n<p><strong>Opzioni<\/strong><\/p>\n<p>Tesoretto con chiusura a chiave<\/p>\n<p>kit\u00a0porta fucili<\/p>\n<p>kit militare<\/p>\n<p><strong>Opzioni per combinazione<\/strong><\/p>\n<p>Combinazione meccanica<\/p>\n<p>Combinazione digitale<\/p>\n<p>Combinazione programmable<\/p>\n<p>Combinazione biometrica<\/p>\n<hr \/>\n<p>Vorresti un&#8217;altro armadio ignifugo? Dai un&#8217;occhiata ai vari tipi di <a href=\"https:\/\/arcasgruber.com\/it\/armadi-blindati\/armadi-ignifughi\/\"><strong>Armadi ignifughi<\/strong><\/a> che produciamo.<\/p>\n<hr \/>\n<p>Sapevi che Arcas Arbasal fa parte del Gruppo Gruber, un gruppo industriale specializzato nella produzione di prodotti per la sicurezza fisica?<\/p>\n<p>Conosci la nostra azienda specializzata in armadi blindati?<\/p>\n<p>Arcas Arbasal \u00e8 specializzata nella produzione di armadi blindati.<\/p>\n<p><strong><a href=\"https:\/\/arcasarbasal.com\/it\/\">Armadi per custodia armi | Produttori di armadi | Arcas Arbasal \u00ae<\/a><\/strong><\/p>\n","protected":false},"excerpt":{"rendered":"<p><strong>Armadio ignifugo per supporti magnetici DS2002<\/strong> ha dimensioni esterne di 600 x 470 x 470 mm (Altezza x Larghezza \u00d7 Profondit\u00e0) e dimensioni interne di 380 x 245 x 195 mm (Altezza x Larghezza \u00d7 Profondit\u00e0), questo armadio pesa 93 kg e ha una capacit\u00e0 di 18 dmc. Dispone di 2 ripiani interni e 3 cassetti, ideali per archiviare una variet\u00e0 di supporti magnetici, tra cui LTO, DAT, DLT e CD-ROM. <strong>\u00c8 certificato per la resistenza al fuoco dei supporti magnetici per 90 minuti secondo lo standard 90DIS &#8211; NT FIRE 017<\/strong>.<\/p>\n","protected":false},"featured_media":20848,"template":"","meta":{"_acf_changed":false},"product_brand":[],"product_cat":[2801],"product_tag":[],"class_list":{"0":"post-20847","1":"product","2":"type-product","3":"status-publish","4":"has-post-thumbnail","6":"product_cat-armadi-ignifughi","8":"first","9":"instock","10":"taxable","11":"shipping-taxable","12":"purchasable","13":"product-type-simple"},"acf":[],"_links":{"self":[{"href":"https:\/\/arcasgruber.com\/it\/wp-json\/wp\/v2\/product\/20847","targetHints":{"allow":["GET"]}}],"collection":[{"href":"https:\/\/arcasgruber.com\/it\/wp-json\/wp\/v2\/product"}],"about":[{"href":"https:\/\/arcasgruber.com\/it\/wp-json\/wp\/v2\/types\/product"}],"version-history":[{"count":0,"href":"https:\/\/arcasgruber.com\/it\/wp-json\/wp\/v2\/product\/20847\/revisions"}],"wp:featuredmedia":[{"embeddable":true,"href":"https:\/\/arcasgruber.com\/it\/wp-json\/wp\/v2\/media\/20848"}],"wp:attachment":[{"href":"https:\/\/arcasgruber.com\/it\/wp-json\/wp\/v2\/media?parent=20847"}],"wp:term":[{"taxonomy":"product_brand","embeddable":true,"href":"https:\/\/arcasgruber.com\/it\/wp-json\/wp\/v2\/product_brand?post=20847"},{"taxonomy":"product_cat","embeddable":true,"href":"https:\/\/arcasgruber.com\/it\/wp-json\/wp\/v2\/product_cat?post=20847"},{"taxonomy":"product_tag","embeddable":true,"href":"https:\/\/arcasgruber.com\/it\/wp-json\/wp\/v2\/product_tag?post=20847"}],"curies":[{"name":"wp","href":"https:\/\/api.w.org\/{rel}","templated":true}]}}