{"id":20837,"date":"2017-06-14T11:25:05","date_gmt":"2017-06-14T09:25:05","guid":{"rendered":"https:\/\/arcasgruber.com\/senza-categoria\/ds4623\/"},"modified":"2024-02-27T16:46:50","modified_gmt":"2024-02-27T15:46:50","slug":"ds4623","status":"publish","type":"product","link":"https:\/\/arcasgruber.com\/it\/armadi-blindati\/armadi-ignifughi\/ds4623\/","title":{"rendered":"Armadio ignifugo per supporti magnetici DS4623"},"content":{"rendered":"<h2>Armadio ignifugo per supporti magnetici DS4623<\/h2>\n<p>Caratteristiche <strong>Armadio ignifugo per supporti magnetici DS4623<\/strong>:<\/p>\n<p>Dimensioni esterne: 1685 x 1200 x 720 mm (Altezza x Larghezza \u00d7 Profondit\u00e0)<\/p>\n<p>Dimensioni Interne: 1410 x 800 x 405 mm (Altezza x Larghezza \u00d7 Profondit\u00e0)<\/p>\n<p>Peso: 753 kg<\/p>\n<p>Capacit\u00e0: 457 dmc<\/p>\n<p>Dimensioni di sporgenza maniglia: 40\/50 mm<\/p>\n<h3>Sistema di costruzione Armadio ignifugo<\/h3>\n<p>Ripiani interni \/<span class=\"Y2IQFc\" lang=\"it\">cassetti<\/span>: 3 \/ 10<\/p>\n<p>LTO: 924<\/p>\n<p>DAT: 3480<\/p>\n<p>DLT: 924<\/p>\n<p>CD-ROM: 1880<\/p>\n<p>Corazzatura interna realizzata con materiali e armature speciali ad alta resistenza<\/p>\n<p>Cardini esterni per l\u2019apertura del battente a 200\u00b0<\/p>\n<p>Cerniere: destra<\/p>\n<p>Cardini in funzione antistrappo<\/p>\n<h3>Certificazione Armadi ignifughi<\/h3>\n<p>Resistenza al fuoco supporti magnetici: 120 minuti &#8211; 120DIS &#8211; NT FIRE 017<\/p>\n<p>Serratura: 1 Serratura certificata a doppia mappa EN 1300 in classe B certificate VDS (con 2 chiavi)<\/p>\n<p>Fissaggio: Predisposizione per fissaggio alla base &#8211; HIT V 8.8<\/p>\n<p>Maniglia: maniglia in plastica verticale<\/p>\n<p><strong>Opzioni<\/strong><\/p>\n<p>Tesoretto con chiusura a chiave<\/p>\n<p>kit\u00a0porta fucili<\/p>\n<p>kit militare<\/p>\n<p><strong>Opzioni per combinazione<\/strong><\/p>\n<p>Combinazione meccanica<\/p>\n<p>Combinazione digitale<\/p>\n<p>Combinazione programmable<\/p>\n<p>Combinazione biometrica<\/p>\n<hr \/>\n<p>Vorresti un&#8217;altro armadio ignifugo? Dai un&#8217;occhiata ai vari tipi di <a href=\"https:\/\/arcasgruber.com\/it\/armadi-blindati\/armadi-ignifughi\/\"><strong>Armadi ignifughi<\/strong><\/a> che produciamo.<\/p>\n<hr \/>\n<p>Sapevi che Arcas Arbasal fa parte del Gruppo Gruber, un gruppo industriale specializzato nella produzione di prodotti per la sicurezza fisica?<\/p>\n<p>Conosci la nostra azienda specializzata in armadi blindati?<\/p>\n<p>Arcas Arbasal \u00e8 specializzata nella produzione di armadi blindati.<\/p>\n<p><strong><a href=\"https:\/\/arcasarbasal.com\/it\/\">Armadi per custodia armi | Produttori di armadi | Arcas Arbasal \u00ae<\/a><\/strong><\/p>\n","protected":false},"excerpt":{"rendered":"<p><strong>Armadio ignifugo per supporti magnetici DS4623<\/strong> ha\u00a0dimensioni esterne di 1685 x 1200 x 720 mm (Altezza x Larghezza \u00d7 Profondit\u00e0) e dimensioni interne di 1410 x 800 x 405 mm (Altezza x Larghezza \u00d7 Profondit\u00e0), questo armadio pesa 753 kg e ha una capacit\u00e0 di 457 dmc. \u00c8 dotato di 3 ripiani interni e 10 cassetti, progettati per ospitare una variet\u00e0 di supporti magnetici, tra cui LTO, DAT, DLT e CD-ROM. La sua corazzatura interna, realizzata con materiali e armature speciali ad alta resistenza, offre una protezione affidabile. Gli cardini esterni consentono un&#8217;apertura del battente fino a 200\u00b0, mentre le cerniere sono posizionate a destra. <strong>Certificato per la resistenza al fuoco dei supporti magnetici per un massimo di 120 minuti secondo lo standard 120DIS &#8211; NT FIRE 017<\/strong>.<\/p>\n","protected":false},"featured_media":20838,"template":"","meta":{"_acf_changed":false},"product_brand":[],"product_cat":[2801],"product_tag":[],"class_list":{"0":"post-20837","1":"product","2":"type-product","3":"status-publish","4":"has-post-thumbnail","6":"product_cat-armadi-ignifughi","8":"first","9":"instock","10":"taxable","11":"shipping-taxable","12":"purchasable","13":"product-type-simple"},"acf":[],"_links":{"self":[{"href":"https:\/\/arcasgruber.com\/it\/wp-json\/wp\/v2\/product\/20837","targetHints":{"allow":["GET"]}}],"collection":[{"href":"https:\/\/arcasgruber.com\/it\/wp-json\/wp\/v2\/product"}],"about":[{"href":"https:\/\/arcasgruber.com\/it\/wp-json\/wp\/v2\/types\/product"}],"version-history":[{"count":0,"href":"https:\/\/arcasgruber.com\/it\/wp-json\/wp\/v2\/product\/20837\/revisions"}],"wp:featuredmedia":[{"embeddable":true,"href":"https:\/\/arcasgruber.com\/it\/wp-json\/wp\/v2\/media\/20838"}],"wp:attachment":[{"href":"https:\/\/arcasgruber.com\/it\/wp-json\/wp\/v2\/media?parent=20837"}],"wp:term":[{"taxonomy":"product_brand","embeddable":true,"href":"https:\/\/arcasgruber.com\/it\/wp-json\/wp\/v2\/product_brand?post=20837"},{"taxonomy":"product_cat","embeddable":true,"href":"https:\/\/arcasgruber.com\/it\/wp-json\/wp\/v2\/product_cat?post=20837"},{"taxonomy":"product_tag","embeddable":true,"href":"https:\/\/arcasgruber.com\/it\/wp-json\/wp\/v2\/product_tag?post=20837"}],"curies":[{"name":"wp","href":"https:\/\/api.w.org\/{rel}","templated":true}]}}