{"id":20830,"date":"2019-01-04T12:12:09","date_gmt":"2019-01-04T11:12:09","guid":{"rendered":"https:\/\/arcasgruber.com\/senza-categoria\/fs1923\/"},"modified":"2024-02-27T16:46:34","modified_gmt":"2024-02-27T15:46:34","slug":"fs1923","status":"publish","type":"product","link":"https:\/\/arcasgruber.com\/it\/armadi-blindati\/armadi-ignifughi\/fs1923\/","title":{"rendered":"Armadio ignifugo per archivio FS1923"},"content":{"rendered":"<h2>Armadio ignifugo per archivio FS1923<\/h2>\n<p>Caratteristiche <strong>Armadio ignifugo per archivio FS1923<\/strong>:<\/p>\n<p>Dimensioni esterne: 1950 x 1250 x 585 mm (Altezza x Larghezza \u00d7 Profondit\u00e0)<\/p>\n<p>Dimensioni Interne: 1760 x 1110 x 390 mm (Altezza x Larghezza \u00d7 Profondit\u00e0)<\/p>\n<p>Peso: 650 kg<\/p>\n<p>Capacit\u00e0: 772 dmc<\/p>\n<p>Dimensioni di sporgenza maniglia: 40\/50 mm<\/p>\n<h3>Sistema di costruzione Armadio ignifugo<\/h3>\n<p>Ripiani interni: 4<\/p>\n<p>Raccoglitore leva A4: 70<\/p>\n<p>Raccoglitore a leva tipo folio: 65<\/p>\n<p>Scatole portadocumenti: 56<\/p>\n<p>Corazzatura interna realizzata con materiali e armature speciali ad alta resistenza<\/p>\n<p>Cardini esterni per l\u2019apertura del battente a 200\u00b0<\/p>\n<p>Cerniere: destra<\/p>\n<p>Cardini in funzione antistrappo<\/p>\n<h3>Certificazione Armadi ignifughi<\/h3>\n<p>Resistenza al fuoco: 60 minuti a 500\u00b0C &#8211; LFS60P &#8211; EN 15659 ECB.S<\/p>\n<p>Certificazione di sicurezza: S2 UNE EN 14450<\/p>\n<p>Serratura: 1 Serratura certificata a doppia mappa EN 1300 in classe B certificate VDS (con 2 chiavi)<\/p>\n<p>Fissaggio: Predisposizione per fissaggio alla base &#8211; HIT V 8.8<\/p>\n<p>Maniglia: maniglia in plastica verticale<\/p>\n<p><strong>Opzioni<\/strong><\/p>\n<p>Tesoretto con chiusura a chiave<\/p>\n<p>kit\u00a0porta fucili<\/p>\n<p>kit militare<\/p>\n<p><strong>Opzioni per combinazione<\/strong><\/p>\n<p>Combinazione meccanica<\/p>\n<p>Combinazione digitale<\/p>\n<p>Combinazione programmable<\/p>\n<p>Combinazione biometrica<\/p>\n<hr \/>\n<p>Vorresti un&#8217;altro armadio ignifugo? Dai un&#8217;occhiata ai vari tipi di <a href=\"https:\/\/arcasgruber.com\/it\/armadi-blindati\/armadi-ignifughi\/\"><strong>Armadi ignifughi<\/strong><\/a> che produciamo.<\/p>\n<hr \/>\n<p>Sapevi che Arcas Arbasal fa parte del Gruppo Gruber, un gruppo industriale specializzato nella produzione di prodotti per la sicurezza fisica?<\/p>\n<p>Conosci la nostra azienda specializzata in armadi blindati?<\/p>\n<p>Arcas Arbasal \u00e8 specializzata nella produzione di armadi blindati.<\/p>\n<p><strong><a href=\"https:\/\/arcasarbasal.com\/it\/\">Armadi per custodia armi | Produttori di armadi | Arcas Arbasal \u00ae<\/a><\/strong><\/p>\n","protected":false},"excerpt":{"rendered":"<p><strong>Armadio ignifugo per archivio FS1923<\/strong> ha dimensioni esterne di 1950 x 1250 x 585 mm (Altezza x Larghezza \u00d7 Profondit\u00e0) e dimensioni interne di 1760 x 1110 x 390 mm (Altezza x Larghezza \u00d7 Profondit\u00e0), pesa 650 kg e ha una capacit\u00e0 di 772 dmc. Dotato di 4 ripiani interni, pu\u00f2 contenere fino a 70 raccoglitori leva A4, 65 raccoglitori a leva tipo folio e 56 scatole portadocumenti. <strong>Certificato per la resistenza al fuoco fino a 60 minuti a 500\u00b0C secondo lo standard LFS60P &#8211; EN 15659 ECB.S per documenti, e ha ottenuto anche la certificazione di sicurezza S2 UNE EN 14450<\/strong>.<\/p>\n","protected":false},"featured_media":20831,"template":"","meta":{"_acf_changed":false},"product_brand":[],"product_cat":[2801],"product_tag":[],"class_list":{"0":"post-20830","1":"product","2":"type-product","3":"status-publish","4":"has-post-thumbnail","6":"product_cat-armadi-ignifughi","8":"first","9":"instock","10":"taxable","11":"shipping-taxable","12":"purchasable","13":"product-type-simple"},"acf":[],"_links":{"self":[{"href":"https:\/\/arcasgruber.com\/it\/wp-json\/wp\/v2\/product\/20830","targetHints":{"allow":["GET"]}}],"collection":[{"href":"https:\/\/arcasgruber.com\/it\/wp-json\/wp\/v2\/product"}],"about":[{"href":"https:\/\/arcasgruber.com\/it\/wp-json\/wp\/v2\/types\/product"}],"version-history":[{"count":0,"href":"https:\/\/arcasgruber.com\/it\/wp-json\/wp\/v2\/product\/20830\/revisions"}],"wp:featuredmedia":[{"embeddable":true,"href":"https:\/\/arcasgruber.com\/it\/wp-json\/wp\/v2\/media\/20831"}],"wp:attachment":[{"href":"https:\/\/arcasgruber.com\/it\/wp-json\/wp\/v2\/media?parent=20830"}],"wp:term":[{"taxonomy":"product_brand","embeddable":true,"href":"https:\/\/arcasgruber.com\/it\/wp-json\/wp\/v2\/product_brand?post=20830"},{"taxonomy":"product_cat","embeddable":true,"href":"https:\/\/arcasgruber.com\/it\/wp-json\/wp\/v2\/product_cat?post=20830"},{"taxonomy":"product_tag","embeddable":true,"href":"https:\/\/arcasgruber.com\/it\/wp-json\/wp\/v2\/product_tag?post=20830"}],"curies":[{"name":"wp","href":"https:\/\/api.w.org\/{rel}","templated":true}]}}