{"id":20818,"date":"2019-01-14T12:58:26","date_gmt":"2019-01-14T11:58:26","guid":{"rendered":"https:\/\/arcasgruber.com\/senza-categoria\/fs1651\/"},"modified":"2024-02-27T16:46:28","modified_gmt":"2024-02-27T15:46:28","slug":"fs1651","status":"publish","type":"product","link":"https:\/\/arcasgruber.com\/it\/armadi-blindati\/armadi-ignifughi\/fs1651\/","title":{"rendered":"Armadio ignifugo per documenti FS1651"},"content":{"rendered":"<h2>Armadio ignifugo per documenti FS1651<\/h2>\n<p>Caratteristiche <strong>Armadio ignifugo per documenti FS1651<\/strong>:<\/p>\n<p>Dimensioni esterne: 1225 x 600 x 520 mm (Altezza x Larghezza \u00d7 Profondit\u00e0)<\/p>\n<p>Dimensioni Interne: 1082 x 506 x 415 mm (Altezza x Larghezza \u00d7 Profondit\u00e0)<\/p>\n<p>Peso: 71 kg<\/p>\n<p>Capacit\u00e0: 230 dmc<\/p>\n<p>Dimensioni di sporgenza maniglia: 40\/50 mm<\/p>\n<h3>Sistema di costruzione Armadio ignifugo<\/h3>\n<p>Ripiani interni: 2<\/p>\n<p>Raccoglitore leva A4: 18<\/p>\n<p>Raccoglitore a leva tipo folio: 18<\/p>\n<p>Scatole portadocumenti: 12<\/p>\n<p>Corazzatura interna realizzata con materiali e armature speciali ad alta resistenza<\/p>\n<p>Cardini esterni per l\u2019apertura del battente a 200\u00b0<\/p>\n<p>Cerniere: destra<\/p>\n<p>Cardini in funzione antistrappo<\/p>\n<h3>Certificazione Armadi ignifughi<\/h3>\n<p>Resistenza al fuoco: 30 minuti a 500\u00b0C<\/p>\n<p>Certificazione di sicurezza: S1 UNE EN 14450<\/p>\n<p>Serratura: 1 Serratura certificata a doppia mappa EN 1300 in classe B certificate VDS (con 2 chiavi)<\/p>\n<p>Fissaggio: Predisposizione per fissaggio alla base &#8211; HIT V 8.8<\/p>\n<p>Maniglia: maniglia in plastica verticale<\/p>\n<p><strong>Opzioni<\/strong><\/p>\n<p>Tesoretto con chiusura a chiave<\/p>\n<p>kit\u00a0porta fucili<\/p>\n<p>kit militare<\/p>\n<p><strong>Opzioni per combinazione<\/strong><\/p>\n<p>Combinazione meccanica<\/p>\n<p>Combinazione digitale<\/p>\n<p>Combinazione programmable<\/p>\n<p>Combinazione biometrica<\/p>\n<hr \/>\n<p>Vorresti un&#8217;altro armadio ignifugo? Dai un&#8217;occhiata ai vari tipi di <a href=\"https:\/\/arcasgruber.com\/it\/armadi-blindati\/armadi-ignifughi\/\"><strong>Armadi ignifughi<\/strong><\/a> che produciamo.<\/p>\n<hr \/>\n<p>Sapevi che Arcas Arbasal fa parte del Gruppo Gruber, un gruppo industriale specializzato nella produzione di prodotti per la sicurezza fisica?<\/p>\n<p>Conosci la nostra azienda specializzata in armadi blindati?<\/p>\n<p>Arcas Arbasal \u00e8 specializzata nella produzione di armadi blindati.<\/p>\n<p><strong><a href=\"https:\/\/arcasarbasal.com\/it\/\">Armadi per custodia armi | Produttori di armadi | Arcas Arbasal \u00ae<\/a><\/strong><\/p>\n","protected":false},"excerpt":{"rendered":"<div class=\"flex-1 overflow-hidden\">\n<div class=\"react-scroll-to-bottom--css-aukey-79elbk h-full\">\n<div class=\"react-scroll-to-bottom--css-aukey-1n7m0yu\">\n<div class=\"flex flex-col pb-9 text-sm\">\n<div class=\"w-full text-token-text-primary\" data-testid=\"conversation-turn-53\">\n<div class=\"px-4 py-2 justify-center text-base md:gap-6 m-auto\">\n<div class=\"flex flex-1 text-base mx-auto gap-3 md:px-5 lg:px-1 xl:px-5 md:max-w-3xl lg:max-w-[40rem] xl:max-w-[48rem] group final-completion\">\n<div class=\"relative flex w-full flex-col agent-turn\">\n<div class=\"flex-col gap-1 md:gap-3\">\n<div class=\"flex flex-grow flex-col max-w-full\">\n<div class=\"min-h-[20px] text-message flex flex-col items-start gap-3 whitespace-pre-wrap break-words [.text-message+&amp;]:mt-5 overflow-x-auto\" data-message-author-role=\"assistant\" data-message-id=\"529f1621-5887-4b74-9f73-fbc789e047b1\">\n<div class=\"markdown prose w-full break-words dark:prose-invert light\">\n<p><strong>Armadio ignifugo per documenti FS1651<\/strong> ha dimensioni esterne di 1225 x 600 x 520 mm (Altezza x Larghezza \u00d7 Profondit\u00e0) e dimensioni interne di 1082 x 506 x 415 mm (Altezza x Larghezza \u00d7 Profondit\u00e0), con un peso di 71 kg e una capacit\u00e0 di 230 dmc. Dotato di 2 ripiani interni, pu\u00f2 ospitare fino a 18 raccoglitori leva A4, 18 raccoglitori a leva tipo folio e 12 scatole portadocumenti. <strong>Certificato come armadio ignifugo, offre una resistenza al fuoco di 30 minuti a 500\u00b0C per documenti e soddisfa gli standard di sicurezza S1 UNE EN 14450<\/strong>.<\/p>\n<\/div>\n<\/div>\n<\/div>\n<\/div>\n<\/div>\n<\/div>\n<\/div>\n<\/div>\n<\/div>\n<\/div>\n<\/div>\n<\/div>\n","protected":false},"featured_media":20819,"template":"","meta":{"_acf_changed":false},"product_brand":[],"product_cat":[2801],"product_tag":[],"class_list":{"0":"post-20818","1":"product","2":"type-product","3":"status-publish","4":"has-post-thumbnail","6":"product_cat-armadi-ignifughi","8":"first","9":"instock","10":"taxable","11":"shipping-taxable","12":"purchasable","13":"product-type-simple"},"acf":[],"_links":{"self":[{"href":"https:\/\/arcasgruber.com\/it\/wp-json\/wp\/v2\/product\/20818","targetHints":{"allow":["GET"]}}],"collection":[{"href":"https:\/\/arcasgruber.com\/it\/wp-json\/wp\/v2\/product"}],"about":[{"href":"https:\/\/arcasgruber.com\/it\/wp-json\/wp\/v2\/types\/product"}],"version-history":[{"count":0,"href":"https:\/\/arcasgruber.com\/it\/wp-json\/wp\/v2\/product\/20818\/revisions"}],"wp:featuredmedia":[{"embeddable":true,"href":"https:\/\/arcasgruber.com\/it\/wp-json\/wp\/v2\/media\/20819"}],"wp:attachment":[{"href":"https:\/\/arcasgruber.com\/it\/wp-json\/wp\/v2\/media?parent=20818"}],"wp:term":[{"taxonomy":"product_brand","embeddable":true,"href":"https:\/\/arcasgruber.com\/it\/wp-json\/wp\/v2\/product_brand?post=20818"},{"taxonomy":"product_cat","embeddable":true,"href":"https:\/\/arcasgruber.com\/it\/wp-json\/wp\/v2\/product_cat?post=20818"},{"taxonomy":"product_tag","embeddable":true,"href":"https:\/\/arcasgruber.com\/it\/wp-json\/wp\/v2\/product_tag?post=20818"}],"curies":[{"name":"wp","href":"https:\/\/api.w.org\/{rel}","templated":true}]}}