{"id":20392,"date":"2017-06-14T11:25:32","date_gmt":"2017-06-14T09:25:32","guid":{"rendered":"https:\/\/arcasgruber.com\/senza-categoria\/xa190\/"},"modified":"2025-04-24T13:03:56","modified_gmt":"2025-04-24T11:03:56","slug":"xa190","status":"publish","type":"product","link":"https:\/\/arcasgruber.com\/it\/armadi-blindati\/armadi-di-sicurezza\/xa190\/","title":{"rendered":"Armadio di sicurezza XA190"},"content":{"rendered":"<h2>Armadio di sicurezza XA190<\/h2>\n<p>Caratteristiche <strong>Armadio di sicurezza XA190<\/strong>:<\/p>\n<p>Dimensioni esterne: 1900 x 785 x 570 mm (Altezza x Larghezza \u00d7 Profondit\u00e0)<\/p>\n<p>Dimensioni Interne: 1795 x 780 x 500 mm (Altezza x Larghezza \u00d7 Profondit\u00e0)<\/p>\n<p>Dimensioni di sporgenza maniglia: 40\/50 mm<\/p>\n<p>Peso: 182 kg<\/p>\n<p>Capacit\u00e0: 700 dmc<\/p>\n<p>Dimensioni Batisscopa: 105 mm<\/p>\n<p>Ripiani interni: 4<\/p>\n<p>Corazzatura interna realizzata con materiali e armature speciali ad alta resistenza<\/p>\n<p>Cardini esterni per l\u2019apertura del battente a 200\u00b0<\/p>\n<p>Bullone: 4 + 2<\/p>\n<p>Diametro Bullone: 18 mm<\/p>\n<p>Cerniere: destra<\/p>\n<p>Cardini in funzione antistrappo<\/p>\n<p>Serratura: 1 Serratura certificata a doppia mappa EN 1300 in classe B certificate VDS (con 2 chiavi)<\/p>\n<p>Fissaggio: Predisposizione per fissaggio alla base &#8211; HIT V 8.8<\/p>\n<p>Maniglia: maniglia in plastica verticale<\/p>\n<p><strong>Opzioni<\/strong><\/p>\n<p>Tesoretto con chiusura a chiave<\/p>\n<p>kit\u00a0porta fucili<\/p>\n<p>kit militare<\/p>\n<p><strong>Opzioni per combinazione<\/strong><\/p>\n<p>Combinazione meccanica<\/p>\n<p>Combinazione digitale<\/p>\n<p>Combinazione programmable<\/p>\n<p>Combinazione biometrica<\/p>\n<hr \/>\n<p>Vorresti un&#8217;altro armadio di sicurezza? Dai un&#8217;occhiata ai vari tipi di <a href=\"https:\/\/arcasgruber.com\/it\/armadi-blindati\/armadi-di-sicurezza\/\"><strong>Armadi di sicurezza<\/strong><\/a> che produciamo.<\/p>\n","protected":false},"excerpt":{"rendered":"<p>L&#8217;<strong>armadio di sicurezza XA190<\/strong> ha dimensioni esterne di 1900 x 785 x 570 mm (Altezza x Larghezza x Profondit\u00e0) e dimensioni interne di 1795 x 780 x 500 mm. Il suo peso \u00e8 di 182 kg con una capacit\u00e0 di 700 dmc. Presenta una sporgenza della maniglia di 40\/50 mm. Dispone di 4 ripiani. Serratura: 1 Serratura certificata a doppia mappa EN 1300 in classe B certificate VDS (con 2 chiavi).<\/p>\n","protected":false},"featured_media":499869,"template":"","meta":{"_acf_changed":false},"product_brand":[],"product_cat":[2803],"product_tag":[],"class_list":{"0":"post-20392","1":"product","2":"type-product","3":"status-publish","4":"has-post-thumbnail","6":"product_cat-armadi-di-sicurezza","8":"first","9":"instock","10":"taxable","11":"shipping-taxable","12":"purchasable","13":"product-type-simple"},"acf":[],"_links":{"self":[{"href":"https:\/\/arcasgruber.com\/it\/wp-json\/wp\/v2\/product\/20392","targetHints":{"allow":["GET"]}}],"collection":[{"href":"https:\/\/arcasgruber.com\/it\/wp-json\/wp\/v2\/product"}],"about":[{"href":"https:\/\/arcasgruber.com\/it\/wp-json\/wp\/v2\/types\/product"}],"version-history":[{"count":0,"href":"https:\/\/arcasgruber.com\/it\/wp-json\/wp\/v2\/product\/20392\/revisions"}],"wp:featuredmedia":[{"embeddable":true,"href":"https:\/\/arcasgruber.com\/it\/wp-json\/wp\/v2\/media\/499869"}],"wp:attachment":[{"href":"https:\/\/arcasgruber.com\/it\/wp-json\/wp\/v2\/media?parent=20392"}],"wp:term":[{"taxonomy":"product_brand","embeddable":true,"href":"https:\/\/arcasgruber.com\/it\/wp-json\/wp\/v2\/product_brand?post=20392"},{"taxonomy":"product_cat","embeddable":true,"href":"https:\/\/arcasgruber.com\/it\/wp-json\/wp\/v2\/product_cat?post=20392"},{"taxonomy":"product_tag","embeddable":true,"href":"https:\/\/arcasgruber.com\/it\/wp-json\/wp\/v2\/product_tag?post=20392"}],"curies":[{"name":"wp","href":"https:\/\/api.w.org\/{rel}","templated":true}]}}