{"id":514622,"date":"2025-09-09T11:48:27","date_gmt":"2025-09-09T09:48:27","guid":{"rendered":"https:\/\/arcasgruber.com\/le-10-camere-blindate-piu-sicure-al-mondo\/espana\/"},"modified":"2025-12-04T17:10:36","modified_gmt":"2025-12-04T16:10:36","slug":"spagna","status":"publish","type":"page","link":"https:\/\/arcasgruber.com\/it\/le-10-camere-blindate-piu-sicure-al-mondo\/spagna\/","title":{"rendered":"La camera blindata pi\u00f9 sicura di Spagna"},"content":{"rendered":"\t\t<div data-elementor-type=\"wp-page\" data-elementor-id=\"514622\" class=\"elementor elementor-514622 elementor-513013\" data-elementor-post-type=\"page\">\n\t\t\t\t\t\t<section class=\"has_ae_slider elementor-section elementor-top-section elementor-element elementor-element-9b9c521 elementor-section-boxed elementor-section-height-default elementor-section-height-default wd-section-disabled ae-bg-gallery-type-default\" data-id=\"9b9c521\" data-element_type=\"section\">\n\t\t\t\t\t\t<div class=\"elementor-container elementor-column-gap-default\">\n\t\t\t\t\t<div class=\"has_ae_slider elementor-column elementor-col-100 elementor-top-column elementor-element elementor-element-7bef250 ae-bg-gallery-type-default\" data-id=\"7bef250\" data-element_type=\"column\">\n\t\t\t<div class=\"elementor-widget-wrap elementor-element-populated\">\n\t\t\t\t\t\t<div class=\"elementor-element elementor-element-0f48c4f elementor-widget elementor-widget-wd_text_block\" data-id=\"0f48c4f\" data-element_type=\"widget\" data-widget_type=\"wd_text_block.default\">\n\t\t\t\t<div class=\"elementor-widget-container\">\n\t\t\t\t\t\t\t<div class=\"wd-text-block reset-last-child text-left\">\n\t\t\t\n\t\t\t<p>Sotto il cuore di Madrid, a 48 metri di profondit\u00e0, si trova una delle strutture di sicurezza pi\u00f9 straordinarie d\u2019Europa: la <strong>camera dell\u2019oro della Banca di Spagna<\/strong>. Da oltre 77 anni nessuno ha mai osato assaltarla. Con porte corazzate di oltre 15 tonnellate, un sistema di allagamento unico e una costruzione a pi\u00f9 strati, \u00e8 considerata <strong>la camera blindata pi\u00f9 sicura di Spagna<\/strong>.<\/p><h2>Un meccanismo idraulico inespugnabile<\/h2><p>La peculiarit\u00e0 di questo caveau non \u00e8 solo la profondit\u00e0 n\u00e9 le sue porte mastodontiche, ma il suo ingegnoso sistema di difesa: in caso di intrusione, due corsi d\u2019acqua sotterranei \u2013 \u201cLas Pascualas\u201d e \u201cOropesa\u201d \u2013 possono essere deviati per inondare il corridoio di accesso. In un ambiente sommerso, gli strumenti elettrici o termici diventano inutilizzabili e i tempi di intervento della sicurezza si allungano a favore dei difensori.<\/p><h2>Architettura e ingegneria<\/h2><p>Progettata tra il 1929 e il 1936 dall\u2019architetto Jos\u00e9 Yarnoz, la camera \u00e8 costruita nella roccia e rinforzata con calcestruzzo armato. Gli scaffali metallici che sostengono i lingotti furono ideati dall\u2019ingegnere Eiffel e oggi custodiscono un terzo delle riserve auree spagnole: <strong>5.400 lingotti da 12,5 kg<\/strong>, del valore complessivo di oltre 12 miliardi di euro. Il resto delle riserve si trova a Fort Knox (USA) e a Londra.<\/p><h2>Porte corazzate e accessi multipli<\/h2><ul><li>Una prima porta da 15 tonnellate, trattata due volte l\u2019anno con vaselina per evitare la corrosione;<\/li><li>Due ascensori che scendono a 36 metri di profondit\u00e0;<\/li><li>Un ponte di due metri che attraversa un fossato sotterraneo;<\/li><li>Due ulteriori porte blindate da 13,5 tonnellate ciascuna, con sistema di interblocco.<\/li><\/ul><p>Ogni apertura richiede chiavi e codici detenuti da pi\u00f9 responsabili. Nessuna persona pu\u00f2 accedere da sola: i protocolli di sicurezza sono rigidi e non modificabili.<\/p><h2>Compartimenti istituzionali<\/h2><p>All\u2019interno si trovano spazi riservati al Ministero dell\u2019Economia, al Ministero della Giustizia, al Difensore civico e alla stessa Banca di Spagna. Oltre all\u2019oro, il caveau custodisce anche una <strong>collezione numismatica di oltre 500.000 monete<\/strong> e quasi due milioni di pezzi valutati in oro.<\/p><h2>Storia e resistenza<\/h2><p>La camera blindata ha resistito ai bombardamenti della Guerra Civile spagnola e serv\u00ec anche come rifugio per le famiglie dei dipendenti della Banca. Fino agli anni \u201990, due famiglie della Guardia Civile vivevano in appartamenti sotterranei annessi al caveau.<\/p><h2>Le riserve auree dimezzate<\/h2><p>Nel 1999 la Spagna possedeva 523 tonnellate di oro. Tra il 2004 e il 2007, quasi la met\u00e0 fu venduta, riducendo le riserve alle attuali <strong>281 tonnellate<\/strong> (9,1 milioni di once troy). Da allora, nessun lingotto \u00e8 stato rimosso, e accordi europei limitano le vendite per garantire la stabilit\u00e0 del mercato.<\/p><h2>Un simbolo di sicurezza assoluta<\/h2><p>Con una superficie totale di 2.500 m\u00b2 (di cui 1.500 m\u00b2 effettivamente utilizzabili), questa camera blindata resta una delle strutture pi\u00f9 sicure al mondo. Strati di acciaio e calcestruzzo, sistemi idraulici, corridoi di specchi e protocolli multipli la rendono un\u2019icona della protezione fisica.<\/p><p><strong>Arcas Gruber<\/strong> non costruisce caveau a 48 metri sotto terra, ma offre le migliori soluzioni di <span style=\"text-decoration: underline;\"><strong><a href=\"https:\/\/arcasgruber.com\/it\/casseforti\/\">casseforti<\/a><\/strong><\/span> e <span style=\"text-decoration: underline;\"><strong><a href=\"https:\/\/arcasgruber.com\/it\/casseforti-certificate\/\">casseforti certificate EN 1143-1<\/a><\/strong><\/span>, progettate per banche, aziende e privati che richiedono sicurezza al massimo livello.<\/p>\n\t\t\t\t\t<\/div>\n\t\t\t\t\t\t<\/div>\n\t\t\t\t<\/div>\n\t\t\t\t\t<\/div>\n\t\t<\/div>\n\t\t\t\t\t<\/div>\n\t\t<\/section>\n\t\t\t\t<\/div>\n\t\t","protected":false},"excerpt":{"rendered":"<p>Sotto il cuore di Madrid, a 48 metri di profondit\u00e0, si trova una delle strutture di sicurezza pi\u00f9 straordinarie d\u2019Europa:<\/p>\n","protected":false},"author":3,"featured_media":513070,"parent":512874,"menu_order":0,"comment_status":"closed","ping_status":"closed","template":"","meta":{"_acf_changed":false,"footnotes":""},"class_list":["post-514622","page","type-page","status-publish","has-post-thumbnail","hentry"],"acf":[],"_links":{"self":[{"href":"https:\/\/arcasgruber.com\/it\/wp-json\/wp\/v2\/pages\/514622","targetHints":{"allow":["GET"]}}],"collection":[{"href":"https:\/\/arcasgruber.com\/it\/wp-json\/wp\/v2\/pages"}],"about":[{"href":"https:\/\/arcasgruber.com\/it\/wp-json\/wp\/v2\/types\/page"}],"author":[{"embeddable":true,"href":"https:\/\/arcasgruber.com\/it\/wp-json\/wp\/v2\/users\/3"}],"replies":[{"embeddable":true,"href":"https:\/\/arcasgruber.com\/it\/wp-json\/wp\/v2\/comments?post=514622"}],"version-history":[{"count":0,"href":"https:\/\/arcasgruber.com\/it\/wp-json\/wp\/v2\/pages\/514622\/revisions"}],"up":[{"embeddable":true,"href":"https:\/\/arcasgruber.com\/it\/wp-json\/wp\/v2\/pages\/512874"}],"wp:featuredmedia":[{"embeddable":true,"href":"https:\/\/arcasgruber.com\/it\/wp-json\/wp\/v2\/media\/513070"}],"wp:attachment":[{"href":"https:\/\/arcasgruber.com\/it\/wp-json\/wp\/v2\/media?parent=514622"}],"curies":[{"name":"wp","href":"https:\/\/api.w.org\/{rel}","templated":true}]}}