{"id":511331,"date":"2025-06-19T12:53:34","date_gmt":"2025-06-19T10:53:34","guid":{"rendered":"https:\/\/arcasgruber.com\/safes-worldwide\/"},"modified":"2025-09-25T07:55:05","modified_gmt":"2025-09-25T05:55:05","slug":"esportazione-internazionale-casseforti","status":"publish","type":"page","link":"https:\/\/arcasgruber.com\/it\/esportazione-internazionale-casseforti\/","title":{"rendered":"Fabbricante ed Esportatore di Casseforti Certificate"},"content":{"rendered":"\t\t<div data-elementor-type=\"wp-page\" data-elementor-id=\"511331\" class=\"elementor elementor-511331 elementor-509862\" data-elementor-post-type=\"page\">\n\t\t\t\t\t\t<section class=\"has_ae_slider elementor-section elementor-top-section elementor-element elementor-element-d6d3d88 elementor-section-boxed elementor-section-height-default elementor-section-height-default wd-section-disabled ae-bg-gallery-type-default\" data-id=\"d6d3d88\" data-element_type=\"section\">\n\t\t\t\t\t\t<div class=\"elementor-container elementor-column-gap-default\">\n\t\t\t\t\t<div class=\"has_ae_slider elementor-column elementor-col-100 elementor-top-column elementor-element elementor-element-aa08c87 ae-bg-gallery-type-default\" data-id=\"aa08c87\" data-element_type=\"column\">\n\t\t\t<div class=\"elementor-widget-wrap elementor-element-populated\">\n\t\t\t\t\t\t<div class=\"elementor-element elementor-element-5676606 elementor-widget elementor-widget-wd_text_block\" data-id=\"5676606\" data-element_type=\"widget\" data-widget_type=\"wd_text_block.default\">\n\t\t\t\t<div class=\"elementor-widget-container\">\n\t\t\t\t\t\t\t<div class=\"wd-text-block reset-last-child text-left\">\n\t\t\t\n\t\t\t<p>In <strong>Arcas Gruber<\/strong> produciamo ed esportiamo con orgoglio <a href=\"https:\/\/arcasgruber.com\/it\/casseforti\/\"><span style=\"text-decoration: underline;\"><strong>casseforti di alta sicurezza<\/strong><\/span><\/a> e porte corazzate certificate a clienti in tutta Europa e nel resto del mondo. Con oltre un secolo di esperienza nella sicurezza fisica, i nostri prodotti combinano ingegneria avanzata, certificazioni riconosciute a livello internazionale e soluzioni su misura per i mercati pi\u00f9 esigenti.<\/p><h2>Eccellenza Produttiva Globale dal 1908<\/h2><p>Fondata in Spagna nel 1908, Arcas Gruber \u00e8 oggi un punto di riferimento internazionale nel settore della sicurezza. I nostri stabilimenti produttivi sono dotati delle tecnologie pi\u00f9 moderne per progettare, fabbricare e certificare una vasta gamma di <strong><a href=\"https:\/\/arcasgruber.com\/it\/casseforti\/\"><span style=\"text-decoration: underline;\">casseforti di alta sicurezza<\/span><\/a>, porte corazzate, camere blindate, casseforti ignifughe e soluzioni speciali di deposito sicuro<\/strong>.<\/p><p>I nostri processi produttivi rispettano i pi\u00f9 severi standard internazionali, tra cui:<\/p><ul><li><strong>UNE EN 1143-1:2019<\/strong> (casseforti e porte corazzate certificate antieffrazione)<\/li><li><strong>Certificazione ECB\u00b7S<\/strong> (European Certification Body)<\/li><li><strong>Normative Antifuoco<\/strong> (per casseforti e armadi ignifughi)<\/li><li><strong>Certificazioni Antiproiettile<\/strong> (FB4, FB6, FB7, ecc.)<\/li><\/ul><p>Grazie a questa ampia conformit\u00e0, forniamo soluzioni adatte a settori governativi, bancari, militari, istituzionali e privati in tutto il mondo.<\/p>\n\t\t\t\t\t<\/div>\n\t\t\t\t\t\t<\/div>\n\t\t\t\t<\/div>\n\t\t\t\t\t<\/div>\n\t\t<\/div>\n\t\t\t\t\t<\/div>\n\t\t<\/section>\n\t\t\t\t<section class=\"has_ae_slider elementor-section elementor-top-section elementor-element elementor-element-9ae8f8a elementor-section-boxed elementor-section-height-default elementor-section-height-default wd-section-disabled ae-bg-gallery-type-default\" data-id=\"9ae8f8a\" data-element_type=\"section\">\n\t\t\t\t\t\t<div class=\"elementor-container elementor-column-gap-default\">\n\t\t\t\t\t<div class=\"has_ae_slider elementor-column elementor-col-50 elementor-top-column elementor-element elementor-element-6b65d13 ae-bg-gallery-type-default\" data-id=\"6b65d13\" data-element_type=\"column\">\n\t\t\t<div class=\"elementor-widget-wrap elementor-element-populated\">\n\t\t\t\t\t\t<div class=\"elementor-element elementor-element-e4da2c3 elementor-widget elementor-widget-wd_image_or_svg\" data-id=\"e4da2c3\" data-element_type=\"widget\" data-widget_type=\"wd_image_or_svg.default\">\n\t\t\t\t<div class=\"elementor-widget-container\">\n\t\t\t\t\t\n\t\t<div class=\"wd-image text-left\">\n\t\t\t\t\t\t\t\t\t\t\t\t\t<\/div>\n\n\t\t\t\t\t\t<\/div>\n\t\t\t\t<\/div>\n\t\t\t\t\t<\/div>\n\t\t<\/div>\n\t\t\t\t<div class=\"has_ae_slider elementor-column elementor-col-50 elementor-top-column elementor-element elementor-element-8b44e2b ae-bg-gallery-type-default\" data-id=\"8b44e2b\" data-element_type=\"column\">\n\t\t\t<div class=\"elementor-widget-wrap elementor-element-populated\">\n\t\t\t\t\t\t<div class=\"elementor-element elementor-element-d4e0090 elementor-widget elementor-widget-wd_text_block\" data-id=\"d4e0090\" data-element_type=\"widget\" data-widget_type=\"wd_text_block.default\">\n\t\t\t\t<div class=\"elementor-widget-container\">\n\t\t\t\t\t\t\t<div class=\"wd-text-block reset-last-child text-left\">\n\t\t\t\n\t\t\t<h2>Casseforti nel mondo<\/h2><p>Arcas Gruber offre inoltre <strong>casseforti di sicurezza<\/strong> e <strong>camere blindate<\/strong> nei principali mercati internazionali. Scopri alcune delle nostre destinazioni:<\/p><ul><li>Casseforti ad Abu Dhabi: <a href=\"https:\/\/arcasgruber.com\/en\/safes-worldwide\/abu-dhabi-security-safes\/\"><span style=\"text-decoration: underline;\"><strong>Scopri le nostre casseforti ad Abu Dhabi<\/strong><\/span><\/a><\/li><li>Casseforti negli Stati Uniti: <a href=\"https:\/\/arcasgruber.com\/en\/safes-worldwide\/usa-safes\/\"><span style=\"text-decoration: underline;\"><strong>Consulta le nostre casseforti negli USA<\/strong><\/span><\/a><\/li><li>Casseforti a Dubai: <a href=\"https:\/\/arcasgruber.com\/en\/safes-worldwide\/dubai-safes\/\"><span style=\"text-decoration: underline;\"><strong>Scopri le nostre casseforti a Dubai<\/strong><\/span><\/a><\/li><li>Casseforti in Belgio: <a href=\"https:\/\/arcasgruber.com\/fr\/coffres-forts-belgique\/\"><span style=\"text-decoration: underline;\"><strong>Vedi le nostre casseforti in Belgio<\/strong><\/span><\/a><\/li><li>Casseforti in Francia: <a href=\"https:\/\/arcasgruber.com\/fr\/coffres-forts-en-france\/\"><span style=\"text-decoration: underline;\"><strong>Scopri le nostre casseforti in Francia<\/strong><\/span><\/a><\/li><li>Casseforti in Lussemburgo: <a href=\"https:\/\/arcasgruber.com\/fr\/coffres-forts-au-luxembourg\/\"><span style=\"text-decoration: underline;\"><strong>Consulta i nostri modelli in Lussemburgo<\/strong><\/span><\/a><\/li><li>Casseforti a Monaco: <a href=\"https:\/\/arcasgruber.com\/fr\/coffres-forts-monaco\/\"><span style=\"text-decoration: underline;\"><strong>Le nostre casseforti a Monaco<\/strong><\/span><\/a><\/li><li>Casseforti in Svizzera: <a href=\"https:\/\/arcasgruber.com\/fr\/coffres-forts-en-suisse\/\"><span style=\"text-decoration: underline;\"><strong>Scopri le nostre soluzioni in Svizzera<\/strong><\/span><\/a><\/li><li>Casseforti in Italia: <a href=\"https:\/\/arcasgruber.com\/it\/casseforti-italia\/\"><span style=\"text-decoration: underline;\"><strong>Scopri le nostre casseforti in Italia<\/strong><\/span><\/a><\/li><\/ul><p><em>Se desideri che ti prepariamo un preventivo per una cassaforte in qualsiasi paese del mondo, <span style=\"text-decoration: underline;\"><a href=\"https:\/\/arcasgruber.com\/it\/casseforti\/\"><strong>scegli la tua cassaforte<\/strong><\/a><\/span> e <span style=\"text-decoration: underline;\"><strong><a href=\"https:\/\/arcasgruber.com\/it\/contatto\/\">contattaci<\/a><\/strong><\/span>.<\/em><\/p>\n\t\t\t\t\t<\/div>\n\t\t\t\t\t\t<\/div>\n\t\t\t\t<\/div>\n\t\t\t\t\t<\/div>\n\t\t<\/div>\n\t\t\t\t\t<\/div>\n\t\t<\/section>\n\t\t\t\t<section class=\"has_ae_slider elementor-section elementor-top-section elementor-element elementor-element-d76992b elementor-section-boxed elementor-section-height-default elementor-section-height-default wd-section-disabled ae-bg-gallery-type-default\" data-id=\"d76992b\" data-element_type=\"section\">\n\t\t\t\t\t\t<div class=\"elementor-container elementor-column-gap-default\">\n\t\t\t\t\t<div class=\"has_ae_slider elementor-column elementor-col-50 elementor-top-column elementor-element elementor-element-9a946ad ae-bg-gallery-type-default\" data-id=\"9a946ad\" data-element_type=\"column\">\n\t\t\t<div class=\"elementor-widget-wrap elementor-element-populated\">\n\t\t\t\t\t\t<div class=\"elementor-element elementor-element-10fd130 elementor-widget elementor-widget-wd_text_block\" data-id=\"10fd130\" data-element_type=\"widget\" data-widget_type=\"wd_text_block.default\">\n\t\t\t\t<div class=\"elementor-widget-container\">\n\t\t\t\t\t\t\t<div class=\"wd-text-block reset-last-child text-left\">\n\t\t\t\n\t\t\t<h2>Casseforti nei paesi di lingua spagnola<\/h2><p>Arcas Gruber distribuisce <strong>casseforti<\/strong> in numerosi paesi di lingua spagnola. Scopri i nostri principali punti vendita e distribuzione:<\/p><ul><li>Casseforti in Spagna: disponibili in tutte le province. <a href=\"https:\/\/arcasgruber.com\/cajas-fuertes\/\"><span style=\"text-decoration: underline;\"><strong>Consulta qui<\/strong><\/span><\/a><\/li><li>Casseforti in Argentina: Buenos Aires, C\u00f3rdoba, Rosario e altro ancora. <a href=\"https:\/\/arcasgruber.com\/cajas-fuertes-argentina\/\"><span style=\"text-decoration: underline;\"><strong>Visita i nostri punti vendita in Argentina<\/strong><\/span><\/a><\/li><li>Casseforti in Cile: Santiago, Vi\u00f1a del Mar, Concepci\u00f3n e altre citt\u00e0. <a href=\"https:\/\/arcasgruber.com\/cajas-fuertes-chile\/\"><span style=\"text-decoration: underline;\"><strong>Scopri dove distribuiamo casseforti in Cile<\/strong><\/span><\/a><\/li><li>Casseforti in Ecuador: Quito, Guayaquil e altro. <a href=\"https:\/\/arcasgruber.com\/cajas-fuertes-ecuador\/\"><span style=\"text-decoration: underline;\"><strong>Scopri le nostre casseforti in Ecuador<\/strong><\/span><\/a><\/li><li>Casseforti in Per\u00f9: Lima, Arequipa, Trujillo e altre citt\u00e0. <a href=\"https:\/\/arcasgruber.com\/cajas-fuertes-peru\/\"><span style=\"text-decoration: underline;\"><strong>Scopri la nostra presenza in Per\u00f9<\/strong><\/span><\/a><\/li><li>Casseforti in Uruguay: Montevideo e altre regioni. <a href=\"https:\/\/arcasgruber.com\/cajas-fuertes-uruguay\/\"><span style=\"text-decoration: underline;\"><strong>Scopri dove acquistare in Uruguay<\/strong><\/span><\/a><\/li><li>Casseforti in Messico: Citt\u00e0 del Messico, Monterrey, Guadalajara e altro. <a href=\"https:\/\/arcasgruber.com\/cajas-fuertes-mexico\/\"><span style=\"text-decoration: underline;\"><strong>Visita i nostri punti vendita in Messico<\/strong><\/span><\/a><\/li><\/ul>\n\t\t\t\t\t<\/div>\n\t\t\t\t\t\t<\/div>\n\t\t\t\t<\/div>\n\t\t\t\t\t<\/div>\n\t\t<\/div>\n\t\t\t\t<div class=\"has_ae_slider elementor-column elementor-col-50 elementor-top-column elementor-element elementor-element-ad55661 ae-bg-gallery-type-default\" data-id=\"ad55661\" data-element_type=\"column\">\n\t\t\t<div class=\"elementor-widget-wrap elementor-element-populated\">\n\t\t\t\t\t\t<div class=\"elementor-element elementor-element-394f24e elementor-widget elementor-widget-wd_image_or_svg\" data-id=\"394f24e\" data-element_type=\"widget\" data-widget_type=\"wd_image_or_svg.default\">\n\t\t\t\t<div class=\"elementor-widget-container\">\n\t\t\t\t\t\n\t\t<div class=\"wd-image text-left\">\n\t\t\t\t\t\t\t\t<img fetchpriority=\"high\" decoding=\"async\" width=\"2048\" height=\"2048\" src=\"https:\/\/arcasgruber.com\/wp-content\/uploads\/2025\/07\/gruber_abu_dhabi_safes.webp\" class=\"attachment-full size-full\" alt=\"Abu Dhabi Security Safes | High-Security Safes UAE \u2013 Arcas Gruber\" srcset=\"https:\/\/arcasgruber.com\/wp-content\/uploads\/2025\/07\/gruber_abu_dhabi_safes.webp 2048w, https:\/\/arcasgruber.com\/wp-content\/uploads\/2025\/07\/gruber_abu_dhabi_safes-300x300.webp 300w, https:\/\/arcasgruber.com\/wp-content\/uploads\/2025\/07\/gruber_abu_dhabi_safes-800x800.webp 800w, https:\/\/arcasgruber.com\/wp-content\/uploads\/2025\/07\/gruber_abu_dhabi_safes-150x150.webp 150w, https:\/\/arcasgruber.com\/wp-content\/uploads\/2025\/07\/gruber_abu_dhabi_safes-768x768.webp 768w, https:\/\/arcasgruber.com\/wp-content\/uploads\/2025\/07\/gruber_abu_dhabi_safes-1536x1536.webp 1536w, https:\/\/arcasgruber.com\/wp-content\/uploads\/2025\/07\/gruber_abu_dhabi_safes-860x860.webp 860w, https:\/\/arcasgruber.com\/wp-content\/uploads\/2025\/07\/gruber_abu_dhabi_safes-430x430.webp 430w, https:\/\/arcasgruber.com\/wp-content\/uploads\/2025\/07\/gruber_abu_dhabi_safes-700x700.webp 700w\" sizes=\"(max-width: 2048px) 100vw, 2048px\" \/>\t\t\t\t\t<\/div>\n\n\t\t\t\t\t\t<\/div>\n\t\t\t\t<\/div>\n\t\t\t\t\t<\/div>\n\t\t<\/div>\n\t\t\t\t\t<\/div>\n\t\t<\/section>\n\t\t\t\t<section class=\"has_ae_slider elementor-section elementor-top-section elementor-element elementor-element-3058f76 elementor-section-boxed elementor-section-height-default elementor-section-height-default wd-section-disabled ae-bg-gallery-type-default\" data-id=\"3058f76\" data-element_type=\"section\">\n\t\t\t\t\t\t<div class=\"elementor-container elementor-column-gap-default\">\n\t\t\t\t\t<div class=\"has_ae_slider elementor-column elementor-col-50 elementor-top-column elementor-element elementor-element-bca675c ae-bg-gallery-type-default\" data-id=\"bca675c\" data-element_type=\"column\">\n\t\t\t<div class=\"elementor-widget-wrap elementor-element-populated\">\n\t\t\t\t\t\t<div class=\"elementor-element elementor-element-b6c3fed elementor-widget elementor-widget-wd_text_block\" data-id=\"b6c3fed\" data-element_type=\"widget\" data-widget_type=\"wd_text_block.default\">\n\t\t\t\t<div class=\"elementor-widget-container\">\n\t\t\t\t\t\t\t<div class=\"wd-text-block reset-last-child text-left\">\n\t\t\t\n\t\t\t<h2>Esportiamo in Tutto il Mondo<\/h2><p>Arcas Gruber gestisce la logistica internazionale con la massima professionalit\u00e0. Il nostro reparto export assicura spedizioni fluide, certificate e perfettamente documentate verso ogni destinazione. Coordiniamo:<\/p><ul><li>Pratiche doganali<\/li><li>Trasporto internazionale (via mare, aereo e terra)<\/li><li>Certificati di origine e conformit\u00e0<\/li><li>Supporto all\u2019installazione su richiesta<\/li><\/ul><p>Che il tuo progetto sia in Italia, in Europa, o in qualsiasi altra regione (Medio Oriente, Africa, Asia, America), disponiamo delle competenze e della capacit\u00e0 per consegnare sicurezza certificata direttamente al tuo sito.<\/p><h2>I Nostri Mercati Internazionali<\/h2><p>Siamo orgogliosi di fornire le nostre soluzioni di sicurezza a clienti in numerosi paesi, tra cui:<\/p><ul><li>Italia, Francia, Belgio, Svizzera<\/li><li>Regno Unito<\/li><li>Arabia Saudita<\/li><li>Emirati Arabi Uniti<\/li><li>Stati Uniti<\/li><li>Canada<\/li><li>Australia<\/li><li>Singapore<\/li><li>Sudafrica<\/li><li>Norvegia, Svezia, Danimarca<\/li><li>E molti altri<\/li><\/ul>\n\t\t\t\t\t<\/div>\n\t\t\t\t\t\t<\/div>\n\t\t\t\t<\/div>\n\t\t\t\t\t<\/div>\n\t\t<\/div>\n\t\t\t\t<div class=\"has_ae_slider elementor-column elementor-col-50 elementor-top-column elementor-element elementor-element-d8e119a ae-bg-gallery-type-default\" data-id=\"d8e119a\" data-element_type=\"column\">\n\t\t\t<div class=\"elementor-widget-wrap elementor-element-populated\">\n\t\t\t\t\t\t<div class=\"elementor-element elementor-element-705ad52 elementor-widget elementor-widget-wd_text_block\" data-id=\"705ad52\" data-element_type=\"widget\" data-widget_type=\"wd_text_block.default\">\n\t\t\t\t<div class=\"elementor-widget-container\">\n\t\t\t\t\t\t\t<div class=\"wd-text-block reset-last-child text-left\">\n\t\t\t\n\t\t\t<h2>Soluzioni di Sicurezza Personalizzate per Ogni Settore<\/h2><p>Progettiamo e realizziamo soluzioni su misura per diversi settori:<\/p><ul><li><strong>Banche e Istituti Finanziari:<\/strong> Camere blindate, casseforti certificate, stanze di sicurezza, protezione per sportelli bancomat.<\/li><li><strong>Enti Governativi e Settore Militare:<\/strong> Deposito di alta sicurezza, protezione balistica, casseforti per armi e munizioni, armerie.<\/li><li><strong>Settore del Lusso:<\/strong> Camere blindate private per residenze di lusso, casseforti per gioielli e orologi.<\/li><li><strong>Data Center:<\/strong> Armadi ignifughi, armadi certificati per lo stoccaggio LTO, stanze server protette.<\/li><li><strong>Hotel e Strutture Ricettive:<\/strong> Casseforti da hotel, minibar, soluzioni di sicurezza per camere degli ospiti.<\/li><li><strong>Commercio e Retail:<\/strong> Casseforti a deposito, cassette di sicurezza notturne, sistemi di gestione del contante.<\/li><\/ul><h2>Perch\u00e9 Scegliere Arcas Gruber Come Partner Internazionale?<\/h2><ul><li>Oltre 100 anni di esperienza nella produzione<\/li><li>Prodotti di sicurezza completamente certificati<\/li><li>Ingegneria personalizzata per progetti specifici<\/li><li>Capacit\u00e0 produttiva flessibile per piccoli e grandi volumi<\/li><li>Reparto export dedicato<\/li><li>Assistenza post-vendita completa<\/li><li>Imballaggio professionale e gestione logistica internazionale<\/li><\/ul>\n\t\t\t\t\t<\/div>\n\t\t\t\t\t\t<\/div>\n\t\t\t\t<\/div>\n\t\t\t\t\t<\/div>\n\t\t<\/div>\n\t\t\t\t\t<\/div>\n\t\t<\/section>\n\t\t\t\t<section class=\"has_ae_slider elementor-section elementor-top-section elementor-element elementor-element-e258eb1 elementor-section-boxed elementor-section-height-default elementor-section-height-default wd-section-disabled ae-bg-gallery-type-default\" data-id=\"e258eb1\" data-element_type=\"section\">\n\t\t\t\t\t\t<div class=\"elementor-container elementor-column-gap-default\">\n\t\t\t\t\t<div class=\"has_ae_slider elementor-column elementor-col-100 elementor-top-column elementor-element elementor-element-9eae542 ae-bg-gallery-type-default\" data-id=\"9eae542\" data-element_type=\"column\">\n\t\t\t<div class=\"elementor-widget-wrap elementor-element-populated\">\n\t\t\t\t\t\t<div class=\"elementor-element elementor-element-f2a1507 elementor-widget elementor-widget-wd_text_block\" data-id=\"f2a1507\" data-element_type=\"widget\" data-widget_type=\"wd_text_block.default\">\n\t\t\t\t<div class=\"elementor-widget-container\">\n\t\t\t\t\t\t\t<div class=\"wd-text-block reset-last-child text-left\">\n\t\t\t\n\t\t\t<h2>Contatta il Nostro Team Commerciale Internazionale<\/h2><p>Scopri le nostre <span style=\"text-decoration: underline;\"><strong><a href=\"https:\/\/arcasgruber.com\/it\/casseforti\/\">casseforti<\/a><\/strong><\/span>, esplora le nostre <span style=\"text-decoration: underline;\"><strong><a href=\"https:\/\/arcasgruber.com\/it\/casseforti-certificate\/\">casseforti certificate<\/a><\/strong><\/span> o <span style=\"text-decoration: underline;\"><strong><a href=\"https:\/\/arcasgruber.com\/it\/contatto\/\">contatta il nostro team commerciale<\/a><\/strong><\/span> per ricevere assistenza e consulenza sui tuoi progetti di sicurezza in Italia o all'estero.<\/p><p>Se sei un distributore, installatore, project manager, integratore di sistemi di sicurezza o cliente finale in cerca di <span style=\"text-decoration: underline;\"><strong><a href=\"https:\/\/arcasgruber.com\/it\/casseforti\/\">casseforti certificate<\/a><\/strong><\/span> a livello internazionale, <span style=\"text-decoration: underline;\"><strong><a href=\"https:\/\/arcasgruber.com\/it\/contatto\/\">contatta oggi stesso il nostro team commerciale<\/a><\/strong><\/span> per ricevere consulenza e assistenza personalizzata.<\/p>\n\t\t\t\t\t<\/div>\n\t\t\t\t\t\t<\/div>\n\t\t\t\t<\/div>\n\t\t\t\t\t<\/div>\n\t\t<\/div>\n\t\t\t\t\t<\/div>\n\t\t<\/section>\n\t\t\t\t<\/div>\n\t\t","protected":false},"excerpt":{"rendered":"<p>In Arcas Gruber produciamo ed esportiamo con orgoglio casseforti di alta sicurezza e porte corazzate certificate a clienti in tutta<\/p>\n","protected":false},"author":3,"featured_media":0,"parent":0,"menu_order":0,"comment_status":"closed","ping_status":"closed","template":"","meta":{"_acf_changed":false,"footnotes":""},"class_list":["post-511331","page","type-page","status-publish","hentry"],"acf":[],"_links":{"self":[{"href":"https:\/\/arcasgruber.com\/it\/wp-json\/wp\/v2\/pages\/511331","targetHints":{"allow":["GET"]}}],"collection":[{"href":"https:\/\/arcasgruber.com\/it\/wp-json\/wp\/v2\/pages"}],"about":[{"href":"https:\/\/arcasgruber.com\/it\/wp-json\/wp\/v2\/types\/page"}],"author":[{"embeddable":true,"href":"https:\/\/arcasgruber.com\/it\/wp-json\/wp\/v2\/users\/3"}],"replies":[{"embeddable":true,"href":"https:\/\/arcasgruber.com\/it\/wp-json\/wp\/v2\/comments?post=511331"}],"version-history":[{"count":0,"href":"https:\/\/arcasgruber.com\/it\/wp-json\/wp\/v2\/pages\/511331\/revisions"}],"wp:attachment":[{"href":"https:\/\/arcasgruber.com\/it\/wp-json\/wp\/v2\/media?parent=511331"}],"curies":[{"name":"wp","href":"https:\/\/api.w.org\/{rel}","templated":true}]}}